{"id":777,"date":"2021-06-16T11:51:49","date_gmt":"2021-06-16T11:51:49","guid":{"rendered":"https:\/\/mayula.eu\/?post_type=product&#038;p=777"},"modified":"2024-06-28T20:02:46","modified_gmt":"2024-06-28T20:02:46","slug":"lettres-de-fleurs-sechees-avec-cadres","status":"publish","type":"product","link":"https:\/\/mayula.eu\/fr\/producto\/lettres-de-fleurs-sechees-avec-cadres\/","title":{"rendered":"LETTRES DE FLEURS S\u00c9CH\u00c9ES AVEC CADRE"},"content":{"rendered":"<p>Afin de maintenir plus longtemps les fleurs s\u00e9ch\u00e9es , evitez l&#8217;exposition au soleil directe dans le cas contraire cela acc\u00e9l\u00e8re la perte de couleur, ne pas les mouiller , \u00e9vitez de les mettre dans un environnement humide et \u00e9viter les courant d&#8217;air<\/p>\n","protected":false},"excerpt":{"rendered":"<p>Nous vous proposons deux fa\u00e7ons d&#8217;offrir des initiales florales, avec ou <a href=\"https:\/\/mayula.eu\/fr\/producto\/lettres-en-fleurs-sechees-et-preserves-la-petite-mayula\/\">sans cadres<\/a>. C&#8217;est le cadeau id\u00e9al pour des naissances, anniversaires , mariages ..Si tu aimes tout ce qui brille, nous cr\u00e9ons aussi\u00a0 des initiales avec des rajouts de bijoux de fantaisies. Tu peux choisir pour toutes nos lettres florales une couleurs, si tu pr\u00e9f\u00e8res les nuances plus douces ou plus color\u00e9es, plus naturelles transmet nous ton souhait et nous le r\u00e9alisons avec grand plaisir, une fois r\u00e9alis\u00e9 nous t&#8217;envoyons une photo et apr\u00e8s validation ta lettre est pr\u00eate \u00e0 \u00eatre envoy\u00e9e.<\/p>\n<p>Nos cadres pour les lettres, sont blancs et peuvent \u00eatre soit \u00e0 poser ou \u00e0 accrocher.<\/p>\n<p>Une vitre en plexiglass prot\u00e8ge la lettre en fleur s\u00e9ch\u00e9es.<\/p>\n<p>&nbsp;<\/p>\n<p>&nbsp;<\/p>\n","protected":false},"featured_media":3049,"template":"","meta":{"_joinchat":[]},"product_brand":[],"product_cat":[32],"product_tag":[66],"class_list":{"0":"post-777","1":"product","2":"type-product","3":"status-publish","4":"has-post-thumbnail","6":"product_cat-fleur-stabilisee-sechee","7":"product_tag-letras-enmarcadas-fr","8":"pa_color-colores-alegres-fr","9":"pa_color-la-fleuriste-choisit-pour-toi-fr","10":"pa_color-naturel-fr","12":"first","13":"instock","14":"shipping-taxable","15":"purchasable","16":"product-type-variable"},"yoast_head":"<!-- This site is optimized with the Yoast SEO plugin v26.1.1 - https:\/\/yoast.com\/wordpress\/plugins\/seo\/ -->\n<title>Lettres florales avec cadres La petite Mayula<\/title>\n<meta name=\"description\" content=\"Lettres fleurs s\u00e9ch\u00e9es avec cadre La petite Mayula. Choisissez votre couleur. Envoie France m\u00e9tropolitaine et espagne\" \/>\n<meta name=\"robots\" content=\"index, follow, max-snippet:-1, max-image-preview:large, max-video-preview:-1\" \/>\n<link rel=\"canonical\" href=\"https:\/\/mayula.eu\/fr\/producto\/lettres-de-fleurs-sechees-avec-cadres\/\" \/>\n<meta property=\"og:locale\" content=\"fr_FR\" \/>\n<meta property=\"og:type\" content=\"article\" \/>\n<meta property=\"og:title\" content=\"Lettres florales avec cadres La petite Mayula\" \/>\n<meta property=\"og:description\" content=\"Lettres fleurs s\u00e9ch\u00e9es avec cadre La petite Mayula. Choisissez votre couleur. Envoie France m\u00e9tropolitaine et espagne\" \/>\n<meta property=\"og:url\" content=\"https:\/\/mayula.eu\/fr\/producto\/lettres-de-fleurs-sechees-avec-cadres\/\" \/>\n<meta property=\"og:site_name\" content=\"Mayula Flores\" \/>\n<meta property=\"article:modified_time\" content=\"2024-06-28T20:02:46+00:00\" \/>\n<meta property=\"og:image\" content=\"https:\/\/mayula.eu\/wp-content\/uploads\/2023\/03\/IMG_9452-scaled.jpg\" \/>\n\t<meta property=\"og:image:width\" content=\"2560\" \/>\n\t<meta property=\"og:image:height\" content=\"2560\" \/>\n\t<meta property=\"og:image:type\" content=\"image\/jpeg\" \/>\n<meta name=\"twitter:card\" content=\"summary_large_image\" \/>\n<meta name=\"twitter:label1\" content=\"Est. reading time\" \/>\n\t<meta name=\"twitter:data1\" content=\"1 minute\" \/>\n<script type=\"application\/ld+json\" class=\"yoast-schema-graph\">{\"@context\":\"https:\/\/schema.org\",\"@graph\":[{\"@type\":\"WebPage\",\"@id\":\"https:\/\/mayula.eu\/fr\/producto\/lettres-de-fleurs-sechees-avec-cadres\/\",\"url\":\"https:\/\/mayula.eu\/fr\/producto\/lettres-de-fleurs-sechees-avec-cadres\/\",\"name\":\"Lettres florales avec cadres La petite Mayula\",\"isPartOf\":{\"@id\":\"https:\/\/mayula.eu\/#website\"},\"primaryImageOfPage\":{\"@id\":\"https:\/\/mayula.eu\/fr\/producto\/lettres-de-fleurs-sechees-avec-cadres\/#primaryimage\"},\"image\":{\"@id\":\"https:\/\/mayula.eu\/fr\/producto\/lettres-de-fleurs-sechees-avec-cadres\/#primaryimage\"},\"thumbnailUrl\":\"https:\/\/mayula.eu\/wp-content\/uploads\/2023\/03\/IMG_9452-scaled.jpg\",\"datePublished\":\"2021-06-16T11:51:49+00:00\",\"dateModified\":\"2024-06-28T20:02:46+00:00\",\"description\":\"Lettres fleurs s\u00e9ch\u00e9es avec cadre La petite Mayula. Choisissez votre couleur. Envoie France m\u00e9tropolitaine et espagne\",\"breadcrumb\":{\"@id\":\"https:\/\/mayula.eu\/fr\/producto\/lettres-de-fleurs-sechees-avec-cadres\/#breadcrumb\"},\"inLanguage\":\"fr-FR\",\"potentialAction\":[{\"@type\":\"ReadAction\",\"target\":[\"https:\/\/mayula.eu\/fr\/producto\/lettres-de-fleurs-sechees-avec-cadres\/\"]}]},{\"@type\":\"ImageObject\",\"inLanguage\":\"fr-FR\",\"@id\":\"https:\/\/mayula.eu\/fr\/producto\/lettres-de-fleurs-sechees-avec-cadres\/#primaryimage\",\"url\":\"https:\/\/mayula.eu\/wp-content\/uploads\/2023\/03\/IMG_9452-scaled.jpg\",\"contentUrl\":\"https:\/\/mayula.eu\/wp-content\/uploads\/2023\/03\/IMG_9452-scaled.jpg\",\"width\":2560,\"height\":2560,\"caption\":\"lettres-de-fleurs-sechees-avec-cadre- Mayula Hendaye\"},{\"@type\":\"BreadcrumbList\",\"@id\":\"https:\/\/mayula.eu\/fr\/producto\/lettres-de-fleurs-sechees-avec-cadres\/#breadcrumb\",\"itemListElement\":[{\"@type\":\"ListItem\",\"position\":1,\"name\":\"Portada\",\"item\":\"https:\/\/mayula.eu\/fr\/\"},{\"@type\":\"ListItem\",\"position\":2,\"name\":\"Boutique\",\"item\":\"https:\/\/mayula.eu\/fr\/boutique\/\"},{\"@type\":\"ListItem\",\"position\":3,\"name\":\"LETTRES DE FLEURS S\u00c9CH\u00c9ES AVEC CADRE\"}]},{\"@type\":\"WebSite\",\"@id\":\"https:\/\/mayula.eu\/#website\",\"url\":\"https:\/\/mayula.eu\/\",\"name\":\"Mayula Flores\",\"description\":\"Florista . Env\u00edo domicilio\",\"potentialAction\":[{\"@type\":\"SearchAction\",\"target\":{\"@type\":\"EntryPoint\",\"urlTemplate\":\"https:\/\/mayula.eu\/?s={search_term_string}\"},\"query-input\":{\"@type\":\"PropertyValueSpecification\",\"valueRequired\":true,\"valueName\":\"search_term_string\"}}],\"inLanguage\":\"fr-FR\"}]}<\/script>\n<!-- \/ Yoast SEO plugin. -->","yoast_head_json":{"title":"Lettres florales avec cadres La petite Mayula","description":"Lettres fleurs s\u00e9ch\u00e9es avec cadre La petite Mayula. Choisissez votre couleur. Envoie France m\u00e9tropolitaine et espagne","robots":{"index":"index","follow":"follow","max-snippet":"max-snippet:-1","max-image-preview":"max-image-preview:large","max-video-preview":"max-video-preview:-1"},"canonical":"https:\/\/mayula.eu\/fr\/producto\/lettres-de-fleurs-sechees-avec-cadres\/","og_locale":"fr_FR","og_type":"article","og_title":"Lettres florales avec cadres La petite Mayula","og_description":"Lettres fleurs s\u00e9ch\u00e9es avec cadre La petite Mayula. Choisissez votre couleur. Envoie France m\u00e9tropolitaine et espagne","og_url":"https:\/\/mayula.eu\/fr\/producto\/lettres-de-fleurs-sechees-avec-cadres\/","og_site_name":"Mayula Flores","article_modified_time":"2024-06-28T20:02:46+00:00","og_image":[{"width":2560,"height":2560,"url":"https:\/\/mayula.eu\/wp-content\/uploads\/2023\/03\/IMG_9452-scaled.jpg","type":"image\/jpeg"}],"twitter_card":"summary_large_image","twitter_misc":{"Est. reading time":"1 minute"},"schema":{"@context":"https:\/\/schema.org","@graph":[{"@type":"WebPage","@id":"https:\/\/mayula.eu\/fr\/producto\/lettres-de-fleurs-sechees-avec-cadres\/","url":"https:\/\/mayula.eu\/fr\/producto\/lettres-de-fleurs-sechees-avec-cadres\/","name":"Lettres florales avec cadres La petite Mayula","isPartOf":{"@id":"https:\/\/mayula.eu\/#website"},"primaryImageOfPage":{"@id":"https:\/\/mayula.eu\/fr\/producto\/lettres-de-fleurs-sechees-avec-cadres\/#primaryimage"},"image":{"@id":"https:\/\/mayula.eu\/fr\/producto\/lettres-de-fleurs-sechees-avec-cadres\/#primaryimage"},"thumbnailUrl":"https:\/\/mayula.eu\/wp-content\/uploads\/2023\/03\/IMG_9452-scaled.jpg","datePublished":"2021-06-16T11:51:49+00:00","dateModified":"2024-06-28T20:02:46+00:00","description":"Lettres fleurs s\u00e9ch\u00e9es avec cadre La petite Mayula. Choisissez votre couleur. Envoie France m\u00e9tropolitaine et espagne","breadcrumb":{"@id":"https:\/\/mayula.eu\/fr\/producto\/lettres-de-fleurs-sechees-avec-cadres\/#breadcrumb"},"inLanguage":"fr-FR","potentialAction":[{"@type":"ReadAction","target":["https:\/\/mayula.eu\/fr\/producto\/lettres-de-fleurs-sechees-avec-cadres\/"]}]},{"@type":"ImageObject","inLanguage":"fr-FR","@id":"https:\/\/mayula.eu\/fr\/producto\/lettres-de-fleurs-sechees-avec-cadres\/#primaryimage","url":"https:\/\/mayula.eu\/wp-content\/uploads\/2023\/03\/IMG_9452-scaled.jpg","contentUrl":"https:\/\/mayula.eu\/wp-content\/uploads\/2023\/03\/IMG_9452-scaled.jpg","width":2560,"height":2560,"caption":"lettres-de-fleurs-sechees-avec-cadre- Mayula Hendaye"},{"@type":"BreadcrumbList","@id":"https:\/\/mayula.eu\/fr\/producto\/lettres-de-fleurs-sechees-avec-cadres\/#breadcrumb","itemListElement":[{"@type":"ListItem","position":1,"name":"Portada","item":"https:\/\/mayula.eu\/fr\/"},{"@type":"ListItem","position":2,"name":"Boutique","item":"https:\/\/mayula.eu\/fr\/boutique\/"},{"@type":"ListItem","position":3,"name":"LETTRES DE FLEURS S\u00c9CH\u00c9ES AVEC CADRE"}]},{"@type":"WebSite","@id":"https:\/\/mayula.eu\/#website","url":"https:\/\/mayula.eu\/","name":"Mayula Flores","description":"Florista . Env\u00edo domicilio","potentialAction":[{"@type":"SearchAction","target":{"@type":"EntryPoint","urlTemplate":"https:\/\/mayula.eu\/?s={search_term_string}"},"query-input":{"@type":"PropertyValueSpecification","valueRequired":true,"valueName":"search_term_string"}}],"inLanguage":"fr-FR"}]}},"_links":{"self":[{"href":"https:\/\/mayula.eu\/fr\/wp-json\/wp\/v2\/product\/777","targetHints":{"allow":["GET"]}}],"collection":[{"href":"https:\/\/mayula.eu\/fr\/wp-json\/wp\/v2\/product"}],"about":[{"href":"https:\/\/mayula.eu\/fr\/wp-json\/wp\/v2\/types\/product"}],"wp:featuredmedia":[{"embeddable":true,"href":"https:\/\/mayula.eu\/fr\/wp-json\/wp\/v2\/media\/3049"}],"wp:attachment":[{"href":"https:\/\/mayula.eu\/fr\/wp-json\/wp\/v2\/media?parent=777"}],"wp:term":[{"taxonomy":"product_brand","embeddable":true,"href":"https:\/\/mayula.eu\/fr\/wp-json\/wp\/v2\/product_brand?post=777"},{"taxonomy":"product_cat","embeddable":true,"href":"https:\/\/mayula.eu\/fr\/wp-json\/wp\/v2\/product_cat?post=777"},{"taxonomy":"product_tag","embeddable":true,"href":"https:\/\/mayula.eu\/fr\/wp-json\/wp\/v2\/product_tag?post=777"}],"curies":[{"name":"wp","href":"https:\/\/api.w.org\/{rel}","templated":true}]}}