{"id":5839,"date":"2024-06-28T20:04:32","date_gmt":"2024-06-28T20:04:32","guid":{"rendered":"https:\/\/mayula.eu\/?post_type=product&#038;p=5839"},"modified":"2024-06-28T20:04:32","modified_gmt":"2024-06-28T20:04:32","slug":"fleurs-dans-la-tete","status":"publish","type":"product","link":"https:\/\/mayula.eu\/fr\/producto\/fleurs-dans-la-tete\/","title":{"rendered":"FLEURS DANS LA T\u00caTE"},"content":{"rendered":"<p>Tous nos cadres \u00ab\u00a0 Fleurs dans \u00a0la t\u00eate\u00a0\u00bb sont diff\u00e9rents, donc l&#8217;id\u00e9al est que vous nous contactiez, nous vous enverrons ceux que nous avons \u00e0 ce moment-l\u00e0 et si aucun d&#8217;entre eux ne vous convient, pas de soucis , on peut vous en faire un sur mesure. Si vous souhaitez changer de cadre, contactez-nous et nous vous enverrons les options de cadre possibles. Le tableau peut \u00eatre accroch\u00e9 ou \u00e1 poser, il peut ainsi d\u00e9corer un mur ou une \u00e9tag\u00e8re (ou un meuble).<\/p>\n","protected":false},"excerpt":{"rendered":"<p>Tous nos cadres \u00ab\u00a0 Fleurs dans \u00a0la t\u00eate\u00a0\u00bb sont diff\u00e9rents, donc l&#8217;id\u00e9al est que vous nous contactiez, nous vous enverrons ceux que nous avons \u00e0 ce moment-l\u00e0 et si aucun d&#8217;entre eux ne vous convient, pas de soucis , on peut vous en faire un sur mesure. Si vous souhaitez changer de cadre, contactez-nous et nous vous enverrons les options de cadre possibles. Le tableau peut \u00eatre accroch\u00e9 ou \u00e1 poser, il peut ainsi d\u00e9corer un mur ou une \u00e9tag\u00e8re (ou un meuble).<\/p>\n","protected":false},"featured_media":5818,"template":"","meta":{"_joinchat":[]},"product_brand":[],"product_cat":[32],"product_tag":[],"class_list":{"0":"post-5839","1":"product","2":"type-product","3":"status-publish","4":"has-post-thumbnail","6":"product_cat-fleur-stabilisee-sechee","8":"first","9":"instock","10":"shipping-taxable","11":"purchasable","12":"product-type-variable"},"yoast_head":"<!-- This site is optimized with the Yoast SEO plugin v26.1.1 - https:\/\/yoast.com\/wordpress\/plugins\/seo\/ -->\n<title>FLEURS DANS LA T\u00caTE - Mayula Flores<\/title>\n<meta name=\"description\" content=\"Tous nos cadres \u00ab\u00a0 Fleurs dans \u00a0la t\u00eate\u00a0\u00bb sont diff\u00e9rents, donc l&#039;id\u00e9al est que vous nous contactiez, nous vous enverrons ceux que nous avons \u00e0 ce moment-l\u00e0 et si aucun d&#039;entre eux ne vous convient, pas de soucis , on peut vous en faire un sur mesure.\" \/>\n<meta name=\"robots\" content=\"index, follow, max-snippet:-1, max-image-preview:large, max-video-preview:-1\" \/>\n<link rel=\"canonical\" href=\"https:\/\/mayula.eu\/fr\/producto\/fleurs-dans-la-tete\/\" \/>\n<meta property=\"og:locale\" content=\"fr_FR\" \/>\n<meta property=\"og:type\" content=\"article\" \/>\n<meta property=\"og:title\" content=\"FLEURS DANS LA T\u00caTE - Mayula Flores\" \/>\n<meta property=\"og:description\" content=\"Tous nos cadres \u00ab\u00a0 Fleurs dans \u00a0la t\u00eate\u00a0\u00bb sont diff\u00e9rents, donc l&#039;id\u00e9al est que vous nous contactiez, nous vous enverrons ceux que nous avons \u00e0 ce moment-l\u00e0 et si aucun d&#039;entre eux ne vous convient, pas de soucis , on peut vous en faire un sur mesure.\" \/>\n<meta property=\"og:url\" content=\"https:\/\/mayula.eu\/fr\/producto\/fleurs-dans-la-tete\/\" \/>\n<meta property=\"og:site_name\" content=\"Mayula Flores\" \/>\n<meta property=\"og:image\" content=\"https:\/\/mayula.eu\/wp-content\/uploads\/2024\/06\/IMG_2408-scaled.jpg\" \/>\n\t<meta property=\"og:image:width\" content=\"2560\" \/>\n\t<meta property=\"og:image:height\" content=\"2560\" \/>\n\t<meta property=\"og:image:type\" content=\"image\/jpeg\" \/>\n<meta name=\"twitter:card\" content=\"summary_large_image\" \/>\n<script type=\"application\/ld+json\" class=\"yoast-schema-graph\">{\"@context\":\"https:\/\/schema.org\",\"@graph\":[{\"@type\":\"WebPage\",\"@id\":\"https:\/\/mayula.eu\/fr\/producto\/fleurs-dans-la-tete\/\",\"url\":\"https:\/\/mayula.eu\/fr\/producto\/fleurs-dans-la-tete\/\",\"name\":\"FLEURS DANS LA T\u00caTE - Mayula Flores\",\"isPartOf\":{\"@id\":\"https:\/\/mayula.eu\/#website\"},\"primaryImageOfPage\":{\"@id\":\"https:\/\/mayula.eu\/fr\/producto\/fleurs-dans-la-tete\/#primaryimage\"},\"image\":{\"@id\":\"https:\/\/mayula.eu\/fr\/producto\/fleurs-dans-la-tete\/#primaryimage\"},\"thumbnailUrl\":\"https:\/\/mayula.eu\/wp-content\/uploads\/2024\/06\/IMG_2408-scaled.jpg\",\"datePublished\":\"2024-06-28T20:04:32+00:00\",\"description\":\"Tous nos cadres \u00ab\u00a0 Fleurs dans \u00a0la t\u00eate\u00a0\u00bb sont diff\u00e9rents, donc l'id\u00e9al est que vous nous contactiez, nous vous enverrons ceux que nous avons \u00e0 ce moment-l\u00e0 et si aucun d'entre eux ne vous convient, pas de soucis , on peut vous en faire un sur mesure.\",\"breadcrumb\":{\"@id\":\"https:\/\/mayula.eu\/fr\/producto\/fleurs-dans-la-tete\/#breadcrumb\"},\"inLanguage\":\"fr-FR\",\"potentialAction\":[{\"@type\":\"ReadAction\",\"target\":[\"https:\/\/mayula.eu\/fr\/producto\/fleurs-dans-la-tete\/\"]}]},{\"@type\":\"ImageObject\",\"inLanguage\":\"fr-FR\",\"@id\":\"https:\/\/mayula.eu\/fr\/producto\/fleurs-dans-la-tete\/#primaryimage\",\"url\":\"https:\/\/mayula.eu\/wp-content\/uploads\/2024\/06\/IMG_2408-scaled.jpg\",\"contentUrl\":\"https:\/\/mayula.eu\/wp-content\/uploads\/2024\/06\/IMG_2408-scaled.jpg\",\"width\":2560,\"height\":2560,\"caption\":\"Fleurs dans la t\u00eate\"},{\"@type\":\"BreadcrumbList\",\"@id\":\"https:\/\/mayula.eu\/fr\/producto\/fleurs-dans-la-tete\/#breadcrumb\",\"itemListElement\":[{\"@type\":\"ListItem\",\"position\":1,\"name\":\"Portada\",\"item\":\"https:\/\/mayula.eu\/fr\/\"},{\"@type\":\"ListItem\",\"position\":2,\"name\":\"Boutique\",\"item\":\"https:\/\/mayula.eu\/fr\/boutique\/\"},{\"@type\":\"ListItem\",\"position\":3,\"name\":\"FLEURS DANS LA T\u00caTE\"}]},{\"@type\":\"WebSite\",\"@id\":\"https:\/\/mayula.eu\/#website\",\"url\":\"https:\/\/mayula.eu\/\",\"name\":\"Mayula Flores\",\"description\":\"Florista . Env\u00edo domicilio\",\"potentialAction\":[{\"@type\":\"SearchAction\",\"target\":{\"@type\":\"EntryPoint\",\"urlTemplate\":\"https:\/\/mayula.eu\/?s={search_term_string}\"},\"query-input\":{\"@type\":\"PropertyValueSpecification\",\"valueRequired\":true,\"valueName\":\"search_term_string\"}}],\"inLanguage\":\"fr-FR\"}]}<\/script>\n<!-- \/ Yoast SEO plugin. -->","yoast_head_json":{"title":"FLEURS DANS LA T\u00caTE - Mayula Flores","description":"Tous nos cadres \u00ab\u00a0 Fleurs dans \u00a0la t\u00eate\u00a0\u00bb sont diff\u00e9rents, donc l'id\u00e9al est que vous nous contactiez, nous vous enverrons ceux que nous avons \u00e0 ce moment-l\u00e0 et si aucun d'entre eux ne vous convient, pas de soucis , on peut vous en faire un sur mesure.","robots":{"index":"index","follow":"follow","max-snippet":"max-snippet:-1","max-image-preview":"max-image-preview:large","max-video-preview":"max-video-preview:-1"},"canonical":"https:\/\/mayula.eu\/fr\/producto\/fleurs-dans-la-tete\/","og_locale":"fr_FR","og_type":"article","og_title":"FLEURS DANS LA T\u00caTE - Mayula Flores","og_description":"Tous nos cadres \u00ab\u00a0 Fleurs dans \u00a0la t\u00eate\u00a0\u00bb sont diff\u00e9rents, donc l'id\u00e9al est que vous nous contactiez, nous vous enverrons ceux que nous avons \u00e0 ce moment-l\u00e0 et si aucun d'entre eux ne vous convient, pas de soucis , on peut vous en faire un sur mesure.","og_url":"https:\/\/mayula.eu\/fr\/producto\/fleurs-dans-la-tete\/","og_site_name":"Mayula Flores","og_image":[{"width":2560,"height":2560,"url":"https:\/\/mayula.eu\/wp-content\/uploads\/2024\/06\/IMG_2408-scaled.jpg","type":"image\/jpeg"}],"twitter_card":"summary_large_image","schema":{"@context":"https:\/\/schema.org","@graph":[{"@type":"WebPage","@id":"https:\/\/mayula.eu\/fr\/producto\/fleurs-dans-la-tete\/","url":"https:\/\/mayula.eu\/fr\/producto\/fleurs-dans-la-tete\/","name":"FLEURS DANS LA T\u00caTE - Mayula Flores","isPartOf":{"@id":"https:\/\/mayula.eu\/#website"},"primaryImageOfPage":{"@id":"https:\/\/mayula.eu\/fr\/producto\/fleurs-dans-la-tete\/#primaryimage"},"image":{"@id":"https:\/\/mayula.eu\/fr\/producto\/fleurs-dans-la-tete\/#primaryimage"},"thumbnailUrl":"https:\/\/mayula.eu\/wp-content\/uploads\/2024\/06\/IMG_2408-scaled.jpg","datePublished":"2024-06-28T20:04:32+00:00","description":"Tous nos cadres \u00ab\u00a0 Fleurs dans \u00a0la t\u00eate\u00a0\u00bb sont diff\u00e9rents, donc l'id\u00e9al est que vous nous contactiez, nous vous enverrons ceux que nous avons \u00e0 ce moment-l\u00e0 et si aucun d'entre eux ne vous convient, pas de soucis , on peut vous en faire un sur mesure.","breadcrumb":{"@id":"https:\/\/mayula.eu\/fr\/producto\/fleurs-dans-la-tete\/#breadcrumb"},"inLanguage":"fr-FR","potentialAction":[{"@type":"ReadAction","target":["https:\/\/mayula.eu\/fr\/producto\/fleurs-dans-la-tete\/"]}]},{"@type":"ImageObject","inLanguage":"fr-FR","@id":"https:\/\/mayula.eu\/fr\/producto\/fleurs-dans-la-tete\/#primaryimage","url":"https:\/\/mayula.eu\/wp-content\/uploads\/2024\/06\/IMG_2408-scaled.jpg","contentUrl":"https:\/\/mayula.eu\/wp-content\/uploads\/2024\/06\/IMG_2408-scaled.jpg","width":2560,"height":2560,"caption":"Fleurs dans la t\u00eate"},{"@type":"BreadcrumbList","@id":"https:\/\/mayula.eu\/fr\/producto\/fleurs-dans-la-tete\/#breadcrumb","itemListElement":[{"@type":"ListItem","position":1,"name":"Portada","item":"https:\/\/mayula.eu\/fr\/"},{"@type":"ListItem","position":2,"name":"Boutique","item":"https:\/\/mayula.eu\/fr\/boutique\/"},{"@type":"ListItem","position":3,"name":"FLEURS DANS LA T\u00caTE"}]},{"@type":"WebSite","@id":"https:\/\/mayula.eu\/#website","url":"https:\/\/mayula.eu\/","name":"Mayula Flores","description":"Florista . Env\u00edo domicilio","potentialAction":[{"@type":"SearchAction","target":{"@type":"EntryPoint","urlTemplate":"https:\/\/mayula.eu\/?s={search_term_string}"},"query-input":{"@type":"PropertyValueSpecification","valueRequired":true,"valueName":"search_term_string"}}],"inLanguage":"fr-FR"}]}},"_links":{"self":[{"href":"https:\/\/mayula.eu\/fr\/wp-json\/wp\/v2\/product\/5839","targetHints":{"allow":["GET"]}}],"collection":[{"href":"https:\/\/mayula.eu\/fr\/wp-json\/wp\/v2\/product"}],"about":[{"href":"https:\/\/mayula.eu\/fr\/wp-json\/wp\/v2\/types\/product"}],"wp:featuredmedia":[{"embeddable":true,"href":"https:\/\/mayula.eu\/fr\/wp-json\/wp\/v2\/media\/5818"}],"wp:attachment":[{"href":"https:\/\/mayula.eu\/fr\/wp-json\/wp\/v2\/media?parent=5839"}],"wp:term":[{"taxonomy":"product_brand","embeddable":true,"href":"https:\/\/mayula.eu\/fr\/wp-json\/wp\/v2\/product_brand?post=5839"},{"taxonomy":"product_cat","embeddable":true,"href":"https:\/\/mayula.eu\/fr\/wp-json\/wp\/v2\/product_cat?post=5839"},{"taxonomy":"product_tag","embeddable":true,"href":"https:\/\/mayula.eu\/fr\/wp-json\/wp\/v2\/product_tag?post=5839"}],"curies":[{"name":"wp","href":"https:\/\/api.w.org\/{rel}","templated":true}]}}