{"id":559,"date":"2017-12-06T16:25:46","date_gmt":"2017-12-06T16:25:46","guid":{"rendered":"https:\/\/mayula.eu\/producto\/duo-de-petits-vases-avec-fleurs-sehees\/"},"modified":"2021-11-15T00:02:03","modified_gmt":"2021-11-15T00:02:03","slug":"duo-de-petits-vases-avec-fleurs-sehees","status":"publish","type":"product","link":"https:\/\/mayula.eu\/fr\/producto\/duo-de-petits-vases-avec-fleurs-sehees\/","title":{"rendered":"DUO DE PETITS VASES AVEC FLEURS S\u00c9CH\u00c9ES"},"content":{"rendered":"<p>Le lot de 2 petits vases en verre (les vases peuvent \u00eatre les 2 pareilles ou faire un panache au m\u00eame prix)<\/p>\n<p>Pour pr\u00e9server les fleurs s\u00e9ch\u00e9es , sur la dur\u00e9e, quelques astuces :<\/p>\n<p>Pas de soleil direct, pas d\u2019humidit\u00e9, et \u00e9viter les courant d\u2019air \u2026<\/p>\n","protected":false},"excerpt":{"rendered":"<p>Le lot de 2 petits vases en verre (les vases peuvent \u00eatre les 2 pareilles ou faire un panache au m\u00eame prix)<\/p>\n<p>Pour pr\u00e9server les fleurs s\u00e9ch\u00e9es, sur la dur\u00e9e, quelques astuces :<\/p>\n<p>Pas de soleil direct, pas d\u2019humidit\u00e9, et \u00e9viter les courant d\u2019air \u2026<\/p>\n","protected":false},"featured_media":431,"template":"","meta":{"_joinchat":[]},"product_brand":[],"product_cat":[32],"product_tag":[],"class_list":{"0":"post-559","1":"product","2":"type-product","3":"status-publish","4":"has-post-thumbnail","6":"product_cat-fleur-stabilisee-sechee","8":"first","9":"instock","10":"shipping-taxable","11":"purchasable","12":"product-type-variable"},"yoast_head":"<!-- This site is optimized with the Yoast SEO plugin v26.1.1 - https:\/\/yoast.com\/wordpress\/plugins\/seo\/ -->\n<title>Petits vases avec fleurs s\u00e9ch\u00e9es. La petite Mayula<\/title>\n<meta name=\"description\" content=\"Le lot de 2 petits vases en verre (les vases peuvent \u00eatre les 2 pareilles ou faire un panache au m\u00eame prix)\" \/>\n<meta name=\"robots\" content=\"index, follow, max-snippet:-1, max-image-preview:large, max-video-preview:-1\" \/>\n<link rel=\"canonical\" href=\"https:\/\/mayula.eu\/fr\/producto\/duo-de-petits-vases-avec-fleurs-sehees\/\" \/>\n<meta property=\"og:locale\" content=\"fr_FR\" \/>\n<meta property=\"og:type\" content=\"article\" \/>\n<meta property=\"og:title\" content=\"Petits vases avec fleurs s\u00e9ch\u00e9es. La petite Mayula\" \/>\n<meta property=\"og:description\" content=\"Le lot de 2 petits vases en verre (les vases peuvent \u00eatre les 2 pareilles ou faire un panache au m\u00eame prix)\" \/>\n<meta property=\"og:url\" content=\"https:\/\/mayula.eu\/fr\/producto\/duo-de-petits-vases-avec-fleurs-sehees\/\" \/>\n<meta property=\"og:site_name\" content=\"Mayula Flores\" \/>\n<meta property=\"article:modified_time\" content=\"2021-11-15T00:02:03+00:00\" \/>\n<meta property=\"og:image\" content=\"https:\/\/mayula.eu\/wp-content\/uploads\/2017\/12\/IMG_9658-2.jpg\" \/>\n\t<meta property=\"og:image:width\" content=\"640\" \/>\n\t<meta property=\"og:image:height\" content=\"640\" \/>\n\t<meta property=\"og:image:type\" content=\"image\/jpeg\" \/>\n<meta name=\"twitter:card\" content=\"summary_large_image\" \/>\n<script type=\"application\/ld+json\" class=\"yoast-schema-graph\">{\"@context\":\"https:\/\/schema.org\",\"@graph\":[{\"@type\":\"WebPage\",\"@id\":\"https:\/\/mayula.eu\/fr\/producto\/duo-de-petits-vases-avec-fleurs-sehees\/\",\"url\":\"https:\/\/mayula.eu\/fr\/producto\/duo-de-petits-vases-avec-fleurs-sehees\/\",\"name\":\"Petits vases avec fleurs s\u00e9ch\u00e9es. La petite Mayula\",\"isPartOf\":{\"@id\":\"https:\/\/mayula.eu\/#website\"},\"primaryImageOfPage\":{\"@id\":\"https:\/\/mayula.eu\/fr\/producto\/duo-de-petits-vases-avec-fleurs-sehees\/#primaryimage\"},\"image\":{\"@id\":\"https:\/\/mayula.eu\/fr\/producto\/duo-de-petits-vases-avec-fleurs-sehees\/#primaryimage\"},\"thumbnailUrl\":\"https:\/\/mayula.eu\/wp-content\/uploads\/2017\/12\/IMG_9658-2.jpg\",\"datePublished\":\"2017-12-06T16:25:46+00:00\",\"dateModified\":\"2021-11-15T00:02:03+00:00\",\"description\":\"Le lot de 2 petits vases en verre (les vases peuvent \u00eatre les 2 pareilles ou faire un panache au m\u00eame prix)\",\"breadcrumb\":{\"@id\":\"https:\/\/mayula.eu\/fr\/producto\/duo-de-petits-vases-avec-fleurs-sehees\/#breadcrumb\"},\"inLanguage\":\"fr-FR\",\"potentialAction\":[{\"@type\":\"ReadAction\",\"target\":[\"https:\/\/mayula.eu\/fr\/producto\/duo-de-petits-vases-avec-fleurs-sehees\/\"]}]},{\"@type\":\"ImageObject\",\"inLanguage\":\"fr-FR\",\"@id\":\"https:\/\/mayula.eu\/fr\/producto\/duo-de-petits-vases-avec-fleurs-sehees\/#primaryimage\",\"url\":\"https:\/\/mayula.eu\/wp-content\/uploads\/2017\/12\/IMG_9658-2.jpg\",\"contentUrl\":\"https:\/\/mayula.eu\/wp-content\/uploads\/2017\/12\/IMG_9658-2.jpg\",\"width\":640,\"height\":640,\"caption\":\"Duo de petits vases avec fleurs s\u00e9ch\u00e9es. La petite Mayula\"},{\"@type\":\"BreadcrumbList\",\"@id\":\"https:\/\/mayula.eu\/fr\/producto\/duo-de-petits-vases-avec-fleurs-sehees\/#breadcrumb\",\"itemListElement\":[{\"@type\":\"ListItem\",\"position\":1,\"name\":\"Portada\",\"item\":\"https:\/\/mayula.eu\/fr\/\"},{\"@type\":\"ListItem\",\"position\":2,\"name\":\"Boutique\",\"item\":\"https:\/\/mayula.eu\/fr\/boutique\/\"},{\"@type\":\"ListItem\",\"position\":3,\"name\":\"DUO DE PETITS VASES AVEC FLEURS S\u00c9CH\u00c9ES\"}]},{\"@type\":\"WebSite\",\"@id\":\"https:\/\/mayula.eu\/#website\",\"url\":\"https:\/\/mayula.eu\/\",\"name\":\"Mayula Flores\",\"description\":\"Florista . Env\u00edo domicilio\",\"potentialAction\":[{\"@type\":\"SearchAction\",\"target\":{\"@type\":\"EntryPoint\",\"urlTemplate\":\"https:\/\/mayula.eu\/?s={search_term_string}\"},\"query-input\":{\"@type\":\"PropertyValueSpecification\",\"valueRequired\":true,\"valueName\":\"search_term_string\"}}],\"inLanguage\":\"fr-FR\"}]}<\/script>\n<!-- \/ Yoast SEO plugin. -->","yoast_head_json":{"title":"Petits vases avec fleurs s\u00e9ch\u00e9es. La petite Mayula","description":"Le lot de 2 petits vases en verre (les vases peuvent \u00eatre les 2 pareilles ou faire un panache au m\u00eame prix)","robots":{"index":"index","follow":"follow","max-snippet":"max-snippet:-1","max-image-preview":"max-image-preview:large","max-video-preview":"max-video-preview:-1"},"canonical":"https:\/\/mayula.eu\/fr\/producto\/duo-de-petits-vases-avec-fleurs-sehees\/","og_locale":"fr_FR","og_type":"article","og_title":"Petits vases avec fleurs s\u00e9ch\u00e9es. La petite Mayula","og_description":"Le lot de 2 petits vases en verre (les vases peuvent \u00eatre les 2 pareilles ou faire un panache au m\u00eame prix)","og_url":"https:\/\/mayula.eu\/fr\/producto\/duo-de-petits-vases-avec-fleurs-sehees\/","og_site_name":"Mayula Flores","article_modified_time":"2021-11-15T00:02:03+00:00","og_image":[{"width":640,"height":640,"url":"https:\/\/mayula.eu\/wp-content\/uploads\/2017\/12\/IMG_9658-2.jpg","type":"image\/jpeg"}],"twitter_card":"summary_large_image","schema":{"@context":"https:\/\/schema.org","@graph":[{"@type":"WebPage","@id":"https:\/\/mayula.eu\/fr\/producto\/duo-de-petits-vases-avec-fleurs-sehees\/","url":"https:\/\/mayula.eu\/fr\/producto\/duo-de-petits-vases-avec-fleurs-sehees\/","name":"Petits vases avec fleurs s\u00e9ch\u00e9es. La petite Mayula","isPartOf":{"@id":"https:\/\/mayula.eu\/#website"},"primaryImageOfPage":{"@id":"https:\/\/mayula.eu\/fr\/producto\/duo-de-petits-vases-avec-fleurs-sehees\/#primaryimage"},"image":{"@id":"https:\/\/mayula.eu\/fr\/producto\/duo-de-petits-vases-avec-fleurs-sehees\/#primaryimage"},"thumbnailUrl":"https:\/\/mayula.eu\/wp-content\/uploads\/2017\/12\/IMG_9658-2.jpg","datePublished":"2017-12-06T16:25:46+00:00","dateModified":"2021-11-15T00:02:03+00:00","description":"Le lot de 2 petits vases en verre (les vases peuvent \u00eatre les 2 pareilles ou faire un panache au m\u00eame prix)","breadcrumb":{"@id":"https:\/\/mayula.eu\/fr\/producto\/duo-de-petits-vases-avec-fleurs-sehees\/#breadcrumb"},"inLanguage":"fr-FR","potentialAction":[{"@type":"ReadAction","target":["https:\/\/mayula.eu\/fr\/producto\/duo-de-petits-vases-avec-fleurs-sehees\/"]}]},{"@type":"ImageObject","inLanguage":"fr-FR","@id":"https:\/\/mayula.eu\/fr\/producto\/duo-de-petits-vases-avec-fleurs-sehees\/#primaryimage","url":"https:\/\/mayula.eu\/wp-content\/uploads\/2017\/12\/IMG_9658-2.jpg","contentUrl":"https:\/\/mayula.eu\/wp-content\/uploads\/2017\/12\/IMG_9658-2.jpg","width":640,"height":640,"caption":"Duo de petits vases avec fleurs s\u00e9ch\u00e9es. La petite Mayula"},{"@type":"BreadcrumbList","@id":"https:\/\/mayula.eu\/fr\/producto\/duo-de-petits-vases-avec-fleurs-sehees\/#breadcrumb","itemListElement":[{"@type":"ListItem","position":1,"name":"Portada","item":"https:\/\/mayula.eu\/fr\/"},{"@type":"ListItem","position":2,"name":"Boutique","item":"https:\/\/mayula.eu\/fr\/boutique\/"},{"@type":"ListItem","position":3,"name":"DUO DE PETITS VASES AVEC FLEURS S\u00c9CH\u00c9ES"}]},{"@type":"WebSite","@id":"https:\/\/mayula.eu\/#website","url":"https:\/\/mayula.eu\/","name":"Mayula Flores","description":"Florista . Env\u00edo domicilio","potentialAction":[{"@type":"SearchAction","target":{"@type":"EntryPoint","urlTemplate":"https:\/\/mayula.eu\/?s={search_term_string}"},"query-input":{"@type":"PropertyValueSpecification","valueRequired":true,"valueName":"search_term_string"}}],"inLanguage":"fr-FR"}]}},"_links":{"self":[{"href":"https:\/\/mayula.eu\/fr\/wp-json\/wp\/v2\/product\/559","targetHints":{"allow":["GET"]}}],"collection":[{"href":"https:\/\/mayula.eu\/fr\/wp-json\/wp\/v2\/product"}],"about":[{"href":"https:\/\/mayula.eu\/fr\/wp-json\/wp\/v2\/types\/product"}],"wp:featuredmedia":[{"embeddable":true,"href":"https:\/\/mayula.eu\/fr\/wp-json\/wp\/v2\/media\/431"}],"wp:attachment":[{"href":"https:\/\/mayula.eu\/fr\/wp-json\/wp\/v2\/media?parent=559"}],"wp:term":[{"taxonomy":"product_brand","embeddable":true,"href":"https:\/\/mayula.eu\/fr\/wp-json\/wp\/v2\/product_brand?post=559"},{"taxonomy":"product_cat","embeddable":true,"href":"https:\/\/mayula.eu\/fr\/wp-json\/wp\/v2\/product_cat?post=559"},{"taxonomy":"product_tag","embeddable":true,"href":"https:\/\/mayula.eu\/fr\/wp-json\/wp\/v2\/product_tag?post=559"}],"curies":[{"name":"wp","href":"https:\/\/api.w.org\/{rel}","templated":true}]}}