{"id":558,"date":"2017-12-06T16:09:31","date_gmt":"2017-12-06T16:09:31","guid":{"rendered":"https:\/\/mayula.eu\/producto\/animalarios\/"},"modified":"2023-03-30T16:04:15","modified_gmt":"2023-03-30T16:04:15","slug":"animalarium","status":"publish","type":"product","link":"https:\/\/mayula.eu\/fr\/producto\/animalarium\/","title":{"rendered":"ANIMALARIUM"},"content":{"rendered":"<p>Pour pr\u00e9server votre animalarium, sur la dur\u00e9e, quelques astuces :<\/p>\n<p>Pas de soleil direct, pas d\u2019humidit\u00e9, et \u00e9viter les courant d\u2019air.<\/p>\n","protected":false},"excerpt":{"rendered":"<p>Nos animalarium plaisent aussi bien aux petits comme aux grands ..<\/p>\n<p>C&#8217;est le cadeaux id\u00e9ale pour d\u00e9corer dans tous les int\u00e9rieures.<\/p>\n<p>Contacte-nous et transmet nous celui qui te plait, et nous le r\u00e9aliserons pour toi.<\/p>\n<p>Tu pourras choisir les tons et nuances des fleurs s\u00e9ch\u00e9es, par contre l\u2019animal d\u00e9pendra des disponibilit\u00e9s.<\/p>\n<p>&nbsp;<\/p>\n<p>Ils ont beaucoup de succ\u00e8s tous diff\u00e9rents , n&#8217;h\u00e9sitez pas \u00e0 nous contacter et on vous enverra des photos des mod\u00e8les disponibles.<\/p>\n<p>&nbsp;<\/p>\n<p>&nbsp;<\/p>\n","protected":false},"featured_media":519,"template":"","meta":{"_joinchat":[]},"product_brand":[],"product_cat":[32],"product_tag":[89],"class_list":{"0":"post-558","1":"product","2":"type-product","3":"status-publish","4":"has-post-thumbnail","6":"product_cat-fleur-stabilisee-sechee","7":"product_tag-animalario-fr","8":"pa_color-colores-alegres-fr","9":"pa_color-la-fleuriste-choisit-pour-toi-fr","10":"pa_color-naturel-fr","12":"first","13":"instock","14":"shipping-taxable","15":"purchasable","16":"product-type-variable"},"yoast_head":"<!-- This site is optimized with the Yoast SEO plugin v26.1.1 - https:\/\/yoast.com\/wordpress\/plugins\/seo\/ -->\n<title>Les envoies des Animalarium de Mayula . Envoies en FRANCE et Espagne<\/title>\n<meta name=\"description\" content=\"Les Animalariums de Mayula sont originaux et tous diff\u00e9rents . choisis le tiens et on te l&#039;envoie dans toute la france , espagne ...\" \/>\n<meta name=\"robots\" content=\"index, follow, max-snippet:-1, max-image-preview:large, max-video-preview:-1\" \/>\n<link rel=\"canonical\" href=\"https:\/\/mayula.eu\/fr\/producto\/animalarium\/\" \/>\n<meta property=\"og:locale\" content=\"fr_FR\" \/>\n<meta property=\"og:type\" content=\"article\" \/>\n<meta property=\"og:title\" content=\"Les envoies des Animalarium de Mayula . Envoies en FRANCE et Espagne\" \/>\n<meta property=\"og:description\" content=\"Les Animalariums de Mayula sont originaux et tous diff\u00e9rents . choisis le tiens et on te l&#039;envoie dans toute la france , espagne ...\" \/>\n<meta property=\"og:url\" content=\"https:\/\/mayula.eu\/fr\/producto\/animalarium\/\" \/>\n<meta property=\"og:site_name\" content=\"Mayula Flores\" \/>\n<meta property=\"article:modified_time\" content=\"2023-03-30T16:04:15+00:00\" \/>\n<meta property=\"og:image\" content=\"https:\/\/mayula.eu\/wp-content\/uploads\/2017\/12\/Animalario-Mayula-7-e1623430500918.jpg\" \/>\n\t<meta property=\"og:image:width\" content=\"768\" \/>\n\t<meta property=\"og:image:height\" content=\"1024\" \/>\n\t<meta property=\"og:image:type\" content=\"image\/jpeg\" \/>\n<meta name=\"twitter:card\" content=\"summary_large_image\" \/>\n<meta name=\"twitter:label1\" content=\"Est. reading time\" \/>\n\t<meta name=\"twitter:data1\" content=\"1 minute\" \/>\n<script type=\"application\/ld+json\" class=\"yoast-schema-graph\">{\"@context\":\"https:\/\/schema.org\",\"@graph\":[{\"@type\":\"WebPage\",\"@id\":\"https:\/\/mayula.eu\/fr\/producto\/animalarium\/\",\"url\":\"https:\/\/mayula.eu\/fr\/producto\/animalarium\/\",\"name\":\"Les envoies des Animalarium de Mayula . Envoies en FRANCE et Espagne\",\"isPartOf\":{\"@id\":\"https:\/\/mayula.eu\/#website\"},\"primaryImageOfPage\":{\"@id\":\"https:\/\/mayula.eu\/fr\/producto\/animalarium\/#primaryimage\"},\"image\":{\"@id\":\"https:\/\/mayula.eu\/fr\/producto\/animalarium\/#primaryimage\"},\"thumbnailUrl\":\"https:\/\/mayula.eu\/wp-content\/uploads\/2017\/12\/Animalario-Mayula-7-e1623430500918.jpg\",\"datePublished\":\"2017-12-06T16:09:31+00:00\",\"dateModified\":\"2023-03-30T16:04:15+00:00\",\"description\":\"Les Animalariums de Mayula sont originaux et tous diff\u00e9rents . choisis le tiens et on te l'envoie dans toute la france , espagne ...\",\"breadcrumb\":{\"@id\":\"https:\/\/mayula.eu\/fr\/producto\/animalarium\/#breadcrumb\"},\"inLanguage\":\"fr-FR\",\"potentialAction\":[{\"@type\":\"ReadAction\",\"target\":[\"https:\/\/mayula.eu\/fr\/producto\/animalarium\/\"]}]},{\"@type\":\"ImageObject\",\"inLanguage\":\"fr-FR\",\"@id\":\"https:\/\/mayula.eu\/fr\/producto\/animalarium\/#primaryimage\",\"url\":\"https:\/\/mayula.eu\/wp-content\/uploads\/2017\/12\/Animalario-Mayula-7-e1623430500918.jpg\",\"contentUrl\":\"https:\/\/mayula.eu\/wp-content\/uploads\/2017\/12\/Animalario-Mayula-7-e1623430500918.jpg\",\"width\":768,\"height\":1024,\"caption\":\"Animalarium\"},{\"@type\":\"BreadcrumbList\",\"@id\":\"https:\/\/mayula.eu\/fr\/producto\/animalarium\/#breadcrumb\",\"itemListElement\":[{\"@type\":\"ListItem\",\"position\":1,\"name\":\"Portada\",\"item\":\"https:\/\/mayula.eu\/fr\/\"},{\"@type\":\"ListItem\",\"position\":2,\"name\":\"Boutique\",\"item\":\"https:\/\/mayula.eu\/fr\/boutique\/\"},{\"@type\":\"ListItem\",\"position\":3,\"name\":\"ANIMALARIUM\"}]},{\"@type\":\"WebSite\",\"@id\":\"https:\/\/mayula.eu\/#website\",\"url\":\"https:\/\/mayula.eu\/\",\"name\":\"Mayula Flores\",\"description\":\"Florista . Env\u00edo domicilio\",\"potentialAction\":[{\"@type\":\"SearchAction\",\"target\":{\"@type\":\"EntryPoint\",\"urlTemplate\":\"https:\/\/mayula.eu\/?s={search_term_string}\"},\"query-input\":{\"@type\":\"PropertyValueSpecification\",\"valueRequired\":true,\"valueName\":\"search_term_string\"}}],\"inLanguage\":\"fr-FR\"}]}<\/script>\n<!-- \/ Yoast SEO plugin. -->","yoast_head_json":{"title":"Les envoies des Animalarium de Mayula . Envoies en FRANCE et Espagne","description":"Les Animalariums de Mayula sont originaux et tous diff\u00e9rents . choisis le tiens et on te l'envoie dans toute la france , espagne ...","robots":{"index":"index","follow":"follow","max-snippet":"max-snippet:-1","max-image-preview":"max-image-preview:large","max-video-preview":"max-video-preview:-1"},"canonical":"https:\/\/mayula.eu\/fr\/producto\/animalarium\/","og_locale":"fr_FR","og_type":"article","og_title":"Les envoies des Animalarium de Mayula . Envoies en FRANCE et Espagne","og_description":"Les Animalariums de Mayula sont originaux et tous diff\u00e9rents . choisis le tiens et on te l'envoie dans toute la france , espagne ...","og_url":"https:\/\/mayula.eu\/fr\/producto\/animalarium\/","og_site_name":"Mayula Flores","article_modified_time":"2023-03-30T16:04:15+00:00","og_image":[{"width":768,"height":1024,"url":"https:\/\/mayula.eu\/wp-content\/uploads\/2017\/12\/Animalario-Mayula-7-e1623430500918.jpg","type":"image\/jpeg"}],"twitter_card":"summary_large_image","twitter_misc":{"Est. reading time":"1 minute"},"schema":{"@context":"https:\/\/schema.org","@graph":[{"@type":"WebPage","@id":"https:\/\/mayula.eu\/fr\/producto\/animalarium\/","url":"https:\/\/mayula.eu\/fr\/producto\/animalarium\/","name":"Les envoies des Animalarium de Mayula . Envoies en FRANCE et Espagne","isPartOf":{"@id":"https:\/\/mayula.eu\/#website"},"primaryImageOfPage":{"@id":"https:\/\/mayula.eu\/fr\/producto\/animalarium\/#primaryimage"},"image":{"@id":"https:\/\/mayula.eu\/fr\/producto\/animalarium\/#primaryimage"},"thumbnailUrl":"https:\/\/mayula.eu\/wp-content\/uploads\/2017\/12\/Animalario-Mayula-7-e1623430500918.jpg","datePublished":"2017-12-06T16:09:31+00:00","dateModified":"2023-03-30T16:04:15+00:00","description":"Les Animalariums de Mayula sont originaux et tous diff\u00e9rents . choisis le tiens et on te l'envoie dans toute la france , espagne ...","breadcrumb":{"@id":"https:\/\/mayula.eu\/fr\/producto\/animalarium\/#breadcrumb"},"inLanguage":"fr-FR","potentialAction":[{"@type":"ReadAction","target":["https:\/\/mayula.eu\/fr\/producto\/animalarium\/"]}]},{"@type":"ImageObject","inLanguage":"fr-FR","@id":"https:\/\/mayula.eu\/fr\/producto\/animalarium\/#primaryimage","url":"https:\/\/mayula.eu\/wp-content\/uploads\/2017\/12\/Animalario-Mayula-7-e1623430500918.jpg","contentUrl":"https:\/\/mayula.eu\/wp-content\/uploads\/2017\/12\/Animalario-Mayula-7-e1623430500918.jpg","width":768,"height":1024,"caption":"Animalarium"},{"@type":"BreadcrumbList","@id":"https:\/\/mayula.eu\/fr\/producto\/animalarium\/#breadcrumb","itemListElement":[{"@type":"ListItem","position":1,"name":"Portada","item":"https:\/\/mayula.eu\/fr\/"},{"@type":"ListItem","position":2,"name":"Boutique","item":"https:\/\/mayula.eu\/fr\/boutique\/"},{"@type":"ListItem","position":3,"name":"ANIMALARIUM"}]},{"@type":"WebSite","@id":"https:\/\/mayula.eu\/#website","url":"https:\/\/mayula.eu\/","name":"Mayula Flores","description":"Florista . Env\u00edo domicilio","potentialAction":[{"@type":"SearchAction","target":{"@type":"EntryPoint","urlTemplate":"https:\/\/mayula.eu\/?s={search_term_string}"},"query-input":{"@type":"PropertyValueSpecification","valueRequired":true,"valueName":"search_term_string"}}],"inLanguage":"fr-FR"}]}},"_links":{"self":[{"href":"https:\/\/mayula.eu\/fr\/wp-json\/wp\/v2\/product\/558","targetHints":{"allow":["GET"]}}],"collection":[{"href":"https:\/\/mayula.eu\/fr\/wp-json\/wp\/v2\/product"}],"about":[{"href":"https:\/\/mayula.eu\/fr\/wp-json\/wp\/v2\/types\/product"}],"wp:featuredmedia":[{"embeddable":true,"href":"https:\/\/mayula.eu\/fr\/wp-json\/wp\/v2\/media\/519"}],"wp:attachment":[{"href":"https:\/\/mayula.eu\/fr\/wp-json\/wp\/v2\/media?parent=558"}],"wp:term":[{"taxonomy":"product_brand","embeddable":true,"href":"https:\/\/mayula.eu\/fr\/wp-json\/wp\/v2\/product_brand?post=558"},{"taxonomy":"product_cat","embeddable":true,"href":"https:\/\/mayula.eu\/fr\/wp-json\/wp\/v2\/product_cat?post=558"},{"taxonomy":"product_tag","embeddable":true,"href":"https:\/\/mayula.eu\/fr\/wp-json\/wp\/v2\/product_tag?post=558"}],"curies":[{"name":"wp","href":"https:\/\/api.w.org\/{rel}","templated":true}]}}