{"id":5389,"date":"2024-06-26T19:44:52","date_gmt":"2024-06-26T19:44:52","guid":{"rendered":"https:\/\/mayula.eu\/?post_type=product&#038;p=5389"},"modified":"2024-06-28T17:39:06","modified_gmt":"2024-06-28T17:39:06","slug":"pot-de-fleurs","status":"publish","type":"product","link":"https:\/\/mayula.eu\/fr\/producto\/pot-de-fleurs\/","title":{"rendered":"Pot de fleurs"},"content":{"rendered":"<p>Nos pots de fleurs sont un joker, ils s&#8217;accordent avec n&#8217;importe quelle d\u00e9coration et apportent une touche naturelle.<br \/>Vous pouvez choisir si vous les souhaitez dans des tons doux ou plus color\u00e9s.Ils sont r\u00e9alis\u00e9s avec des fleurs pr\u00e9serv\u00e9es et s\u00e9ch\u00e9es, ils dureront donc longtemps.<br \/>Pour conna\u00eetre les d\u00e9lais de livraison ou si vous souhaitez personnaliser votre commande, n&#8217;h\u00e9sitez pas \u00e0 contactez-nous par t\u00e9l\u00e9phone ou WhatsApp Pour que vos fleurs stabilis\u00e9es et s\u00e9ch\u00e9es durent plus longtemps&#8230; Ne les exposez pas trop longtemps \u00e0 la lumi\u00e8re directe du soleil (car cela acc\u00e9l\u00e9rerait le processus de d\u00e9coloration), NE LES MOUILLEZ PAS, \u00e9vitez les environnements humides et courants d&#8217;air .<br \/>Mesure environ 25cm x 25cm<\/p>\n","protected":false},"excerpt":{"rendered":"<p>Nos pots de fleurs sont un joker, ils s&#8217;accordent avec n&#8217;importe quelle d\u00e9coration et apportent une touche naturelle.<br \/>Vous pouvez choisir si vous les souhaitez dans des tons doux ou plus color\u00e9s.Ils sont r\u00e9alis\u00e9s avec des fleurs pr\u00e9serv\u00e9es et s\u00e9ch\u00e9es, ils dureront donc longtemps.<\/p>\n","protected":false},"featured_media":3090,"template":"","meta":{"_joinchat":[]},"product_brand":[],"product_cat":[32],"product_tag":[287],"class_list":{"0":"post-5389","1":"product","2":"type-product","3":"status-publish","4":"has-post-thumbnail","6":"product_cat-fleur-stabilisee-sechee","7":"product_tag-composition","8":"pa_color-colores-alegres-fr","9":"pa_color-la-fleuriste-choisit-pour-toi-fr","10":"pa_color-naturel-fr","12":"first","13":"instock","14":"shipping-taxable","15":"purchasable","16":"product-type-variable"},"yoast_head":"<!-- This site is optimized with the Yoast SEO plugin v26.1.1 - https:\/\/yoast.com\/wordpress\/plugins\/seo\/ -->\n<title>Pot de fleurs - Mayula Flores<\/title>\n<meta name=\"description\" content=\"Nos pots de fleurs sont un joker, ils s&#039;accordent avec n&#039;importe quelle d\u00e9coration et apportent une touche naturelle.\" \/>\n<meta name=\"robots\" content=\"index, follow, max-snippet:-1, max-image-preview:large, max-video-preview:-1\" \/>\n<link rel=\"canonical\" href=\"https:\/\/mayula.eu\/fr\/producto\/pot-de-fleurs\/\" \/>\n<meta property=\"og:locale\" content=\"fr_FR\" \/>\n<meta property=\"og:type\" content=\"article\" \/>\n<meta property=\"og:title\" content=\"Pot de fleurs - Mayula Flores\" \/>\n<meta property=\"og:description\" content=\"Nos pots de fleurs sont un joker, ils s&#039;accordent avec n&#039;importe quelle d\u00e9coration et apportent une touche naturelle.\" \/>\n<meta property=\"og:url\" content=\"https:\/\/mayula.eu\/fr\/producto\/pot-de-fleurs\/\" \/>\n<meta property=\"og:site_name\" content=\"Mayula Flores\" \/>\n<meta property=\"article:modified_time\" content=\"2024-06-28T17:39:06+00:00\" \/>\n<meta property=\"og:image\" content=\"https:\/\/mayula.eu\/wp-content\/uploads\/2023\/05\/centro-flores-preservadas-y-secas-Mayula-scaled.jpg\" \/>\n\t<meta property=\"og:image:width\" content=\"2560\" \/>\n\t<meta property=\"og:image:height\" content=\"2560\" \/>\n\t<meta property=\"og:image:type\" content=\"image\/jpeg\" \/>\n<meta name=\"twitter:card\" content=\"summary_large_image\" \/>\n<meta name=\"twitter:label1\" content=\"Est. reading time\" \/>\n\t<meta name=\"twitter:data1\" content=\"1 minute\" \/>\n<script type=\"application\/ld+json\" class=\"yoast-schema-graph\">{\"@context\":\"https:\/\/schema.org\",\"@graph\":[{\"@type\":\"WebPage\",\"@id\":\"https:\/\/mayula.eu\/fr\/producto\/pot-de-fleurs\/\",\"url\":\"https:\/\/mayula.eu\/fr\/producto\/pot-de-fleurs\/\",\"name\":\"Pot de fleurs - Mayula Flores\",\"isPartOf\":{\"@id\":\"https:\/\/mayula.eu\/#website\"},\"primaryImageOfPage\":{\"@id\":\"https:\/\/mayula.eu\/fr\/producto\/pot-de-fleurs\/#primaryimage\"},\"image\":{\"@id\":\"https:\/\/mayula.eu\/fr\/producto\/pot-de-fleurs\/#primaryimage\"},\"thumbnailUrl\":\"https:\/\/mayula.eu\/wp-content\/uploads\/2023\/05\/centro-flores-preservadas-y-secas-Mayula-scaled.jpg\",\"datePublished\":\"2024-06-26T19:44:52+00:00\",\"dateModified\":\"2024-06-28T17:39:06+00:00\",\"description\":\"Nos pots de fleurs sont un joker, ils s'accordent avec n'importe quelle d\u00e9coration et apportent une touche naturelle.\",\"breadcrumb\":{\"@id\":\"https:\/\/mayula.eu\/fr\/producto\/pot-de-fleurs\/#breadcrumb\"},\"inLanguage\":\"fr-FR\",\"potentialAction\":[{\"@type\":\"ReadAction\",\"target\":[\"https:\/\/mayula.eu\/fr\/producto\/pot-de-fleurs\/\"]}]},{\"@type\":\"ImageObject\",\"inLanguage\":\"fr-FR\",\"@id\":\"https:\/\/mayula.eu\/fr\/producto\/pot-de-fleurs\/#primaryimage\",\"url\":\"https:\/\/mayula.eu\/wp-content\/uploads\/2023\/05\/centro-flores-preservadas-y-secas-Mayula-scaled.jpg\",\"contentUrl\":\"https:\/\/mayula.eu\/wp-content\/uploads\/2023\/05\/centro-flores-preservadas-y-secas-Mayula-scaled.jpg\",\"width\":2560,\"height\":2560,\"caption\":\"Pot de fleurs. Mayula\"},{\"@type\":\"BreadcrumbList\",\"@id\":\"https:\/\/mayula.eu\/fr\/producto\/pot-de-fleurs\/#breadcrumb\",\"itemListElement\":[{\"@type\":\"ListItem\",\"position\":1,\"name\":\"Portada\",\"item\":\"https:\/\/mayula.eu\/fr\/\"},{\"@type\":\"ListItem\",\"position\":2,\"name\":\"Boutique\",\"item\":\"https:\/\/mayula.eu\/fr\/boutique\/\"},{\"@type\":\"ListItem\",\"position\":3,\"name\":\"Pot de fleurs\"}]},{\"@type\":\"WebSite\",\"@id\":\"https:\/\/mayula.eu\/#website\",\"url\":\"https:\/\/mayula.eu\/\",\"name\":\"Mayula Flores\",\"description\":\"Florista . Env\u00edo domicilio\",\"potentialAction\":[{\"@type\":\"SearchAction\",\"target\":{\"@type\":\"EntryPoint\",\"urlTemplate\":\"https:\/\/mayula.eu\/?s={search_term_string}\"},\"query-input\":{\"@type\":\"PropertyValueSpecification\",\"valueRequired\":true,\"valueName\":\"search_term_string\"}}],\"inLanguage\":\"fr-FR\"}]}<\/script>\n<!-- \/ Yoast SEO plugin. -->","yoast_head_json":{"title":"Pot de fleurs - Mayula Flores","description":"Nos pots de fleurs sont un joker, ils s'accordent avec n'importe quelle d\u00e9coration et apportent une touche naturelle.","robots":{"index":"index","follow":"follow","max-snippet":"max-snippet:-1","max-image-preview":"max-image-preview:large","max-video-preview":"max-video-preview:-1"},"canonical":"https:\/\/mayula.eu\/fr\/producto\/pot-de-fleurs\/","og_locale":"fr_FR","og_type":"article","og_title":"Pot de fleurs - Mayula Flores","og_description":"Nos pots de fleurs sont un joker, ils s'accordent avec n'importe quelle d\u00e9coration et apportent une touche naturelle.","og_url":"https:\/\/mayula.eu\/fr\/producto\/pot-de-fleurs\/","og_site_name":"Mayula Flores","article_modified_time":"2024-06-28T17:39:06+00:00","og_image":[{"width":2560,"height":2560,"url":"https:\/\/mayula.eu\/wp-content\/uploads\/2023\/05\/centro-flores-preservadas-y-secas-Mayula-scaled.jpg","type":"image\/jpeg"}],"twitter_card":"summary_large_image","twitter_misc":{"Est. reading time":"1 minute"},"schema":{"@context":"https:\/\/schema.org","@graph":[{"@type":"WebPage","@id":"https:\/\/mayula.eu\/fr\/producto\/pot-de-fleurs\/","url":"https:\/\/mayula.eu\/fr\/producto\/pot-de-fleurs\/","name":"Pot de fleurs - Mayula Flores","isPartOf":{"@id":"https:\/\/mayula.eu\/#website"},"primaryImageOfPage":{"@id":"https:\/\/mayula.eu\/fr\/producto\/pot-de-fleurs\/#primaryimage"},"image":{"@id":"https:\/\/mayula.eu\/fr\/producto\/pot-de-fleurs\/#primaryimage"},"thumbnailUrl":"https:\/\/mayula.eu\/wp-content\/uploads\/2023\/05\/centro-flores-preservadas-y-secas-Mayula-scaled.jpg","datePublished":"2024-06-26T19:44:52+00:00","dateModified":"2024-06-28T17:39:06+00:00","description":"Nos pots de fleurs sont un joker, ils s'accordent avec n'importe quelle d\u00e9coration et apportent une touche naturelle.","breadcrumb":{"@id":"https:\/\/mayula.eu\/fr\/producto\/pot-de-fleurs\/#breadcrumb"},"inLanguage":"fr-FR","potentialAction":[{"@type":"ReadAction","target":["https:\/\/mayula.eu\/fr\/producto\/pot-de-fleurs\/"]}]},{"@type":"ImageObject","inLanguage":"fr-FR","@id":"https:\/\/mayula.eu\/fr\/producto\/pot-de-fleurs\/#primaryimage","url":"https:\/\/mayula.eu\/wp-content\/uploads\/2023\/05\/centro-flores-preservadas-y-secas-Mayula-scaled.jpg","contentUrl":"https:\/\/mayula.eu\/wp-content\/uploads\/2023\/05\/centro-flores-preservadas-y-secas-Mayula-scaled.jpg","width":2560,"height":2560,"caption":"Pot de fleurs. Mayula"},{"@type":"BreadcrumbList","@id":"https:\/\/mayula.eu\/fr\/producto\/pot-de-fleurs\/#breadcrumb","itemListElement":[{"@type":"ListItem","position":1,"name":"Portada","item":"https:\/\/mayula.eu\/fr\/"},{"@type":"ListItem","position":2,"name":"Boutique","item":"https:\/\/mayula.eu\/fr\/boutique\/"},{"@type":"ListItem","position":3,"name":"Pot de fleurs"}]},{"@type":"WebSite","@id":"https:\/\/mayula.eu\/#website","url":"https:\/\/mayula.eu\/","name":"Mayula Flores","description":"Florista . Env\u00edo domicilio","potentialAction":[{"@type":"SearchAction","target":{"@type":"EntryPoint","urlTemplate":"https:\/\/mayula.eu\/?s={search_term_string}"},"query-input":{"@type":"PropertyValueSpecification","valueRequired":true,"valueName":"search_term_string"}}],"inLanguage":"fr-FR"}]}},"_links":{"self":[{"href":"https:\/\/mayula.eu\/fr\/wp-json\/wp\/v2\/product\/5389","targetHints":{"allow":["GET"]}}],"collection":[{"href":"https:\/\/mayula.eu\/fr\/wp-json\/wp\/v2\/product"}],"about":[{"href":"https:\/\/mayula.eu\/fr\/wp-json\/wp\/v2\/types\/product"}],"wp:featuredmedia":[{"embeddable":true,"href":"https:\/\/mayula.eu\/fr\/wp-json\/wp\/v2\/media\/3090"}],"wp:attachment":[{"href":"https:\/\/mayula.eu\/fr\/wp-json\/wp\/v2\/media?parent=5389"}],"wp:term":[{"taxonomy":"product_brand","embeddable":true,"href":"https:\/\/mayula.eu\/fr\/wp-json\/wp\/v2\/product_brand?post=5389"},{"taxonomy":"product_cat","embeddable":true,"href":"https:\/\/mayula.eu\/fr\/wp-json\/wp\/v2\/product_cat?post=5389"},{"taxonomy":"product_tag","embeddable":true,"href":"https:\/\/mayula.eu\/fr\/wp-json\/wp\/v2\/product_tag?post=5389"}],"curies":[{"name":"wp","href":"https:\/\/api.w.org\/{rel}","templated":true}]}}