{"id":3021,"date":"2023-03-30T13:19:42","date_gmt":"2023-03-30T15:51:01","guid":{"rendered":"https:\/\/mayula.eu\/?post_type=product&#038;p=3021"},"modified":"2023-03-30T15:51:01","modified_gmt":"2023-03-30T15:51:01","slug":"duo-de-gateaux-avec-de-fleurs-sechees-et-estabili","status":"publish","type":"product","link":"https:\/\/mayula.eu\/fr\/producto\/duo-de-gateaux-avec-de-fleurs-sechees-et-estabili\/","title":{"rendered":"DEUX MINI G\u00c2TEAUX AVEC DE FLEURS"},"content":{"rendered":"<pre id=\"tw-target-text\" class=\"tw-data-text tw-text-large tw-ta\" dir=\"ltr\" data-placeholder=\"Traducci\u00f3n\"><span class=\"Y2IQFc\" lang=\"fr\">voila!! La version la plus petite et la plus mignonne de nos g\u00e2teaux de fleurs. Un cadeaux diff\u00e9rent et sans sucre ajout\u00e9.\r\nLe prix comprend deux mini g\u00e0teaux elles sont livr\u00e9es avec leur boite (comme vous pouvez le voir sur les photos). La mesure de chaque tarte est de 11cm x 7cm environ.<\/span><span class=\"Y2IQFc\" lang=\"fr\"> (pas d'envoie \u00e1 l'unit\u00e9) . La mesure de chaque g\u00e2teaux est de 11cm x 7cm environ. Pour toute question sur les d\u00e9lais de livraison ou les couleurs disponibles ou si vous souhaitez personnaliser votre commande, contactez-moi par t\u00e9l\u00e9phone ou WhatsApp au 06.58.09.49.56 ou par mail info@mayula.eu Pour que vos g\u00e2teaux aux fleurs stabilis\u00e9es et s\u00e9ch\u00e9es durent plus longtemps... Ne l'exposez pas longtemps \u00e0 la lumi\u00e8re directe du soleil (car cela acc\u00e9l\u00e9rerait le processus de perte de couleur), NE PAS le mouiller, \u00e9viter les environnements tr\u00e8s humides et les courants d'air.<\/span><\/pre>\n<pre id=\"tw-target-text\" class=\"tw-data-text tw-text-large tw-ta\" dir=\"ltr\" data-placeholder=\"Traducci\u00f3n\"><span class=\"Y2IQFc\" lang=\"fr\">Pour toute question sur les d\u00e9lais de livraison ou les couleurs disponibles ou si vous souhaitez personnaliser votre commande, contactez-moi par t\u00e9l\u00e9phone ou WhatsApp au 06.58.09.49.56 ou par mail info@mayula.eu\r\n\r\nPour que vos tartes aux fleurs stabilis\u00e9es et s\u00e9ch\u00e9es durent plus longtemps...\r\n\r\nNe l'exposez pas longtemps \u00e0 la lumi\u00e8re directe du soleil (car cela acc\u00e9l\u00e9rerait le processus de perte de couleur), NE PAS le mouiller, \u00e9viter les environnements tr\u00e8s humides et les courants d'air.<\/span><\/pre>\n","protected":false},"excerpt":{"rendered":"<pre id=\"tw-target-text\" class=\"tw-data-text tw-text-large tw-ta\" dir=\"ltr\" data-placeholder=\"Traducci\u00f3n\"><span class=\"Y2IQFc\" lang=\"fr\">voila!! La version la plus petite et la plus mignonne de nos g\u00e2teaux de fleurs. Un d\u00e9tail diff\u00e9rent sans sucre fait avec beaucoup d'amour.\r\n\r\nLe prix comprend deux mini g\u00e2teaux, les envois individuels ne se font pas et elles sont livr\u00e9es avec leur boite (comme vous pouvez le voir sur les photos). La mesure de chaque g\u00e2teaux est de 11cm x 7cm environ.<\/span><\/pre>\n","protected":false},"featured_media":3015,"template":"","meta":{"_joinchat":[]},"product_brand":[],"product_cat":[32],"product_tag":[],"class_list":{"0":"post-3021","1":"product","2":"type-product","3":"status-publish","4":"has-post-thumbnail","6":"product_cat-fleur-stabilisee-sechee","7":"pa_color-colores-alegres-fr","8":"pa_color-la-fleuriste-choisit-pour-toi-fr","9":"pa_color-naturel-fr","11":"first","12":"instock","13":"shipping-taxable","14":"purchasable","15":"product-type-simple"},"yoast_head":"<!-- This site is optimized with the Yoast SEO plugin v26.1.1 - https:\/\/yoast.com\/wordpress\/plugins\/seo\/ -->\n<title>DEUX MINI G\u00c2TEAUX AVEC DE FLEURS - Mayula Flores<\/title>\n<meta name=\"description\" content=\"voila!! La version la plus petite et la plus mignonne de nos g\u00e2teaux de fleurs. Un cadeaux diff\u00e9rent et sans sucre ajout\u00e9. Le prix comprend deux mini g\u00e2teaux elles sont livr\u00e9es avec leur boite (comme vous pouvez le voir sur les photos).\" \/>\n<meta name=\"robots\" content=\"index, follow, max-snippet:-1, max-image-preview:large, max-video-preview:-1\" \/>\n<link rel=\"canonical\" href=\"https:\/\/mayula.eu\/fr\/producto\/duo-de-gateaux-avec-de-fleurs-sechees-et-estabili\/\" \/>\n<meta property=\"og:locale\" content=\"fr_FR\" \/>\n<meta property=\"og:type\" content=\"article\" \/>\n<meta property=\"og:title\" content=\"DEUX MINI G\u00c2TEAUX AVEC DE FLEURS - Mayula Flores\" \/>\n<meta property=\"og:description\" content=\"voila!! La version la plus petite et la plus mignonne de nos g\u00e2teaux de fleurs. Un cadeaux diff\u00e9rent et sans sucre ajout\u00e9. Le prix comprend deux mini g\u00e2teaux elles sont livr\u00e9es avec leur boite (comme vous pouvez le voir sur les photos).\" \/>\n<meta property=\"og:url\" content=\"https:\/\/mayula.eu\/fr\/producto\/duo-de-gateaux-avec-de-fleurs-sechees-et-estabili\/\" \/>\n<meta property=\"og:site_name\" content=\"Mayula Flores\" \/>\n<meta property=\"og:image\" content=\"https:\/\/mayula.eu\/wp-content\/uploads\/2023\/03\/IMG_9516-scaled.jpg\" \/>\n\t<meta property=\"og:image:width\" content=\"2560\" \/>\n\t<meta property=\"og:image:height\" content=\"2560\" \/>\n\t<meta property=\"og:image:type\" content=\"image\/jpeg\" \/>\n<meta name=\"twitter:card\" content=\"summary_large_image\" \/>\n<meta name=\"twitter:label1\" content=\"Est. reading time\" \/>\n\t<meta name=\"twitter:data1\" content=\"1 minute\" \/>\n<script type=\"application\/ld+json\" class=\"yoast-schema-graph\">{\"@context\":\"https:\/\/schema.org\",\"@graph\":[{\"@type\":\"WebPage\",\"@id\":\"https:\/\/mayula.eu\/fr\/producto\/duo-de-gateaux-avec-de-fleurs-sechees-et-estabili\/\",\"url\":\"https:\/\/mayula.eu\/fr\/producto\/duo-de-gateaux-avec-de-fleurs-sechees-et-estabili\/\",\"name\":\"DEUX MINI G\u00c2TEAUX AVEC DE FLEURS - Mayula Flores\",\"isPartOf\":{\"@id\":\"https:\/\/mayula.eu\/#website\"},\"primaryImageOfPage\":{\"@id\":\"https:\/\/mayula.eu\/fr\/producto\/duo-de-gateaux-avec-de-fleurs-sechees-et-estabili\/#primaryimage\"},\"image\":{\"@id\":\"https:\/\/mayula.eu\/fr\/producto\/duo-de-gateaux-avec-de-fleurs-sechees-et-estabili\/#primaryimage\"},\"thumbnailUrl\":\"https:\/\/mayula.eu\/wp-content\/uploads\/2023\/03\/IMG_9516-scaled.jpg\",\"datePublished\":\"2023-03-30T15:51:01+00:00\",\"description\":\"voila!! La version la plus petite et la plus mignonne de nos g\u00e2teaux de fleurs. Un cadeaux diff\u00e9rent et sans sucre ajout\u00e9. Le prix comprend deux mini g\u00e2teaux elles sont livr\u00e9es avec leur boite (comme vous pouvez le voir sur les photos).\",\"breadcrumb\":{\"@id\":\"https:\/\/mayula.eu\/fr\/producto\/duo-de-gateaux-avec-de-fleurs-sechees-et-estabili\/#breadcrumb\"},\"inLanguage\":\"fr-FR\",\"potentialAction\":[{\"@type\":\"ReadAction\",\"target\":[\"https:\/\/mayula.eu\/fr\/producto\/duo-de-gateaux-avec-de-fleurs-sechees-et-estabili\/\"]}]},{\"@type\":\"ImageObject\",\"inLanguage\":\"fr-FR\",\"@id\":\"https:\/\/mayula.eu\/fr\/producto\/duo-de-gateaux-avec-de-fleurs-sechees-et-estabili\/#primaryimage\",\"url\":\"https:\/\/mayula.eu\/wp-content\/uploads\/2023\/03\/IMG_9516-scaled.jpg\",\"contentUrl\":\"https:\/\/mayula.eu\/wp-content\/uploads\/2023\/03\/IMG_9516-scaled.jpg\",\"width\":2560,\"height\":2560,\"caption\":\"Deux mini g\u00e2teaux avec de fleurs\"},{\"@type\":\"BreadcrumbList\",\"@id\":\"https:\/\/mayula.eu\/fr\/producto\/duo-de-gateaux-avec-de-fleurs-sechees-et-estabili\/#breadcrumb\",\"itemListElement\":[{\"@type\":\"ListItem\",\"position\":1,\"name\":\"Portada\",\"item\":\"https:\/\/mayula.eu\/fr\/\"},{\"@type\":\"ListItem\",\"position\":2,\"name\":\"Boutique\",\"item\":\"https:\/\/mayula.eu\/fr\/boutique\/\"},{\"@type\":\"ListItem\",\"position\":3,\"name\":\"DEUX MINI G\u00c2TEAUX AVEC DE FLEURS\"}]},{\"@type\":\"WebSite\",\"@id\":\"https:\/\/mayula.eu\/#website\",\"url\":\"https:\/\/mayula.eu\/\",\"name\":\"Mayula Flores\",\"description\":\"Florista . Env\u00edo domicilio\",\"potentialAction\":[{\"@type\":\"SearchAction\",\"target\":{\"@type\":\"EntryPoint\",\"urlTemplate\":\"https:\/\/mayula.eu\/?s={search_term_string}\"},\"query-input\":{\"@type\":\"PropertyValueSpecification\",\"valueRequired\":true,\"valueName\":\"search_term_string\"}}],\"inLanguage\":\"fr-FR\"}]}<\/script>\n<!-- \/ Yoast SEO plugin. -->","yoast_head_json":{"title":"DEUX MINI G\u00c2TEAUX AVEC DE FLEURS - Mayula Flores","description":"voila!! La version la plus petite et la plus mignonne de nos g\u00e2teaux de fleurs. Un cadeaux diff\u00e9rent et sans sucre ajout\u00e9. Le prix comprend deux mini g\u00e2teaux elles sont livr\u00e9es avec leur boite (comme vous pouvez le voir sur les photos).","robots":{"index":"index","follow":"follow","max-snippet":"max-snippet:-1","max-image-preview":"max-image-preview:large","max-video-preview":"max-video-preview:-1"},"canonical":"https:\/\/mayula.eu\/fr\/producto\/duo-de-gateaux-avec-de-fleurs-sechees-et-estabili\/","og_locale":"fr_FR","og_type":"article","og_title":"DEUX MINI G\u00c2TEAUX AVEC DE FLEURS - Mayula Flores","og_description":"voila!! La version la plus petite et la plus mignonne de nos g\u00e2teaux de fleurs. Un cadeaux diff\u00e9rent et sans sucre ajout\u00e9. Le prix comprend deux mini g\u00e2teaux elles sont livr\u00e9es avec leur boite (comme vous pouvez le voir sur les photos).","og_url":"https:\/\/mayula.eu\/fr\/producto\/duo-de-gateaux-avec-de-fleurs-sechees-et-estabili\/","og_site_name":"Mayula Flores","og_image":[{"width":2560,"height":2560,"url":"https:\/\/mayula.eu\/wp-content\/uploads\/2023\/03\/IMG_9516-scaled.jpg","type":"image\/jpeg"}],"twitter_card":"summary_large_image","twitter_misc":{"Est. reading time":"1 minute"},"schema":{"@context":"https:\/\/schema.org","@graph":[{"@type":"WebPage","@id":"https:\/\/mayula.eu\/fr\/producto\/duo-de-gateaux-avec-de-fleurs-sechees-et-estabili\/","url":"https:\/\/mayula.eu\/fr\/producto\/duo-de-gateaux-avec-de-fleurs-sechees-et-estabili\/","name":"DEUX MINI G\u00c2TEAUX AVEC DE FLEURS - Mayula Flores","isPartOf":{"@id":"https:\/\/mayula.eu\/#website"},"primaryImageOfPage":{"@id":"https:\/\/mayula.eu\/fr\/producto\/duo-de-gateaux-avec-de-fleurs-sechees-et-estabili\/#primaryimage"},"image":{"@id":"https:\/\/mayula.eu\/fr\/producto\/duo-de-gateaux-avec-de-fleurs-sechees-et-estabili\/#primaryimage"},"thumbnailUrl":"https:\/\/mayula.eu\/wp-content\/uploads\/2023\/03\/IMG_9516-scaled.jpg","datePublished":"2023-03-30T15:51:01+00:00","description":"voila!! La version la plus petite et la plus mignonne de nos g\u00e2teaux de fleurs. Un cadeaux diff\u00e9rent et sans sucre ajout\u00e9. Le prix comprend deux mini g\u00e2teaux elles sont livr\u00e9es avec leur boite (comme vous pouvez le voir sur les photos).","breadcrumb":{"@id":"https:\/\/mayula.eu\/fr\/producto\/duo-de-gateaux-avec-de-fleurs-sechees-et-estabili\/#breadcrumb"},"inLanguage":"fr-FR","potentialAction":[{"@type":"ReadAction","target":["https:\/\/mayula.eu\/fr\/producto\/duo-de-gateaux-avec-de-fleurs-sechees-et-estabili\/"]}]},{"@type":"ImageObject","inLanguage":"fr-FR","@id":"https:\/\/mayula.eu\/fr\/producto\/duo-de-gateaux-avec-de-fleurs-sechees-et-estabili\/#primaryimage","url":"https:\/\/mayula.eu\/wp-content\/uploads\/2023\/03\/IMG_9516-scaled.jpg","contentUrl":"https:\/\/mayula.eu\/wp-content\/uploads\/2023\/03\/IMG_9516-scaled.jpg","width":2560,"height":2560,"caption":"Deux mini g\u00e2teaux avec de fleurs"},{"@type":"BreadcrumbList","@id":"https:\/\/mayula.eu\/fr\/producto\/duo-de-gateaux-avec-de-fleurs-sechees-et-estabili\/#breadcrumb","itemListElement":[{"@type":"ListItem","position":1,"name":"Portada","item":"https:\/\/mayula.eu\/fr\/"},{"@type":"ListItem","position":2,"name":"Boutique","item":"https:\/\/mayula.eu\/fr\/boutique\/"},{"@type":"ListItem","position":3,"name":"DEUX MINI G\u00c2TEAUX AVEC DE FLEURS"}]},{"@type":"WebSite","@id":"https:\/\/mayula.eu\/#website","url":"https:\/\/mayula.eu\/","name":"Mayula Flores","description":"Florista . Env\u00edo domicilio","potentialAction":[{"@type":"SearchAction","target":{"@type":"EntryPoint","urlTemplate":"https:\/\/mayula.eu\/?s={search_term_string}"},"query-input":{"@type":"PropertyValueSpecification","valueRequired":true,"valueName":"search_term_string"}}],"inLanguage":"fr-FR"}]}},"_links":{"self":[{"href":"https:\/\/mayula.eu\/fr\/wp-json\/wp\/v2\/product\/3021","targetHints":{"allow":["GET"]}}],"collection":[{"href":"https:\/\/mayula.eu\/fr\/wp-json\/wp\/v2\/product"}],"about":[{"href":"https:\/\/mayula.eu\/fr\/wp-json\/wp\/v2\/types\/product"}],"wp:featuredmedia":[{"embeddable":true,"href":"https:\/\/mayula.eu\/fr\/wp-json\/wp\/v2\/media\/3015"}],"wp:attachment":[{"href":"https:\/\/mayula.eu\/fr\/wp-json\/wp\/v2\/media?parent=3021"}],"wp:term":[{"taxonomy":"product_brand","embeddable":true,"href":"https:\/\/mayula.eu\/fr\/wp-json\/wp\/v2\/product_brand?post=3021"},{"taxonomy":"product_cat","embeddable":true,"href":"https:\/\/mayula.eu\/fr\/wp-json\/wp\/v2\/product_cat?post=3021"},{"taxonomy":"product_tag","embeddable":true,"href":"https:\/\/mayula.eu\/fr\/wp-json\/wp\/v2\/product_tag?post=3021"}],"curies":[{"name":"wp","href":"https:\/\/api.w.org\/{rel}","templated":true}]}}