{"id":2974,"date":"2023-03-30T12:23:39","date_gmt":"2023-03-30T15:52:43","guid":{"rendered":"https:\/\/mayula.eu\/?post_type=product&#038;p=2974"},"modified":"2023-03-30T15:52:43","modified_gmt":"2023-03-30T15:52:43","slug":"cercles-a-broder-avec-des-fleurs","status":"publish","type":"product","link":"https:\/\/mayula.eu\/fr\/producto\/cercles-a-broder-avec-des-fleurs\/","title":{"rendered":"CERCLES \u00c0 BRODER AVEC DES FLEURS"},"content":{"rendered":"<pre id=\"tw-target-text\" class=\"tw-data-text tw-text-large tw-ta\" dir=\"ltr\" data-placeholder=\"Traducci\u00f3n\"><span class=\"Y2IQFc\" lang=\"fr\">Le Cercle \u00e0 broder est d\u00e9cor\u00e9 avec des fleurs s\u00e9ch\u00e9es et stabilis\u00e9es. Il peut \u00eatre travaill\u00e9 autour de la circonf\u00e9rence (comme s'il s'agissait d'une couronne) ou dans la partie centrale.\r\n\r\nPour toute question sur les d\u00e9lais de livraison ou les couleurs disponibles ou si vous souhaitez personnaliser votre commande, contactez-moi par t\u00e9l\u00e9phone ou WhatsApp au 653774413 ou par mail info@mayula.eu\r\n\r\nPour que votre cercle \u00e0 broder aux fleurs stabilis\u00e9es et s\u00e9ch\u00e9es dure plus longtemps...\r\n\r\nNe l'exposez pas longtemps \u00e0 la lumi\u00e8re directe du soleil (car cela acc\u00e9l\u00e9rerait le processus de perte de couleur), NE PAS le mouiller, \u00e9viter les environnements tr\u00e8s humides et les courants d'air.<\/span><\/pre>\n","protected":false},"excerpt":{"rendered":"<p><span class=\"Y2IQFc\" lang=\"fr\">Le Cercle \u00e0 broder est d\u00e9cor\u00e9 avec des fleurs s\u00e9ch\u00e9es et stabilis\u00e9es. Il peut \u00eatre travaill\u00e9 autour de la circonf\u00e9rence (comme s&#8217;il s&#8217;agissait d&#8217;une couronne) ou dans la partie centrale.<\/span><\/p>\n","protected":false},"featured_media":2955,"template":"","meta":{"_joinchat":[]},"product_brand":[],"product_cat":[32],"product_tag":[155,93,156],"class_list":{"0":"post-2974","1":"product","2":"type-product","3":"status-publish","4":"has-post-thumbnail","6":"product_cat-fleur-stabilisee-sechee","7":"product_tag-cercles-a-broder","8":"product_tag-fleurs-sechees-et-stabiliseesd","9":"product_tag-mayula","10":"pa_color-colores-alegres-fr","11":"pa_color-la-fleuriste-choisit-pour-toi-fr","12":"pa_color-naturel-fr","14":"first","15":"instock","16":"shipping-taxable","17":"purchasable","18":"product-type-variable"},"yoast_head":"<!-- This site is optimized with the Yoast SEO plugin v26.1.1 - https:\/\/yoast.com\/wordpress\/plugins\/seo\/ -->\n<title>CERCLES \u00c0 BRODER AVEC DES FLEURS - Mayula Flores<\/title>\n<meta name=\"description\" content=\"Cercles \u00e0 broder avec des fleurs. Pieces uniques fait main.\" \/>\n<meta name=\"robots\" content=\"index, follow, max-snippet:-1, max-image-preview:large, max-video-preview:-1\" \/>\n<link rel=\"canonical\" href=\"https:\/\/mayula.eu\/fr\/producto\/cercles-a-broder-avec-des-fleurs\/\" \/>\n<meta property=\"og:locale\" content=\"fr_FR\" \/>\n<meta property=\"og:type\" content=\"article\" \/>\n<meta property=\"og:title\" content=\"CERCLES \u00c0 BRODER AVEC DES FLEURS - Mayula Flores\" \/>\n<meta property=\"og:description\" content=\"Cercles \u00e0 broder avec des fleurs. Pieces uniques fait main.\" \/>\n<meta property=\"og:url\" content=\"https:\/\/mayula.eu\/fr\/producto\/cercles-a-broder-avec-des-fleurs\/\" \/>\n<meta property=\"og:site_name\" content=\"Mayula Flores\" \/>\n<meta property=\"og:image\" content=\"https:\/\/mayula.eu\/wp-content\/uploads\/2023\/03\/IMG_9389-1024x1024.jpg\" \/>\n\t<meta property=\"og:image:width\" content=\"1024\" \/>\n\t<meta property=\"og:image:height\" content=\"1024\" \/>\n\t<meta property=\"og:image:type\" content=\"image\/jpeg\" \/>\n<meta name=\"twitter:card\" content=\"summary_large_image\" \/>\n<meta name=\"twitter:label1\" content=\"Est. reading time\" \/>\n\t<meta name=\"twitter:data1\" content=\"1 minute\" \/>\n<script type=\"application\/ld+json\" class=\"yoast-schema-graph\">{\"@context\":\"https:\/\/schema.org\",\"@graph\":[{\"@type\":\"WebPage\",\"@id\":\"https:\/\/mayula.eu\/fr\/producto\/cercles-a-broder-avec-des-fleurs\/\",\"url\":\"https:\/\/mayula.eu\/fr\/producto\/cercles-a-broder-avec-des-fleurs\/\",\"name\":\"CERCLES \u00c0 BRODER AVEC DES FLEURS - Mayula Flores\",\"isPartOf\":{\"@id\":\"https:\/\/mayula.eu\/#website\"},\"primaryImageOfPage\":{\"@id\":\"https:\/\/mayula.eu\/fr\/producto\/cercles-a-broder-avec-des-fleurs\/#primaryimage\"},\"image\":{\"@id\":\"https:\/\/mayula.eu\/fr\/producto\/cercles-a-broder-avec-des-fleurs\/#primaryimage\"},\"thumbnailUrl\":\"https:\/\/mayula.eu\/wp-content\/uploads\/2023\/03\/IMG_9389-scaled.jpg\",\"datePublished\":\"2023-03-30T15:52:43+00:00\",\"description\":\"Cercles \u00e0 broder avec des fleurs. Pieces uniques fait main.\",\"breadcrumb\":{\"@id\":\"https:\/\/mayula.eu\/fr\/producto\/cercles-a-broder-avec-des-fleurs\/#breadcrumb\"},\"inLanguage\":\"fr-FR\",\"potentialAction\":[{\"@type\":\"ReadAction\",\"target\":[\"https:\/\/mayula.eu\/fr\/producto\/cercles-a-broder-avec-des-fleurs\/\"]}]},{\"@type\":\"ImageObject\",\"inLanguage\":\"fr-FR\",\"@id\":\"https:\/\/mayula.eu\/fr\/producto\/cercles-a-broder-avec-des-fleurs\/#primaryimage\",\"url\":\"https:\/\/mayula.eu\/wp-content\/uploads\/2023\/03\/IMG_9389-scaled.jpg\",\"contentUrl\":\"https:\/\/mayula.eu\/wp-content\/uploads\/2023\/03\/IMG_9389-scaled.jpg\",\"width\":2560,\"height\":2560,\"caption\":\"Cercles \u00e0 broder avec des fleurs\"},{\"@type\":\"BreadcrumbList\",\"@id\":\"https:\/\/mayula.eu\/fr\/producto\/cercles-a-broder-avec-des-fleurs\/#breadcrumb\",\"itemListElement\":[{\"@type\":\"ListItem\",\"position\":1,\"name\":\"Portada\",\"item\":\"https:\/\/mayula.eu\/fr\/\"},{\"@type\":\"ListItem\",\"position\":2,\"name\":\"Boutique\",\"item\":\"https:\/\/mayula.eu\/fr\/boutique\/\"},{\"@type\":\"ListItem\",\"position\":3,\"name\":\"CERCLES \u00c0 BRODER AVEC DES FLEURS\"}]},{\"@type\":\"WebSite\",\"@id\":\"https:\/\/mayula.eu\/#website\",\"url\":\"https:\/\/mayula.eu\/\",\"name\":\"Mayula Flores\",\"description\":\"Florista . Env\u00edo domicilio\",\"potentialAction\":[{\"@type\":\"SearchAction\",\"target\":{\"@type\":\"EntryPoint\",\"urlTemplate\":\"https:\/\/mayula.eu\/?s={search_term_string}\"},\"query-input\":{\"@type\":\"PropertyValueSpecification\",\"valueRequired\":true,\"valueName\":\"search_term_string\"}}],\"inLanguage\":\"fr-FR\"}]}<\/script>\n<!-- \/ Yoast SEO plugin. -->","yoast_head_json":{"title":"CERCLES \u00c0 BRODER AVEC DES FLEURS - Mayula Flores","description":"Cercles \u00e0 broder avec des fleurs. Pieces uniques fait main.","robots":{"index":"index","follow":"follow","max-snippet":"max-snippet:-1","max-image-preview":"max-image-preview:large","max-video-preview":"max-video-preview:-1"},"canonical":"https:\/\/mayula.eu\/fr\/producto\/cercles-a-broder-avec-des-fleurs\/","og_locale":"fr_FR","og_type":"article","og_title":"CERCLES \u00c0 BRODER AVEC DES FLEURS - Mayula Flores","og_description":"Cercles \u00e0 broder avec des fleurs. Pieces uniques fait main.","og_url":"https:\/\/mayula.eu\/fr\/producto\/cercles-a-broder-avec-des-fleurs\/","og_site_name":"Mayula Flores","og_image":[{"width":1024,"height":1024,"url":"https:\/\/mayula.eu\/wp-content\/uploads\/2023\/03\/IMG_9389-1024x1024.jpg","type":"image\/jpeg"}],"twitter_card":"summary_large_image","twitter_misc":{"Est. reading time":"1 minute"},"schema":{"@context":"https:\/\/schema.org","@graph":[{"@type":"WebPage","@id":"https:\/\/mayula.eu\/fr\/producto\/cercles-a-broder-avec-des-fleurs\/","url":"https:\/\/mayula.eu\/fr\/producto\/cercles-a-broder-avec-des-fleurs\/","name":"CERCLES \u00c0 BRODER AVEC DES FLEURS - Mayula Flores","isPartOf":{"@id":"https:\/\/mayula.eu\/#website"},"primaryImageOfPage":{"@id":"https:\/\/mayula.eu\/fr\/producto\/cercles-a-broder-avec-des-fleurs\/#primaryimage"},"image":{"@id":"https:\/\/mayula.eu\/fr\/producto\/cercles-a-broder-avec-des-fleurs\/#primaryimage"},"thumbnailUrl":"https:\/\/mayula.eu\/wp-content\/uploads\/2023\/03\/IMG_9389-scaled.jpg","datePublished":"2023-03-30T15:52:43+00:00","description":"Cercles \u00e0 broder avec des fleurs. Pieces uniques fait main.","breadcrumb":{"@id":"https:\/\/mayula.eu\/fr\/producto\/cercles-a-broder-avec-des-fleurs\/#breadcrumb"},"inLanguage":"fr-FR","potentialAction":[{"@type":"ReadAction","target":["https:\/\/mayula.eu\/fr\/producto\/cercles-a-broder-avec-des-fleurs\/"]}]},{"@type":"ImageObject","inLanguage":"fr-FR","@id":"https:\/\/mayula.eu\/fr\/producto\/cercles-a-broder-avec-des-fleurs\/#primaryimage","url":"https:\/\/mayula.eu\/wp-content\/uploads\/2023\/03\/IMG_9389-scaled.jpg","contentUrl":"https:\/\/mayula.eu\/wp-content\/uploads\/2023\/03\/IMG_9389-scaled.jpg","width":2560,"height":2560,"caption":"Cercles \u00e0 broder avec des fleurs"},{"@type":"BreadcrumbList","@id":"https:\/\/mayula.eu\/fr\/producto\/cercles-a-broder-avec-des-fleurs\/#breadcrumb","itemListElement":[{"@type":"ListItem","position":1,"name":"Portada","item":"https:\/\/mayula.eu\/fr\/"},{"@type":"ListItem","position":2,"name":"Boutique","item":"https:\/\/mayula.eu\/fr\/boutique\/"},{"@type":"ListItem","position":3,"name":"CERCLES \u00c0 BRODER AVEC DES FLEURS"}]},{"@type":"WebSite","@id":"https:\/\/mayula.eu\/#website","url":"https:\/\/mayula.eu\/","name":"Mayula Flores","description":"Florista . Env\u00edo domicilio","potentialAction":[{"@type":"SearchAction","target":{"@type":"EntryPoint","urlTemplate":"https:\/\/mayula.eu\/?s={search_term_string}"},"query-input":{"@type":"PropertyValueSpecification","valueRequired":true,"valueName":"search_term_string"}}],"inLanguage":"fr-FR"}]}},"_links":{"self":[{"href":"https:\/\/mayula.eu\/fr\/wp-json\/wp\/v2\/product\/2974","targetHints":{"allow":["GET"]}}],"collection":[{"href":"https:\/\/mayula.eu\/fr\/wp-json\/wp\/v2\/product"}],"about":[{"href":"https:\/\/mayula.eu\/fr\/wp-json\/wp\/v2\/types\/product"}],"wp:featuredmedia":[{"embeddable":true,"href":"https:\/\/mayula.eu\/fr\/wp-json\/wp\/v2\/media\/2955"}],"wp:attachment":[{"href":"https:\/\/mayula.eu\/fr\/wp-json\/wp\/v2\/media?parent=2974"}],"wp:term":[{"taxonomy":"product_brand","embeddable":true,"href":"https:\/\/mayula.eu\/fr\/wp-json\/wp\/v2\/product_brand?post=2974"},{"taxonomy":"product_cat","embeddable":true,"href":"https:\/\/mayula.eu\/fr\/wp-json\/wp\/v2\/product_cat?post=2974"},{"taxonomy":"product_tag","embeddable":true,"href":"https:\/\/mayula.eu\/fr\/wp-json\/wp\/v2\/product_tag?post=2974"}],"curies":[{"name":"wp","href":"https:\/\/api.w.org\/{rel}","templated":true}]}}