{"id":2390,"date":"2022-09-05T18:38:56","date_gmt":"2022-09-05T18:38:56","guid":{"rendered":"https:\/\/mayula.eu\/producto\/tableau-20cm-x-15cm-3\/"},"modified":"2023-09-08T16:32:53","modified_gmt":"2023-09-08T16:32:53","slug":"tableau-20cm-x-15cm-3","status":"publish","type":"product","link":"https:\/\/mayula.eu\/fr\/producto\/tableau-20cm-x-15cm-3\/","title":{"rendered":"Tableau 20cm x 15cm"},"content":{"rendered":"<p>Tous nos tableaux sont des pi\u00e8ces uniques fait main.<\/p>\n<p>Vous pouvez choisir soit un cadre blanc soit un cadre marron couleur bois, libre choix selon les int\u00e9rieures.<\/p>\n<p>Les petits tableaux de 1,2,3\u2026Cailloux peuvent \u00eatre soit \u00e0 poser soit \u00e0 accrocher.<\/p>\n","protected":false},"excerpt":{"rendered":"<p>Libre court \u00e0 ton imagination, 1,2,3\u2026Cailloux, te permet d\u2019offrir des cadeaux originaux et d\u2019offrir un sourire, une \u00e9motion unique, et oui chacune de nos cr\u00e9ations sont diff\u00e9rentes et uniques. Nos petits tableaux sont fait main sur Hendaye.<br \/>\nDonc petit conseil d\u2019ami pour les ind\u00e9cis, ne tarde pas trop \u00e0 r\u00e9fl\u00e9chir, il se peut que lors de ta prochaine visite par ici, ton coup de c\u0153ur se soit envol\u00e9.<\/p>\n","protected":false},"featured_media":5662,"template":"","meta":{"_joinchat":[]},"product_brand":[],"product_cat":[71],"product_tag":[],"class_list":{"0":"post-2390","1":"product","2":"type-product","3":"status-publish","4":"has-post-thumbnail","6":"product_cat-123-cailloux-fr","8":"first","9":"instock","10":"shipping-taxable","11":"purchasable","12":"product-type-variable"},"yoast_head":"<!-- This site is optimized with the Yoast SEO plugin v26.1.1 - https:\/\/yoast.com\/wordpress\/plugins\/seo\/ -->\n<title>Tableau 20cm x 15cm - Mayula Flores<\/title>\n<meta name=\"description\" content=\"Tableau 20cm x 15cm. Pi\u00e8ce unique fait main Hendaye ( Pays Basque).Envoie dans toute la France m\u00e9tropolitaine\" \/>\n<meta name=\"robots\" content=\"index, follow, max-snippet:-1, max-image-preview:large, max-video-preview:-1\" \/>\n<link rel=\"canonical\" href=\"https:\/\/mayula.eu\/fr\/producto\/tableau-20cm-x-15cm-3\/\" \/>\n<meta property=\"og:locale\" content=\"fr_FR\" \/>\n<meta property=\"og:type\" content=\"article\" \/>\n<meta property=\"og:title\" content=\"Tableau 20cm x 15cm - Mayula Flores\" \/>\n<meta property=\"og:description\" content=\"Tableau 20cm x 15cm. Pi\u00e8ce unique fait main Hendaye ( Pays Basque).Envoie dans toute la France m\u00e9tropolitaine\" \/>\n<meta property=\"og:url\" content=\"https:\/\/mayula.eu\/fr\/producto\/tableau-20cm-x-15cm-3\/\" \/>\n<meta property=\"og:site_name\" content=\"Mayula Flores\" \/>\n<meta property=\"article:modified_time\" content=\"2023-09-08T16:32:53+00:00\" \/>\n<meta property=\"og:image\" content=\"https:\/\/mayula.eu\/wp-content\/uploads\/2023\/01\/IMG_8694-2-scaled.jpg\" \/>\n\t<meta property=\"og:image:width\" content=\"2560\" \/>\n\t<meta property=\"og:image:height\" content=\"2560\" \/>\n\t<meta property=\"og:image:type\" content=\"image\/jpeg\" \/>\n<meta name=\"twitter:card\" content=\"summary_large_image\" \/>\n<script type=\"application\/ld+json\" class=\"yoast-schema-graph\">{\"@context\":\"https:\/\/schema.org\",\"@graph\":[{\"@type\":\"WebPage\",\"@id\":\"https:\/\/mayula.eu\/fr\/producto\/tableau-20cm-x-15cm-3\/\",\"url\":\"https:\/\/mayula.eu\/fr\/producto\/tableau-20cm-x-15cm-3\/\",\"name\":\"Tableau 20cm x 15cm - Mayula Flores\",\"isPartOf\":{\"@id\":\"https:\/\/mayula.eu\/#website\"},\"primaryImageOfPage\":{\"@id\":\"https:\/\/mayula.eu\/fr\/producto\/tableau-20cm-x-15cm-3\/#primaryimage\"},\"image\":{\"@id\":\"https:\/\/mayula.eu\/fr\/producto\/tableau-20cm-x-15cm-3\/#primaryimage\"},\"thumbnailUrl\":\"https:\/\/mayula.eu\/wp-content\/uploads\/2024\/01\/IMG_2164-scaled-e1706272165707.jpg\",\"datePublished\":\"2022-09-05T18:38:56+00:00\",\"dateModified\":\"2023-09-08T16:32:53+00:00\",\"description\":\"Tableau 20cm x 15cm. Pi\u00e8ce unique fait main Hendaye ( Pays Basque).Envoie dans toute la France m\u00e9tropolitaine\",\"breadcrumb\":{\"@id\":\"https:\/\/mayula.eu\/fr\/producto\/tableau-20cm-x-15cm-3\/#breadcrumb\"},\"inLanguage\":\"fr-FR\",\"potentialAction\":[{\"@type\":\"ReadAction\",\"target\":[\"https:\/\/mayula.eu\/fr\/producto\/tableau-20cm-x-15cm-3\/\"]}]},{\"@type\":\"ImageObject\",\"inLanguage\":\"fr-FR\",\"@id\":\"https:\/\/mayula.eu\/fr\/producto\/tableau-20cm-x-15cm-3\/#primaryimage\",\"url\":\"https:\/\/mayula.eu\/wp-content\/uploads\/2024\/01\/IMG_2164-scaled-e1706272165707.jpg\",\"contentUrl\":\"https:\/\/mayula.eu\/wp-content\/uploads\/2024\/01\/IMG_2164-scaled-e1706272165707.jpg\",\"width\":2560,\"height\":2560,\"caption\":\"123.Cailloux.Hendaya\"},{\"@type\":\"BreadcrumbList\",\"@id\":\"https:\/\/mayula.eu\/fr\/producto\/tableau-20cm-x-15cm-3\/#breadcrumb\",\"itemListElement\":[{\"@type\":\"ListItem\",\"position\":1,\"name\":\"Portada\",\"item\":\"https:\/\/mayula.eu\/fr\/\"},{\"@type\":\"ListItem\",\"position\":2,\"name\":\"Boutique\",\"item\":\"https:\/\/mayula.eu\/fr\/boutique\/\"},{\"@type\":\"ListItem\",\"position\":3,\"name\":\"Tableau 20cm x 15cm\"}]},{\"@type\":\"WebSite\",\"@id\":\"https:\/\/mayula.eu\/#website\",\"url\":\"https:\/\/mayula.eu\/\",\"name\":\"Mayula Flores\",\"description\":\"Florista . Env\u00edo domicilio\",\"potentialAction\":[{\"@type\":\"SearchAction\",\"target\":{\"@type\":\"EntryPoint\",\"urlTemplate\":\"https:\/\/mayula.eu\/?s={search_term_string}\"},\"query-input\":{\"@type\":\"PropertyValueSpecification\",\"valueRequired\":true,\"valueName\":\"search_term_string\"}}],\"inLanguage\":\"fr-FR\"}]}<\/script>\n<!-- \/ Yoast SEO plugin. -->","yoast_head_json":{"title":"Tableau 20cm x 15cm - Mayula Flores","description":"Tableau 20cm x 15cm. Pi\u00e8ce unique fait main Hendaye ( Pays Basque).Envoie dans toute la France m\u00e9tropolitaine","robots":{"index":"index","follow":"follow","max-snippet":"max-snippet:-1","max-image-preview":"max-image-preview:large","max-video-preview":"max-video-preview:-1"},"canonical":"https:\/\/mayula.eu\/fr\/producto\/tableau-20cm-x-15cm-3\/","og_locale":"fr_FR","og_type":"article","og_title":"Tableau 20cm x 15cm - Mayula Flores","og_description":"Tableau 20cm x 15cm. Pi\u00e8ce unique fait main Hendaye ( Pays Basque).Envoie dans toute la France m\u00e9tropolitaine","og_url":"https:\/\/mayula.eu\/fr\/producto\/tableau-20cm-x-15cm-3\/","og_site_name":"Mayula Flores","article_modified_time":"2023-09-08T16:32:53+00:00","og_image":[{"width":2560,"height":2560,"url":"https:\/\/mayula.eu\/wp-content\/uploads\/2023\/01\/IMG_8694-2-scaled.jpg","type":"image\/jpeg"}],"twitter_card":"summary_large_image","schema":{"@context":"https:\/\/schema.org","@graph":[{"@type":"WebPage","@id":"https:\/\/mayula.eu\/fr\/producto\/tableau-20cm-x-15cm-3\/","url":"https:\/\/mayula.eu\/fr\/producto\/tableau-20cm-x-15cm-3\/","name":"Tableau 20cm x 15cm - Mayula Flores","isPartOf":{"@id":"https:\/\/mayula.eu\/#website"},"primaryImageOfPage":{"@id":"https:\/\/mayula.eu\/fr\/producto\/tableau-20cm-x-15cm-3\/#primaryimage"},"image":{"@id":"https:\/\/mayula.eu\/fr\/producto\/tableau-20cm-x-15cm-3\/#primaryimage"},"thumbnailUrl":"https:\/\/mayula.eu\/wp-content\/uploads\/2024\/01\/IMG_2164-scaled-e1706272165707.jpg","datePublished":"2022-09-05T18:38:56+00:00","dateModified":"2023-09-08T16:32:53+00:00","description":"Tableau 20cm x 15cm. Pi\u00e8ce unique fait main Hendaye ( Pays Basque).Envoie dans toute la France m\u00e9tropolitaine","breadcrumb":{"@id":"https:\/\/mayula.eu\/fr\/producto\/tableau-20cm-x-15cm-3\/#breadcrumb"},"inLanguage":"fr-FR","potentialAction":[{"@type":"ReadAction","target":["https:\/\/mayula.eu\/fr\/producto\/tableau-20cm-x-15cm-3\/"]}]},{"@type":"ImageObject","inLanguage":"fr-FR","@id":"https:\/\/mayula.eu\/fr\/producto\/tableau-20cm-x-15cm-3\/#primaryimage","url":"https:\/\/mayula.eu\/wp-content\/uploads\/2024\/01\/IMG_2164-scaled-e1706272165707.jpg","contentUrl":"https:\/\/mayula.eu\/wp-content\/uploads\/2024\/01\/IMG_2164-scaled-e1706272165707.jpg","width":2560,"height":2560,"caption":"123.Cailloux.Hendaya"},{"@type":"BreadcrumbList","@id":"https:\/\/mayula.eu\/fr\/producto\/tableau-20cm-x-15cm-3\/#breadcrumb","itemListElement":[{"@type":"ListItem","position":1,"name":"Portada","item":"https:\/\/mayula.eu\/fr\/"},{"@type":"ListItem","position":2,"name":"Boutique","item":"https:\/\/mayula.eu\/fr\/boutique\/"},{"@type":"ListItem","position":3,"name":"Tableau 20cm x 15cm"}]},{"@type":"WebSite","@id":"https:\/\/mayula.eu\/#website","url":"https:\/\/mayula.eu\/","name":"Mayula Flores","description":"Florista . Env\u00edo domicilio","potentialAction":[{"@type":"SearchAction","target":{"@type":"EntryPoint","urlTemplate":"https:\/\/mayula.eu\/?s={search_term_string}"},"query-input":{"@type":"PropertyValueSpecification","valueRequired":true,"valueName":"search_term_string"}}],"inLanguage":"fr-FR"}]}},"_links":{"self":[{"href":"https:\/\/mayula.eu\/fr\/wp-json\/wp\/v2\/product\/2390","targetHints":{"allow":["GET"]}}],"collection":[{"href":"https:\/\/mayula.eu\/fr\/wp-json\/wp\/v2\/product"}],"about":[{"href":"https:\/\/mayula.eu\/fr\/wp-json\/wp\/v2\/types\/product"}],"wp:featuredmedia":[{"embeddable":true,"href":"https:\/\/mayula.eu\/fr\/wp-json\/wp\/v2\/media\/5662"}],"wp:attachment":[{"href":"https:\/\/mayula.eu\/fr\/wp-json\/wp\/v2\/media?parent=2390"}],"wp:term":[{"taxonomy":"product_brand","embeddable":true,"href":"https:\/\/mayula.eu\/fr\/wp-json\/wp\/v2\/product_brand?post=2390"},{"taxonomy":"product_cat","embeddable":true,"href":"https:\/\/mayula.eu\/fr\/wp-json\/wp\/v2\/product_cat?post=2390"},{"taxonomy":"product_tag","embeddable":true,"href":"https:\/\/mayula.eu\/fr\/wp-json\/wp\/v2\/product_tag?post=2390"}],"curies":[{"name":"wp","href":"https:\/\/api.w.org\/{rel}","templated":true}]}}