{"id":2149,"date":"2022-02-03T22:53:18","date_gmt":"2022-02-03T22:53:18","guid":{"rendered":"https:\/\/mayula.eu\/?post_type=product&#038;p=2149"},"modified":"2024-06-26T19:37:47","modified_gmt":"2024-06-26T19:37:47","slug":"cloche-fleurs-sechees","status":"publish","type":"product","link":"https:\/\/mayula.eu\/fr\/producto\/cloche-fleurs-sechees\/","title":{"rendered":"CLOCHE FLEURS S\u00c9CH\u00c9ES"},"content":{"rendered":"<p>La cloche de cristal permet de prot\u00e9ger les fleurs s\u00e9ch\u00e9es de la poussi\u00e8re et des courant d&#8217;air .<\/p>\n<p>les fleurs s\u00e9ch\u00e9es sous cloche durent plus longtemps .<\/p>\n<p>Petit conseil , concernant l&#8217;exposition des cloques , il faut \u00e9viter\u00a0 l&#8217;exposition directe au soleil , et dans des lieux humides .<\/p>\n<pre id=\"tw-target-text\" class=\"tw-data-text tw-text-large tw-ta\" dir=\"ltr\" data-placeholder=\"Traducci\u00f3n\" aria-label=\"Texto traducido\" data-ved=\"2ahUKEwj97NvlgfqGAxV5RKQEHSv8ByAQ3ewLegQIBhAU\"><span class=\"Y2IQFc\" lang=\"fr\">Mesure 30 cm de hauteur x 20 cm de diam\u00e8tre<\/span><\/pre>\n","protected":false},"excerpt":{"rendered":"<pre id=\"tw-target-text\" class=\"tw-data-text tw-text-large tw-ta\" dir=\"ltr\" data-placeholder=\"Traducci\u00f3n\" aria-label=\"Texto traducido\" data-ved=\"2ahUKEwj97NvlgfqGAxV5RKQEHSv8ByAQ3ewLegQIBhAU\"><span class=\"Y2IQFc\" lang=\"fr\">Mesure 30 cm de hauteur x 20 cm de diam\u00e8tre<\/span><\/pre>\n<p>Un objet de d\u00e9coration original pour faire un cadeau.<\/p>\n<p>choisis une couleur et dimension et nous t&#8217;enverrons une photo pour voir ensemble si cela te plait .<\/p>\n","protected":false},"featured_media":5756,"template":"","meta":{"_joinchat":[]},"product_brand":[],"product_cat":[32],"product_tag":[135,136],"class_list":{"0":"post-2149","1":"product","2":"type-product","3":"status-publish","4":"has-post-thumbnail","6":"product_cat-fleur-stabilisee-sechee","7":"product_tag-cloches","8":"product_tag-cloches-fr","10":"first","11":"outofstock","12":"sold-individually","13":"shipping-taxable","14":"purchasable","15":"product-type-variable"},"yoast_head":"<!-- This site is optimized with the Yoast SEO plugin v26.1.1 - https:\/\/yoast.com\/wordpress\/plugins\/seo\/ -->\n<title>CLOCHE FLEURS S\u00c9CH\u00c9ES - Mayula Flores<\/title>\n<meta name=\"description\" content=\"Cloche de fleurs s\u00e9ch\u00e9es et pr\u00e9serv\u00e9es . Tu peux personnaliser et choisir tes couleurs .Envoie dans toute la france metropolitaine\" \/>\n<meta name=\"robots\" content=\"index, follow, max-snippet:-1, max-image-preview:large, max-video-preview:-1\" \/>\n<link rel=\"canonical\" href=\"https:\/\/mayula.eu\/fr\/producto\/cloche-fleurs-sechees\/\" \/>\n<meta property=\"og:locale\" content=\"fr_FR\" \/>\n<meta property=\"og:type\" content=\"article\" \/>\n<meta property=\"og:title\" content=\"CLOCHE FLEURS S\u00c9CH\u00c9ES - Mayula Flores\" \/>\n<meta property=\"og:description\" content=\"Cloche de fleurs s\u00e9ch\u00e9es et pr\u00e9serv\u00e9es . Tu peux personnaliser et choisir tes couleurs .Envoie dans toute la france metropolitaine\" \/>\n<meta property=\"og:url\" content=\"https:\/\/mayula.eu\/fr\/producto\/cloche-fleurs-sechees\/\" \/>\n<meta property=\"og:site_name\" content=\"Mayula Flores\" \/>\n<meta property=\"article:modified_time\" content=\"2024-06-26T19:37:47+00:00\" \/>\n<meta property=\"og:image\" content=\"https:\/\/mayula.eu\/wp-content\/uploads\/2024\/02\/956FC883-F116-4C74-B2A2-30673AF73896.jpeg\" \/>\n\t<meta property=\"og:image:width\" content=\"1773\" \/>\n\t<meta property=\"og:image:height\" content=\"1773\" \/>\n\t<meta property=\"og:image:type\" content=\"image\/jpeg\" \/>\n<meta name=\"twitter:card\" content=\"summary_large_image\" \/>\n<script type=\"application\/ld+json\" class=\"yoast-schema-graph\">{\"@context\":\"https:\/\/schema.org\",\"@graph\":[{\"@type\":\"WebPage\",\"@id\":\"https:\/\/mayula.eu\/fr\/producto\/cloche-fleurs-sechees\/\",\"url\":\"https:\/\/mayula.eu\/fr\/producto\/cloche-fleurs-sechees\/\",\"name\":\"CLOCHE FLEURS S\u00c9CH\u00c9ES - Mayula Flores\",\"isPartOf\":{\"@id\":\"https:\/\/mayula.eu\/#website\"},\"primaryImageOfPage\":{\"@id\":\"https:\/\/mayula.eu\/fr\/producto\/cloche-fleurs-sechees\/#primaryimage\"},\"image\":{\"@id\":\"https:\/\/mayula.eu\/fr\/producto\/cloche-fleurs-sechees\/#primaryimage\"},\"thumbnailUrl\":\"https:\/\/mayula.eu\/wp-content\/uploads\/2024\/02\/956FC883-F116-4C74-B2A2-30673AF73896.jpeg\",\"datePublished\":\"2022-02-03T22:53:18+00:00\",\"dateModified\":\"2024-06-26T19:37:47+00:00\",\"description\":\"Cloche de fleurs s\u00e9ch\u00e9es et pr\u00e9serv\u00e9es . Tu peux personnaliser et choisir tes couleurs .Envoie dans toute la france metropolitaine\",\"breadcrumb\":{\"@id\":\"https:\/\/mayula.eu\/fr\/producto\/cloche-fleurs-sechees\/#breadcrumb\"},\"inLanguage\":\"fr-FR\",\"potentialAction\":[{\"@type\":\"ReadAction\",\"target\":[\"https:\/\/mayula.eu\/fr\/producto\/cloche-fleurs-sechees\/\"]}]},{\"@type\":\"ImageObject\",\"inLanguage\":\"fr-FR\",\"@id\":\"https:\/\/mayula.eu\/fr\/producto\/cloche-fleurs-sechees\/#primaryimage\",\"url\":\"https:\/\/mayula.eu\/wp-content\/uploads\/2024\/02\/956FC883-F116-4C74-B2A2-30673AF73896.jpeg\",\"contentUrl\":\"https:\/\/mayula.eu\/wp-content\/uploads\/2024\/02\/956FC883-F116-4C74-B2A2-30673AF73896.jpeg\",\"width\":1773,\"height\":1773,\"caption\":\"CLOCHE FLEURS S\u00c9CH\u00c9ES\"},{\"@type\":\"BreadcrumbList\",\"@id\":\"https:\/\/mayula.eu\/fr\/producto\/cloche-fleurs-sechees\/#breadcrumb\",\"itemListElement\":[{\"@type\":\"ListItem\",\"position\":1,\"name\":\"Portada\",\"item\":\"https:\/\/mayula.eu\/fr\/\"},{\"@type\":\"ListItem\",\"position\":2,\"name\":\"Boutique\",\"item\":\"https:\/\/mayula.eu\/fr\/boutique\/\"},{\"@type\":\"ListItem\",\"position\":3,\"name\":\"CLOCHE FLEURS S\u00c9CH\u00c9ES\"}]},{\"@type\":\"WebSite\",\"@id\":\"https:\/\/mayula.eu\/#website\",\"url\":\"https:\/\/mayula.eu\/\",\"name\":\"Mayula Flores\",\"description\":\"Florista . Env\u00edo domicilio\",\"potentialAction\":[{\"@type\":\"SearchAction\",\"target\":{\"@type\":\"EntryPoint\",\"urlTemplate\":\"https:\/\/mayula.eu\/?s={search_term_string}\"},\"query-input\":{\"@type\":\"PropertyValueSpecification\",\"valueRequired\":true,\"valueName\":\"search_term_string\"}}],\"inLanguage\":\"fr-FR\"}]}<\/script>\n<!-- \/ Yoast SEO plugin. -->","yoast_head_json":{"title":"CLOCHE FLEURS S\u00c9CH\u00c9ES - Mayula Flores","description":"Cloche de fleurs s\u00e9ch\u00e9es et pr\u00e9serv\u00e9es . Tu peux personnaliser et choisir tes couleurs .Envoie dans toute la france metropolitaine","robots":{"index":"index","follow":"follow","max-snippet":"max-snippet:-1","max-image-preview":"max-image-preview:large","max-video-preview":"max-video-preview:-1"},"canonical":"https:\/\/mayula.eu\/fr\/producto\/cloche-fleurs-sechees\/","og_locale":"fr_FR","og_type":"article","og_title":"CLOCHE FLEURS S\u00c9CH\u00c9ES - Mayula Flores","og_description":"Cloche de fleurs s\u00e9ch\u00e9es et pr\u00e9serv\u00e9es . Tu peux personnaliser et choisir tes couleurs .Envoie dans toute la france metropolitaine","og_url":"https:\/\/mayula.eu\/fr\/producto\/cloche-fleurs-sechees\/","og_site_name":"Mayula Flores","article_modified_time":"2024-06-26T19:37:47+00:00","og_image":[{"width":1773,"height":1773,"url":"https:\/\/mayula.eu\/wp-content\/uploads\/2024\/02\/956FC883-F116-4C74-B2A2-30673AF73896.jpeg","type":"image\/jpeg"}],"twitter_card":"summary_large_image","schema":{"@context":"https:\/\/schema.org","@graph":[{"@type":"WebPage","@id":"https:\/\/mayula.eu\/fr\/producto\/cloche-fleurs-sechees\/","url":"https:\/\/mayula.eu\/fr\/producto\/cloche-fleurs-sechees\/","name":"CLOCHE FLEURS S\u00c9CH\u00c9ES - Mayula Flores","isPartOf":{"@id":"https:\/\/mayula.eu\/#website"},"primaryImageOfPage":{"@id":"https:\/\/mayula.eu\/fr\/producto\/cloche-fleurs-sechees\/#primaryimage"},"image":{"@id":"https:\/\/mayula.eu\/fr\/producto\/cloche-fleurs-sechees\/#primaryimage"},"thumbnailUrl":"https:\/\/mayula.eu\/wp-content\/uploads\/2024\/02\/956FC883-F116-4C74-B2A2-30673AF73896.jpeg","datePublished":"2022-02-03T22:53:18+00:00","dateModified":"2024-06-26T19:37:47+00:00","description":"Cloche de fleurs s\u00e9ch\u00e9es et pr\u00e9serv\u00e9es . Tu peux personnaliser et choisir tes couleurs .Envoie dans toute la france metropolitaine","breadcrumb":{"@id":"https:\/\/mayula.eu\/fr\/producto\/cloche-fleurs-sechees\/#breadcrumb"},"inLanguage":"fr-FR","potentialAction":[{"@type":"ReadAction","target":["https:\/\/mayula.eu\/fr\/producto\/cloche-fleurs-sechees\/"]}]},{"@type":"ImageObject","inLanguage":"fr-FR","@id":"https:\/\/mayula.eu\/fr\/producto\/cloche-fleurs-sechees\/#primaryimage","url":"https:\/\/mayula.eu\/wp-content\/uploads\/2024\/02\/956FC883-F116-4C74-B2A2-30673AF73896.jpeg","contentUrl":"https:\/\/mayula.eu\/wp-content\/uploads\/2024\/02\/956FC883-F116-4C74-B2A2-30673AF73896.jpeg","width":1773,"height":1773,"caption":"CLOCHE FLEURS S\u00c9CH\u00c9ES"},{"@type":"BreadcrumbList","@id":"https:\/\/mayula.eu\/fr\/producto\/cloche-fleurs-sechees\/#breadcrumb","itemListElement":[{"@type":"ListItem","position":1,"name":"Portada","item":"https:\/\/mayula.eu\/fr\/"},{"@type":"ListItem","position":2,"name":"Boutique","item":"https:\/\/mayula.eu\/fr\/boutique\/"},{"@type":"ListItem","position":3,"name":"CLOCHE FLEURS S\u00c9CH\u00c9ES"}]},{"@type":"WebSite","@id":"https:\/\/mayula.eu\/#website","url":"https:\/\/mayula.eu\/","name":"Mayula Flores","description":"Florista . Env\u00edo domicilio","potentialAction":[{"@type":"SearchAction","target":{"@type":"EntryPoint","urlTemplate":"https:\/\/mayula.eu\/?s={search_term_string}"},"query-input":{"@type":"PropertyValueSpecification","valueRequired":true,"valueName":"search_term_string"}}],"inLanguage":"fr-FR"}]}},"_links":{"self":[{"href":"https:\/\/mayula.eu\/fr\/wp-json\/wp\/v2\/product\/2149","targetHints":{"allow":["GET"]}}],"collection":[{"href":"https:\/\/mayula.eu\/fr\/wp-json\/wp\/v2\/product"}],"about":[{"href":"https:\/\/mayula.eu\/fr\/wp-json\/wp\/v2\/types\/product"}],"wp:featuredmedia":[{"embeddable":true,"href":"https:\/\/mayula.eu\/fr\/wp-json\/wp\/v2\/media\/5756"}],"wp:attachment":[{"href":"https:\/\/mayula.eu\/fr\/wp-json\/wp\/v2\/media?parent=2149"}],"wp:term":[{"taxonomy":"product_brand","embeddable":true,"href":"https:\/\/mayula.eu\/fr\/wp-json\/wp\/v2\/product_brand?post=2149"},{"taxonomy":"product_cat","embeddable":true,"href":"https:\/\/mayula.eu\/fr\/wp-json\/wp\/v2\/product_cat?post=2149"},{"taxonomy":"product_tag","embeddable":true,"href":"https:\/\/mayula.eu\/fr\/wp-json\/wp\/v2\/product_tag?post=2149"}],"curies":[{"name":"wp","href":"https:\/\/api.w.org\/{rel}","templated":true}]}}