{"id":1925,"date":"2021-11-21T23:26:51","date_gmt":"2021-11-21T23:26:51","guid":{"rendered":"https:\/\/mayula.eu\/producto\/cuadro-vegetal\/"},"modified":"2021-11-22T01:05:49","modified_gmt":"2021-11-22T01:05:49","slug":"tableau-vegetal","status":"publish","type":"product","link":"https:\/\/mayula.eu\/fr\/producto\/tableau-vegetal\/","title":{"rendered":"TABLEAU V\u00c9G\u00c9TAL"},"content":{"rendered":"<p>Dimensions\u00a0 30cm x 40cm.<\/p>\n<p>Pour que tableau v\u00e9g\u00e9tal dur plus longtemps, ne pas l&#8217;exposer au soleil et \u00e9viter les courants d&#8217;air .<\/p>\n<p>Nous r\u00e9alisons tout types de compositions et cr\u00e9ations v\u00e9g\u00e9tales , il suffit de nous consulter et nous transmettre tes souhaits , et nous te ferons\u00a0 un devis .<\/p>\n","protected":false},"excerpt":{"rendered":"<p>Tableau v\u00e9g\u00e9tal<\/p>\n<p>Fait entrer un petit bout de jardin chez toi , sans entretien , sans besoin de d\u00e9ranger un ami pendant tes vacances pour qu&#8217;il aille l&#8217;arroser.<\/p>\n<p>Une touche de nature dans ton salon, originale et sans entretien.<\/p>\n","protected":false},"featured_media":1920,"template":"","meta":{"_joinchat":[]},"product_brand":[],"product_cat":[32],"product_tag":[132],"class_list":{"0":"post-1925","1":"product","2":"type-product","3":"status-publish","4":"has-post-thumbnail","6":"product_cat-fleur-stabilisee-sechee","7":"product_tag-cuadro-vegetal-fr","9":"first","10":"instock","11":"shipping-taxable","12":"purchasable","13":"product-type-simple"},"yoast_head":"<!-- This site is optimized with the Yoast SEO plugin v26.1.1 - https:\/\/yoast.com\/wordpress\/plugins\/seo\/ -->\n<title>TABLEAU V\u00c9G\u00c9TAL - Mayula Flores<\/title>\n<meta name=\"description\" content=\"Tableau v\u00e9g\u00e9tal\" \/>\n<meta name=\"robots\" content=\"index, follow, max-snippet:-1, max-image-preview:large, max-video-preview:-1\" \/>\n<link rel=\"canonical\" href=\"https:\/\/mayula.eu\/fr\/producto\/tableau-vegetal\/\" \/>\n<meta property=\"og:locale\" content=\"fr_FR\" \/>\n<meta property=\"og:type\" content=\"article\" \/>\n<meta property=\"og:title\" content=\"TABLEAU V\u00c9G\u00c9TAL - Mayula Flores\" \/>\n<meta property=\"og:description\" content=\"Tableau v\u00e9g\u00e9tal\" \/>\n<meta property=\"og:url\" content=\"https:\/\/mayula.eu\/fr\/producto\/tableau-vegetal\/\" \/>\n<meta property=\"og:site_name\" content=\"Mayula Flores\" \/>\n<meta property=\"article:modified_time\" content=\"2021-11-22T01:05:49+00:00\" \/>\n<meta property=\"og:image\" content=\"https:\/\/mayula.eu\/wp-content\/uploads\/2021\/11\/Cuadro-vegetal-e1637538754567.jpg\" \/>\n\t<meta property=\"og:image:width\" content=\"640\" \/>\n\t<meta property=\"og:image:height\" content=\"640\" \/>\n\t<meta property=\"og:image:type\" content=\"image\/jpeg\" \/>\n<meta name=\"twitter:card\" content=\"summary_large_image\" \/>\n<meta name=\"twitter:label1\" content=\"Est. reading time\" \/>\n\t<meta name=\"twitter:data1\" content=\"1 minute\" \/>\n<script type=\"application\/ld+json\" class=\"yoast-schema-graph\">{\"@context\":\"https:\/\/schema.org\",\"@graph\":[{\"@type\":\"WebPage\",\"@id\":\"https:\/\/mayula.eu\/fr\/producto\/tableau-vegetal\/\",\"url\":\"https:\/\/mayula.eu\/fr\/producto\/tableau-vegetal\/\",\"name\":\"TABLEAU V\u00c9G\u00c9TAL - Mayula Flores\",\"isPartOf\":{\"@id\":\"https:\/\/mayula.eu\/#website\"},\"primaryImageOfPage\":{\"@id\":\"https:\/\/mayula.eu\/fr\/producto\/tableau-vegetal\/#primaryimage\"},\"image\":{\"@id\":\"https:\/\/mayula.eu\/fr\/producto\/tableau-vegetal\/#primaryimage\"},\"thumbnailUrl\":\"https:\/\/mayula.eu\/wp-content\/uploads\/2021\/11\/Cuadro-vegetal-e1637538754567.jpg\",\"datePublished\":\"2021-11-21T23:26:51+00:00\",\"dateModified\":\"2021-11-22T01:05:49+00:00\",\"description\":\"Tableau v\u00e9g\u00e9tal\",\"breadcrumb\":{\"@id\":\"https:\/\/mayula.eu\/fr\/producto\/tableau-vegetal\/#breadcrumb\"},\"inLanguage\":\"fr-FR\",\"potentialAction\":[{\"@type\":\"ReadAction\",\"target\":[\"https:\/\/mayula.eu\/fr\/producto\/tableau-vegetal\/\"]}]},{\"@type\":\"ImageObject\",\"inLanguage\":\"fr-FR\",\"@id\":\"https:\/\/mayula.eu\/fr\/producto\/tableau-vegetal\/#primaryimage\",\"url\":\"https:\/\/mayula.eu\/wp-content\/uploads\/2021\/11\/Cuadro-vegetal-e1637538754567.jpg\",\"contentUrl\":\"https:\/\/mayula.eu\/wp-content\/uploads\/2021\/11\/Cuadro-vegetal-e1637538754567.jpg\",\"width\":640,\"height\":640,\"caption\":\"Tableau V\u00e9g\u00e9tal Mayula\"},{\"@type\":\"BreadcrumbList\",\"@id\":\"https:\/\/mayula.eu\/fr\/producto\/tableau-vegetal\/#breadcrumb\",\"itemListElement\":[{\"@type\":\"ListItem\",\"position\":1,\"name\":\"Portada\",\"item\":\"https:\/\/mayula.eu\/fr\/\"},{\"@type\":\"ListItem\",\"position\":2,\"name\":\"Boutique\",\"item\":\"https:\/\/mayula.eu\/fr\/boutique\/\"},{\"@type\":\"ListItem\",\"position\":3,\"name\":\"TABLEAU V\u00c9G\u00c9TAL\"}]},{\"@type\":\"WebSite\",\"@id\":\"https:\/\/mayula.eu\/#website\",\"url\":\"https:\/\/mayula.eu\/\",\"name\":\"Mayula Flores\",\"description\":\"Florista . Env\u00edo domicilio\",\"potentialAction\":[{\"@type\":\"SearchAction\",\"target\":{\"@type\":\"EntryPoint\",\"urlTemplate\":\"https:\/\/mayula.eu\/?s={search_term_string}\"},\"query-input\":{\"@type\":\"PropertyValueSpecification\",\"valueRequired\":true,\"valueName\":\"search_term_string\"}}],\"inLanguage\":\"fr-FR\"}]}<\/script>\n<!-- \/ Yoast SEO plugin. -->","yoast_head_json":{"title":"TABLEAU V\u00c9G\u00c9TAL - Mayula Flores","description":"Tableau v\u00e9g\u00e9tal","robots":{"index":"index","follow":"follow","max-snippet":"max-snippet:-1","max-image-preview":"max-image-preview:large","max-video-preview":"max-video-preview:-1"},"canonical":"https:\/\/mayula.eu\/fr\/producto\/tableau-vegetal\/","og_locale":"fr_FR","og_type":"article","og_title":"TABLEAU V\u00c9G\u00c9TAL - Mayula Flores","og_description":"Tableau v\u00e9g\u00e9tal","og_url":"https:\/\/mayula.eu\/fr\/producto\/tableau-vegetal\/","og_site_name":"Mayula Flores","article_modified_time":"2021-11-22T01:05:49+00:00","og_image":[{"width":640,"height":640,"url":"https:\/\/mayula.eu\/wp-content\/uploads\/2021\/11\/Cuadro-vegetal-e1637538754567.jpg","type":"image\/jpeg"}],"twitter_card":"summary_large_image","twitter_misc":{"Est. reading time":"1 minute"},"schema":{"@context":"https:\/\/schema.org","@graph":[{"@type":"WebPage","@id":"https:\/\/mayula.eu\/fr\/producto\/tableau-vegetal\/","url":"https:\/\/mayula.eu\/fr\/producto\/tableau-vegetal\/","name":"TABLEAU V\u00c9G\u00c9TAL - Mayula Flores","isPartOf":{"@id":"https:\/\/mayula.eu\/#website"},"primaryImageOfPage":{"@id":"https:\/\/mayula.eu\/fr\/producto\/tableau-vegetal\/#primaryimage"},"image":{"@id":"https:\/\/mayula.eu\/fr\/producto\/tableau-vegetal\/#primaryimage"},"thumbnailUrl":"https:\/\/mayula.eu\/wp-content\/uploads\/2021\/11\/Cuadro-vegetal-e1637538754567.jpg","datePublished":"2021-11-21T23:26:51+00:00","dateModified":"2021-11-22T01:05:49+00:00","description":"Tableau v\u00e9g\u00e9tal","breadcrumb":{"@id":"https:\/\/mayula.eu\/fr\/producto\/tableau-vegetal\/#breadcrumb"},"inLanguage":"fr-FR","potentialAction":[{"@type":"ReadAction","target":["https:\/\/mayula.eu\/fr\/producto\/tableau-vegetal\/"]}]},{"@type":"ImageObject","inLanguage":"fr-FR","@id":"https:\/\/mayula.eu\/fr\/producto\/tableau-vegetal\/#primaryimage","url":"https:\/\/mayula.eu\/wp-content\/uploads\/2021\/11\/Cuadro-vegetal-e1637538754567.jpg","contentUrl":"https:\/\/mayula.eu\/wp-content\/uploads\/2021\/11\/Cuadro-vegetal-e1637538754567.jpg","width":640,"height":640,"caption":"Tableau V\u00e9g\u00e9tal Mayula"},{"@type":"BreadcrumbList","@id":"https:\/\/mayula.eu\/fr\/producto\/tableau-vegetal\/#breadcrumb","itemListElement":[{"@type":"ListItem","position":1,"name":"Portada","item":"https:\/\/mayula.eu\/fr\/"},{"@type":"ListItem","position":2,"name":"Boutique","item":"https:\/\/mayula.eu\/fr\/boutique\/"},{"@type":"ListItem","position":3,"name":"TABLEAU V\u00c9G\u00c9TAL"}]},{"@type":"WebSite","@id":"https:\/\/mayula.eu\/#website","url":"https:\/\/mayula.eu\/","name":"Mayula Flores","description":"Florista . Env\u00edo domicilio","potentialAction":[{"@type":"SearchAction","target":{"@type":"EntryPoint","urlTemplate":"https:\/\/mayula.eu\/?s={search_term_string}"},"query-input":{"@type":"PropertyValueSpecification","valueRequired":true,"valueName":"search_term_string"}}],"inLanguage":"fr-FR"}]}},"_links":{"self":[{"href":"https:\/\/mayula.eu\/fr\/wp-json\/wp\/v2\/product\/1925","targetHints":{"allow":["GET"]}}],"collection":[{"href":"https:\/\/mayula.eu\/fr\/wp-json\/wp\/v2\/product"}],"about":[{"href":"https:\/\/mayula.eu\/fr\/wp-json\/wp\/v2\/types\/product"}],"wp:featuredmedia":[{"embeddable":true,"href":"https:\/\/mayula.eu\/fr\/wp-json\/wp\/v2\/media\/1920"}],"wp:attachment":[{"href":"https:\/\/mayula.eu\/fr\/wp-json\/wp\/v2\/media?parent=1925"}],"wp:term":[{"taxonomy":"product_brand","embeddable":true,"href":"https:\/\/mayula.eu\/fr\/wp-json\/wp\/v2\/product_brand?post=1925"},{"taxonomy":"product_cat","embeddable":true,"href":"https:\/\/mayula.eu\/fr\/wp-json\/wp\/v2\/product_cat?post=1925"},{"taxonomy":"product_tag","embeddable":true,"href":"https:\/\/mayula.eu\/fr\/wp-json\/wp\/v2\/product_tag?post=1925"}],"curies":[{"name":"wp","href":"https:\/\/api.w.org\/{rel}","templated":true}]}}