{"id":1906,"date":"2021-11-21T23:24:47","date_gmt":"2021-11-21T23:24:47","guid":{"rendered":"https:\/\/mayula.eu\/?post_type=product&#038;p=1906"},"modified":"2024-06-28T19:51:45","modified_gmt":"2024-06-28T19:51:45","slug":"chemin-de-fleurs-sechees","status":"publish","type":"product","link":"https:\/\/mayula.eu\/fr\/producto\/chemin-de-fleurs-sechees\/","title":{"rendered":"CHEMIN DE FLEURS S\u00c9CH\u00c9ES"},"content":{"rendered":"<p>Afin de faciliter le transport nous proposons deux dimensions , mais nous pouvons r\u00e9aliser des dimensions sur mesure\u00a0 , pour cela nous consulter .<\/p>\n","protected":false},"excerpt":{"rendered":"<p>Chemin de fleurs s\u00e9ch\u00e9es<\/p>\n<p>Objet de d\u00e9coration parfait pour d\u00e9corer de fa\u00e7on originale\u00a0 une \u00e9tag\u00e8re , fixer au mur , ou simplement \u00e1 poser sur un meuble , table ect ..<\/p>\n<p>&nbsp;<\/p>\n<p>&nbsp;<\/p>\n","protected":false},"featured_media":1884,"template":"","meta":{"_joinchat":[]},"product_brand":[],"product_cat":[32],"product_tag":[130,35],"class_list":{"0":"post-1906","1":"product","2":"type-product","3":"status-publish","4":"has-post-thumbnail","6":"product_cat-fleur-stabilisee-sechee","7":"product_tag-camino-fr","8":"product_tag-flores-secas-fr","9":"pa_color-colores-alegres-fr","10":"pa_color-la-fleuriste-choisit-pour-toi-fr","11":"pa_color-naturel-fr","13":"first","14":"instock","15":"sold-individually","16":"shipping-taxable","17":"purchasable","18":"product-type-variable"},"yoast_head":"<!-- This site is optimized with the Yoast SEO plugin v26.1.1 - https:\/\/yoast.com\/wordpress\/plugins\/seo\/ -->\n<title>CHEMIN DE FLEURS S\u00c9CH\u00c9ES - Mayula Flores<\/title>\n<meta name=\"description\" content=\"Chemin de fleurs s\u00e9ch\u00e9es.Disponible en deux dimensions . Envoie dans toute la france m\u00e9tropolitaine et toute l&#039;espagne.\" \/>\n<meta name=\"robots\" content=\"index, follow, max-snippet:-1, max-image-preview:large, max-video-preview:-1\" \/>\n<link rel=\"canonical\" href=\"https:\/\/mayula.eu\/fr\/producto\/chemin-de-fleurs-sechees\/\" \/>\n<meta property=\"og:locale\" content=\"fr_FR\" \/>\n<meta property=\"og:type\" content=\"article\" \/>\n<meta property=\"og:title\" content=\"CHEMIN DE FLEURS S\u00c9CH\u00c9ES - Mayula Flores\" \/>\n<meta property=\"og:description\" content=\"Chemin de fleurs s\u00e9ch\u00e9es.Disponible en deux dimensions . Envoie dans toute la france m\u00e9tropolitaine et toute l&#039;espagne.\" \/>\n<meta property=\"og:url\" content=\"https:\/\/mayula.eu\/fr\/producto\/chemin-de-fleurs-sechees\/\" \/>\n<meta property=\"og:site_name\" content=\"Mayula Flores\" \/>\n<meta property=\"article:modified_time\" content=\"2024-06-28T19:51:45+00:00\" \/>\n<meta property=\"og:image\" content=\"https:\/\/mayula.eu\/wp-content\/uploads\/2021\/11\/IMG_4021-scaled-e1637538395991.jpg\" \/>\n\t<meta property=\"og:image:width\" content=\"2560\" \/>\n\t<meta property=\"og:image:height\" content=\"2560\" \/>\n\t<meta property=\"og:image:type\" content=\"image\/jpeg\" \/>\n<meta name=\"twitter:card\" content=\"summary_large_image\" \/>\n<meta name=\"twitter:label1\" content=\"Est. reading time\" \/>\n\t<meta name=\"twitter:data1\" content=\"1 minute\" \/>\n<script type=\"application\/ld+json\" class=\"yoast-schema-graph\">{\"@context\":\"https:\/\/schema.org\",\"@graph\":[{\"@type\":\"WebPage\",\"@id\":\"https:\/\/mayula.eu\/fr\/producto\/chemin-de-fleurs-sechees\/\",\"url\":\"https:\/\/mayula.eu\/fr\/producto\/chemin-de-fleurs-sechees\/\",\"name\":\"CHEMIN DE FLEURS S\u00c9CH\u00c9ES - Mayula Flores\",\"isPartOf\":{\"@id\":\"https:\/\/mayula.eu\/#website\"},\"primaryImageOfPage\":{\"@id\":\"https:\/\/mayula.eu\/fr\/producto\/chemin-de-fleurs-sechees\/#primaryimage\"},\"image\":{\"@id\":\"https:\/\/mayula.eu\/fr\/producto\/chemin-de-fleurs-sechees\/#primaryimage\"},\"thumbnailUrl\":\"https:\/\/mayula.eu\/wp-content\/uploads\/2021\/11\/IMG_4021-scaled-e1637538395991.jpg\",\"datePublished\":\"2021-11-21T23:24:47+00:00\",\"dateModified\":\"2024-06-28T19:51:45+00:00\",\"description\":\"Chemin de fleurs s\u00e9ch\u00e9es.Disponible en deux dimensions . Envoie dans toute la france m\u00e9tropolitaine et toute l'espagne.\",\"breadcrumb\":{\"@id\":\"https:\/\/mayula.eu\/fr\/producto\/chemin-de-fleurs-sechees\/#breadcrumb\"},\"inLanguage\":\"fr-FR\",\"potentialAction\":[{\"@type\":\"ReadAction\",\"target\":[\"https:\/\/mayula.eu\/fr\/producto\/chemin-de-fleurs-sechees\/\"]}]},{\"@type\":\"ImageObject\",\"inLanguage\":\"fr-FR\",\"@id\":\"https:\/\/mayula.eu\/fr\/producto\/chemin-de-fleurs-sechees\/#primaryimage\",\"url\":\"https:\/\/mayula.eu\/wp-content\/uploads\/2021\/11\/IMG_4021-scaled-e1637538395991.jpg\",\"contentUrl\":\"https:\/\/mayula.eu\/wp-content\/uploads\/2021\/11\/IMG_4021-scaled-e1637538395991.jpg\",\"width\":2560,\"height\":2560,\"caption\":\"Chemin de fleurs s\u00e9ch\u00e9es Mayula\"},{\"@type\":\"BreadcrumbList\",\"@id\":\"https:\/\/mayula.eu\/fr\/producto\/chemin-de-fleurs-sechees\/#breadcrumb\",\"itemListElement\":[{\"@type\":\"ListItem\",\"position\":1,\"name\":\"Portada\",\"item\":\"https:\/\/mayula.eu\/fr\/\"},{\"@type\":\"ListItem\",\"position\":2,\"name\":\"Boutique\",\"item\":\"https:\/\/mayula.eu\/fr\/boutique\/\"},{\"@type\":\"ListItem\",\"position\":3,\"name\":\"CHEMIN DE FLEURS S\u00c9CH\u00c9ES\"}]},{\"@type\":\"WebSite\",\"@id\":\"https:\/\/mayula.eu\/#website\",\"url\":\"https:\/\/mayula.eu\/\",\"name\":\"Mayula Flores\",\"description\":\"Florista . Env\u00edo domicilio\",\"potentialAction\":[{\"@type\":\"SearchAction\",\"target\":{\"@type\":\"EntryPoint\",\"urlTemplate\":\"https:\/\/mayula.eu\/?s={search_term_string}\"},\"query-input\":{\"@type\":\"PropertyValueSpecification\",\"valueRequired\":true,\"valueName\":\"search_term_string\"}}],\"inLanguage\":\"fr-FR\"}]}<\/script>\n<!-- \/ Yoast SEO plugin. -->","yoast_head_json":{"title":"CHEMIN DE FLEURS S\u00c9CH\u00c9ES - Mayula Flores","description":"Chemin de fleurs s\u00e9ch\u00e9es.Disponible en deux dimensions . Envoie dans toute la france m\u00e9tropolitaine et toute l'espagne.","robots":{"index":"index","follow":"follow","max-snippet":"max-snippet:-1","max-image-preview":"max-image-preview:large","max-video-preview":"max-video-preview:-1"},"canonical":"https:\/\/mayula.eu\/fr\/producto\/chemin-de-fleurs-sechees\/","og_locale":"fr_FR","og_type":"article","og_title":"CHEMIN DE FLEURS S\u00c9CH\u00c9ES - Mayula Flores","og_description":"Chemin de fleurs s\u00e9ch\u00e9es.Disponible en deux dimensions . Envoie dans toute la france m\u00e9tropolitaine et toute l'espagne.","og_url":"https:\/\/mayula.eu\/fr\/producto\/chemin-de-fleurs-sechees\/","og_site_name":"Mayula Flores","article_modified_time":"2024-06-28T19:51:45+00:00","og_image":[{"width":2560,"height":2560,"url":"https:\/\/mayula.eu\/wp-content\/uploads\/2021\/11\/IMG_4021-scaled-e1637538395991.jpg","type":"image\/jpeg"}],"twitter_card":"summary_large_image","twitter_misc":{"Est. reading time":"1 minute"},"schema":{"@context":"https:\/\/schema.org","@graph":[{"@type":"WebPage","@id":"https:\/\/mayula.eu\/fr\/producto\/chemin-de-fleurs-sechees\/","url":"https:\/\/mayula.eu\/fr\/producto\/chemin-de-fleurs-sechees\/","name":"CHEMIN DE FLEURS S\u00c9CH\u00c9ES - Mayula Flores","isPartOf":{"@id":"https:\/\/mayula.eu\/#website"},"primaryImageOfPage":{"@id":"https:\/\/mayula.eu\/fr\/producto\/chemin-de-fleurs-sechees\/#primaryimage"},"image":{"@id":"https:\/\/mayula.eu\/fr\/producto\/chemin-de-fleurs-sechees\/#primaryimage"},"thumbnailUrl":"https:\/\/mayula.eu\/wp-content\/uploads\/2021\/11\/IMG_4021-scaled-e1637538395991.jpg","datePublished":"2021-11-21T23:24:47+00:00","dateModified":"2024-06-28T19:51:45+00:00","description":"Chemin de fleurs s\u00e9ch\u00e9es.Disponible en deux dimensions . Envoie dans toute la france m\u00e9tropolitaine et toute l'espagne.","breadcrumb":{"@id":"https:\/\/mayula.eu\/fr\/producto\/chemin-de-fleurs-sechees\/#breadcrumb"},"inLanguage":"fr-FR","potentialAction":[{"@type":"ReadAction","target":["https:\/\/mayula.eu\/fr\/producto\/chemin-de-fleurs-sechees\/"]}]},{"@type":"ImageObject","inLanguage":"fr-FR","@id":"https:\/\/mayula.eu\/fr\/producto\/chemin-de-fleurs-sechees\/#primaryimage","url":"https:\/\/mayula.eu\/wp-content\/uploads\/2021\/11\/IMG_4021-scaled-e1637538395991.jpg","contentUrl":"https:\/\/mayula.eu\/wp-content\/uploads\/2021\/11\/IMG_4021-scaled-e1637538395991.jpg","width":2560,"height":2560,"caption":"Chemin de fleurs s\u00e9ch\u00e9es Mayula"},{"@type":"BreadcrumbList","@id":"https:\/\/mayula.eu\/fr\/producto\/chemin-de-fleurs-sechees\/#breadcrumb","itemListElement":[{"@type":"ListItem","position":1,"name":"Portada","item":"https:\/\/mayula.eu\/fr\/"},{"@type":"ListItem","position":2,"name":"Boutique","item":"https:\/\/mayula.eu\/fr\/boutique\/"},{"@type":"ListItem","position":3,"name":"CHEMIN DE FLEURS S\u00c9CH\u00c9ES"}]},{"@type":"WebSite","@id":"https:\/\/mayula.eu\/#website","url":"https:\/\/mayula.eu\/","name":"Mayula Flores","description":"Florista . Env\u00edo domicilio","potentialAction":[{"@type":"SearchAction","target":{"@type":"EntryPoint","urlTemplate":"https:\/\/mayula.eu\/?s={search_term_string}"},"query-input":{"@type":"PropertyValueSpecification","valueRequired":true,"valueName":"search_term_string"}}],"inLanguage":"fr-FR"}]}},"_links":{"self":[{"href":"https:\/\/mayula.eu\/fr\/wp-json\/wp\/v2\/product\/1906","targetHints":{"allow":["GET"]}}],"collection":[{"href":"https:\/\/mayula.eu\/fr\/wp-json\/wp\/v2\/product"}],"about":[{"href":"https:\/\/mayula.eu\/fr\/wp-json\/wp\/v2\/types\/product"}],"wp:featuredmedia":[{"embeddable":true,"href":"https:\/\/mayula.eu\/fr\/wp-json\/wp\/v2\/media\/1884"}],"wp:attachment":[{"href":"https:\/\/mayula.eu\/fr\/wp-json\/wp\/v2\/media?parent=1906"}],"wp:term":[{"taxonomy":"product_brand","embeddable":true,"href":"https:\/\/mayula.eu\/fr\/wp-json\/wp\/v2\/product_brand?post=1906"},{"taxonomy":"product_cat","embeddable":true,"href":"https:\/\/mayula.eu\/fr\/wp-json\/wp\/v2\/product_cat?post=1906"},{"taxonomy":"product_tag","embeddable":true,"href":"https:\/\/mayula.eu\/fr\/wp-json\/wp\/v2\/product_tag?post=1906"}],"curies":[{"name":"wp","href":"https:\/\/api.w.org\/{rel}","templated":true}]}}