{"id":1806,"date":"2021-11-19T17:52:45","date_gmt":"2021-11-19T17:52:45","guid":{"rendered":"https:\/\/mayula.eu\/?post_type=product&#038;p=1806"},"modified":"2022-09-01T18:59:43","modified_gmt":"2022-09-01T18:59:43","slug":"tableau-18cm-x-13cm","status":"publish","type":"product","link":"https:\/\/mayula.eu\/fr\/producto\/tableau-18cm-x-13cm\/","title":{"rendered":"Tableau 18cm x 13cm"},"content":{"rendered":"<p>Tous nos tableaux sont des pi\u00e8ces uniques fait main.<\/p>\n<p>Vous pouvez choisir soit un cadre blanc soit un cadre marron couleur bois, libre choix selon les int\u00e9rieures.<\/p>\n<p>Les petits tableaux de 1,2,3\u2026Cailloux peuvent \u00eatre soit \u00e0 poser soit \u00e0 accrocher.<\/p>\n","protected":false},"excerpt":{"rendered":"<p>Chacun se raconte sa petite histoire.<br \/>\nLibre court \u00e0 ton imagination, 1,2,3\u2026Cailloux, te permet d\u2019offrir des cadeaux originaux et d\u2019offrir un sourire, une \u00e9motion unique, et oui chacune de nos cr\u00e9ations sont diff\u00e9rentes et uniques. Nos petits tableaux sont fait main sur Hendaye.<br \/>\nDonc petit conseil d\u2019ami pour les ind\u00e9cis, ne tarde pas trop \u00e0 r\u00e9fl\u00e9chir, il se peut que lors de ta prochaine visite par ici, ton coup de c\u0153ur se soit envol\u00e9.<\/p>\n","protected":false},"featured_media":2243,"template":"","meta":{"_joinchat":[]},"product_brand":[],"product_cat":[71],"product_tag":[127],"class_list":{"0":"post-1806","1":"product","2":"type-product","3":"status-publish","4":"has-post-thumbnail","6":"product_cat-123-cailloux-fr","7":"product_tag-123-cailloux-fr","9":"first","10":"instock","11":"sold-individually","12":"shipping-taxable","13":"purchasable","14":"product-type-variable"},"yoast_head":"<!-- This site is optimized with the Yoast SEO plugin v26.1.1 - https:\/\/yoast.com\/wordpress\/plugins\/seo\/ -->\n<title>Tableau 18cm x 13cm - 1,2,3...Cailloux<\/title>\n<meta name=\"description\" content=\"Tableau 18cm x 13cm. 1,2,3...Cailloux. piece unique fait mail . Hendaye (Pays Basque). Envoi France m\u00e9tropolitaine\" \/>\n<meta name=\"robots\" content=\"index, follow, max-snippet:-1, max-image-preview:large, max-video-preview:-1\" \/>\n<link rel=\"canonical\" href=\"https:\/\/mayula.eu\/fr\/producto\/tableau-18cm-x-13cm\/\" \/>\n<meta property=\"og:locale\" content=\"fr_FR\" \/>\n<meta property=\"og:type\" content=\"article\" \/>\n<meta property=\"og:title\" content=\"Tableau 18cm x 13cm - 1,2,3...Cailloux\" \/>\n<meta property=\"og:description\" content=\"Tableau 18cm x 13cm. 1,2,3...Cailloux. piece unique fait mail . Hendaye (Pays Basque). Envoi France m\u00e9tropolitaine\" \/>\n<meta property=\"og:url\" content=\"https:\/\/mayula.eu\/fr\/producto\/tableau-18cm-x-13cm\/\" \/>\n<meta property=\"og:site_name\" content=\"Mayula Flores\" \/>\n<meta property=\"article:modified_time\" content=\"2022-09-01T18:59:43+00:00\" \/>\n<meta property=\"og:image\" content=\"https:\/\/mayula.eu\/wp-content\/uploads\/2021\/11\/IMG_7453.jpg\" \/>\n\t<meta property=\"og:image:width\" content=\"1687\" \/>\n\t<meta property=\"og:image:height\" content=\"1687\" \/>\n\t<meta property=\"og:image:type\" content=\"image\/jpeg\" \/>\n<meta name=\"twitter:card\" content=\"summary_large_image\" \/>\n<meta name=\"twitter:label1\" content=\"Est. reading time\" \/>\n\t<meta name=\"twitter:data1\" content=\"1 minute\" \/>\n<script type=\"application\/ld+json\" class=\"yoast-schema-graph\">{\"@context\":\"https:\/\/schema.org\",\"@graph\":[{\"@type\":\"WebPage\",\"@id\":\"https:\/\/mayula.eu\/fr\/producto\/tableau-18cm-x-13cm\/\",\"url\":\"https:\/\/mayula.eu\/fr\/producto\/tableau-18cm-x-13cm\/\",\"name\":\"Tableau 18cm x 13cm - 1,2,3...Cailloux\",\"isPartOf\":{\"@id\":\"https:\/\/mayula.eu\/#website\"},\"primaryImageOfPage\":{\"@id\":\"https:\/\/mayula.eu\/fr\/producto\/tableau-18cm-x-13cm\/#primaryimage\"},\"image\":{\"@id\":\"https:\/\/mayula.eu\/fr\/producto\/tableau-18cm-x-13cm\/#primaryimage\"},\"thumbnailUrl\":\"https:\/\/mayula.eu\/wp-content\/uploads\/2021\/11\/IMG_7453.jpg\",\"datePublished\":\"2021-11-19T17:52:45+00:00\",\"dateModified\":\"2022-09-01T18:59:43+00:00\",\"description\":\"Tableau 18cm x 13cm. 1,2,3...Cailloux. piece unique fait mail . Hendaye (Pays Basque). Envoi France m\u00e9tropolitaine\",\"breadcrumb\":{\"@id\":\"https:\/\/mayula.eu\/fr\/producto\/tableau-18cm-x-13cm\/#breadcrumb\"},\"inLanguage\":\"fr-FR\",\"potentialAction\":[{\"@type\":\"ReadAction\",\"target\":[\"https:\/\/mayula.eu\/fr\/producto\/tableau-18cm-x-13cm\/\"]}]},{\"@type\":\"ImageObject\",\"inLanguage\":\"fr-FR\",\"@id\":\"https:\/\/mayula.eu\/fr\/producto\/tableau-18cm-x-13cm\/#primaryimage\",\"url\":\"https:\/\/mayula.eu\/wp-content\/uploads\/2021\/11\/IMG_7453.jpg\",\"contentUrl\":\"https:\/\/mayula.eu\/wp-content\/uploads\/2021\/11\/IMG_7453.jpg\",\"width\":1687,\"height\":1687,\"caption\":\"123.Cailloux Hendaye\"},{\"@type\":\"BreadcrumbList\",\"@id\":\"https:\/\/mayula.eu\/fr\/producto\/tableau-18cm-x-13cm\/#breadcrumb\",\"itemListElement\":[{\"@type\":\"ListItem\",\"position\":1,\"name\":\"Portada\",\"item\":\"https:\/\/mayula.eu\/fr\/\"},{\"@type\":\"ListItem\",\"position\":2,\"name\":\"Boutique\",\"item\":\"https:\/\/mayula.eu\/fr\/boutique\/\"},{\"@type\":\"ListItem\",\"position\":3,\"name\":\"Tableau 18cm x 13cm\"}]},{\"@type\":\"WebSite\",\"@id\":\"https:\/\/mayula.eu\/#website\",\"url\":\"https:\/\/mayula.eu\/\",\"name\":\"Mayula Flores\",\"description\":\"Florista . Env\u00edo domicilio\",\"potentialAction\":[{\"@type\":\"SearchAction\",\"target\":{\"@type\":\"EntryPoint\",\"urlTemplate\":\"https:\/\/mayula.eu\/?s={search_term_string}\"},\"query-input\":{\"@type\":\"PropertyValueSpecification\",\"valueRequired\":true,\"valueName\":\"search_term_string\"}}],\"inLanguage\":\"fr-FR\"}]}<\/script>\n<!-- \/ Yoast SEO plugin. -->","yoast_head_json":{"title":"Tableau 18cm x 13cm - 1,2,3...Cailloux","description":"Tableau 18cm x 13cm. 1,2,3...Cailloux. piece unique fait mail . Hendaye (Pays Basque). Envoi France m\u00e9tropolitaine","robots":{"index":"index","follow":"follow","max-snippet":"max-snippet:-1","max-image-preview":"max-image-preview:large","max-video-preview":"max-video-preview:-1"},"canonical":"https:\/\/mayula.eu\/fr\/producto\/tableau-18cm-x-13cm\/","og_locale":"fr_FR","og_type":"article","og_title":"Tableau 18cm x 13cm - 1,2,3...Cailloux","og_description":"Tableau 18cm x 13cm. 1,2,3...Cailloux. piece unique fait mail . Hendaye (Pays Basque). Envoi France m\u00e9tropolitaine","og_url":"https:\/\/mayula.eu\/fr\/producto\/tableau-18cm-x-13cm\/","og_site_name":"Mayula Flores","article_modified_time":"2022-09-01T18:59:43+00:00","og_image":[{"width":1687,"height":1687,"url":"https:\/\/mayula.eu\/wp-content\/uploads\/2021\/11\/IMG_7453.jpg","type":"image\/jpeg"}],"twitter_card":"summary_large_image","twitter_misc":{"Est. reading time":"1 minute"},"schema":{"@context":"https:\/\/schema.org","@graph":[{"@type":"WebPage","@id":"https:\/\/mayula.eu\/fr\/producto\/tableau-18cm-x-13cm\/","url":"https:\/\/mayula.eu\/fr\/producto\/tableau-18cm-x-13cm\/","name":"Tableau 18cm x 13cm - 1,2,3...Cailloux","isPartOf":{"@id":"https:\/\/mayula.eu\/#website"},"primaryImageOfPage":{"@id":"https:\/\/mayula.eu\/fr\/producto\/tableau-18cm-x-13cm\/#primaryimage"},"image":{"@id":"https:\/\/mayula.eu\/fr\/producto\/tableau-18cm-x-13cm\/#primaryimage"},"thumbnailUrl":"https:\/\/mayula.eu\/wp-content\/uploads\/2021\/11\/IMG_7453.jpg","datePublished":"2021-11-19T17:52:45+00:00","dateModified":"2022-09-01T18:59:43+00:00","description":"Tableau 18cm x 13cm. 1,2,3...Cailloux. piece unique fait mail . Hendaye (Pays Basque). Envoi France m\u00e9tropolitaine","breadcrumb":{"@id":"https:\/\/mayula.eu\/fr\/producto\/tableau-18cm-x-13cm\/#breadcrumb"},"inLanguage":"fr-FR","potentialAction":[{"@type":"ReadAction","target":["https:\/\/mayula.eu\/fr\/producto\/tableau-18cm-x-13cm\/"]}]},{"@type":"ImageObject","inLanguage":"fr-FR","@id":"https:\/\/mayula.eu\/fr\/producto\/tableau-18cm-x-13cm\/#primaryimage","url":"https:\/\/mayula.eu\/wp-content\/uploads\/2021\/11\/IMG_7453.jpg","contentUrl":"https:\/\/mayula.eu\/wp-content\/uploads\/2021\/11\/IMG_7453.jpg","width":1687,"height":1687,"caption":"123.Cailloux Hendaye"},{"@type":"BreadcrumbList","@id":"https:\/\/mayula.eu\/fr\/producto\/tableau-18cm-x-13cm\/#breadcrumb","itemListElement":[{"@type":"ListItem","position":1,"name":"Portada","item":"https:\/\/mayula.eu\/fr\/"},{"@type":"ListItem","position":2,"name":"Boutique","item":"https:\/\/mayula.eu\/fr\/boutique\/"},{"@type":"ListItem","position":3,"name":"Tableau 18cm x 13cm"}]},{"@type":"WebSite","@id":"https:\/\/mayula.eu\/#website","url":"https:\/\/mayula.eu\/","name":"Mayula Flores","description":"Florista . Env\u00edo domicilio","potentialAction":[{"@type":"SearchAction","target":{"@type":"EntryPoint","urlTemplate":"https:\/\/mayula.eu\/?s={search_term_string}"},"query-input":{"@type":"PropertyValueSpecification","valueRequired":true,"valueName":"search_term_string"}}],"inLanguage":"fr-FR"}]}},"_links":{"self":[{"href":"https:\/\/mayula.eu\/fr\/wp-json\/wp\/v2\/product\/1806","targetHints":{"allow":["GET"]}}],"collection":[{"href":"https:\/\/mayula.eu\/fr\/wp-json\/wp\/v2\/product"}],"about":[{"href":"https:\/\/mayula.eu\/fr\/wp-json\/wp\/v2\/types\/product"}],"wp:featuredmedia":[{"embeddable":true,"href":"https:\/\/mayula.eu\/fr\/wp-json\/wp\/v2\/media\/2243"}],"wp:attachment":[{"href":"https:\/\/mayula.eu\/fr\/wp-json\/wp\/v2\/media?parent=1806"}],"wp:term":[{"taxonomy":"product_brand","embeddable":true,"href":"https:\/\/mayula.eu\/fr\/wp-json\/wp\/v2\/product_brand?post=1806"},{"taxonomy":"product_cat","embeddable":true,"href":"https:\/\/mayula.eu\/fr\/wp-json\/wp\/v2\/product_cat?post=1806"},{"taxonomy":"product_tag","embeddable":true,"href":"https:\/\/mayula.eu\/fr\/wp-json\/wp\/v2\/product_tag?post=1806"}],"curies":[{"name":"wp","href":"https:\/\/api.w.org\/{rel}","templated":true}]}}