{"id":1364,"date":"2021-10-06T17:44:16","date_gmt":"2021-10-06T17:44:16","guid":{"rendered":"https:\/\/mayula.eu\/producto\/lauburu-copia\/"},"modified":"2023-03-30T16:12:15","modified_gmt":"2023-03-30T16:12:15","slug":"lauburu-croix-basque","status":"publish","type":"product","link":"https:\/\/mayula.eu\/fr\/producto\/lauburu-croix-basque\/","title":{"rendered":"LAUBURU croix basque"},"content":{"rendered":"<p>Je vous envoie alors une photo avant de r\u00e9aliser l\u2019envoi de la commande afin de vous montrer le r\u00e9sultat et faire quelques changements si besoins.<\/p>\n<p>Le lauburu on le fait ensemble, il est cr\u00e9\u00e9 sp\u00e9cialement pour vous. Pour vous ou pour le plaisir d\u2019offrir.<\/p>\n<p>Pour pr\u00e9server votre lauburu, sur la dur\u00e9e, quelques astuces :<\/p>\n<p>Pas de soleil direct, pas d\u2019humidit\u00e9, et \u00e9viter les courant d\u2019air.<\/p>\n","protected":false},"excerpt":{"rendered":"<p>Voici notre lauburu , croix basque en basque .<\/p>\n<p>\u00ab\u00a0Lau\u00a0\u00bb signifie 4 en basque et \u00ab\u00a0buru\u00a0\u00bb signifie t\u00eate.<\/p>\n<p>La croix basque est form\u00e9e par 4 t\u00eates.<\/p>\n<p>Cette croix est un symbole identitaire au pays basque, un symbole d\u2019action \u00e9voquant la notion de cycle, de r\u00e9g\u00e9n\u00e9ration perp\u00e9tuelle qui parle de l\u2019\u00e9ternit\u00e9 de la vie.<\/p>\n<p>Au pays basque on les trouves sur les st\u00e8les fun\u00e9raires et dans la d\u00e9coration d\u2019objets domestiques, dans les entr\u00e9es des maison basques, meubles ou service de table en fa\u00efences etc. ..<\/p>\n<p>Les dimensions de la petite 30 cms, de la moyenne 40 cms, et la grande 50 cms.<\/p>\n","protected":false},"featured_media":373,"template":"","meta":{"_joinchat":[]},"product_brand":[],"product_cat":[32],"product_tag":[103],"class_list":{"0":"post-1364","1":"product","2":"type-product","3":"status-publish","4":"has-post-thumbnail","6":"product_cat-fleur-stabilisee-sechee","7":"product_tag-lauburu-fr","8":"pa_color-colores-alegres-fr","9":"pa_color-la-fleuriste-choisit-pour-toi-fr","10":"pa_color-naturel-fr","12":"first","13":"instock","14":"shipping-taxable","15":"purchasable","16":"product-type-variable"},"yoast_head":"<!-- This site is optimized with the Yoast SEO plugin v26.1.1 - https:\/\/yoast.com\/wordpress\/plugins\/seo\/ -->\n<title>Lauburu croix basque Mayula<\/title>\n<meta name=\"description\" content=\"Lauburu croix basque fleurs s\u00e9chees . Fait main \u00e1 Hendaye (Pays Basque) . La petite Mayula\" \/>\n<meta name=\"robots\" content=\"index, follow, max-snippet:-1, max-image-preview:large, max-video-preview:-1\" \/>\n<link rel=\"canonical\" href=\"https:\/\/mayula.eu\/fr\/producto\/lauburu-croix-basque\/\" \/>\n<meta property=\"og:locale\" content=\"fr_FR\" \/>\n<meta property=\"og:type\" content=\"article\" \/>\n<meta property=\"og:title\" content=\"Lauburu croix basque Mayula\" \/>\n<meta property=\"og:description\" content=\"Lauburu croix basque fleurs s\u00e9chees . Fait main \u00e1 Hendaye (Pays Basque) . La petite Mayula\" \/>\n<meta property=\"og:url\" content=\"https:\/\/mayula.eu\/fr\/producto\/lauburu-croix-basque\/\" \/>\n<meta property=\"og:site_name\" content=\"Mayula Flores\" \/>\n<meta property=\"article:modified_time\" content=\"2023-03-30T16:12:15+00:00\" \/>\n<meta property=\"og:image\" content=\"https:\/\/mayula.eu\/wp-content\/uploads\/2021\/06\/Lauburu-Mayula.jpg\" \/>\n\t<meta property=\"og:image:width\" content=\"640\" \/>\n\t<meta property=\"og:image:height\" content=\"640\" \/>\n\t<meta property=\"og:image:type\" content=\"image\/jpeg\" \/>\n<meta name=\"twitter:card\" content=\"summary_large_image\" \/>\n<meta name=\"twitter:label1\" content=\"Est. reading time\" \/>\n\t<meta name=\"twitter:data1\" content=\"1 minute\" \/>\n<script type=\"application\/ld+json\" class=\"yoast-schema-graph\">{\"@context\":\"https:\/\/schema.org\",\"@graph\":[{\"@type\":\"WebPage\",\"@id\":\"https:\/\/mayula.eu\/fr\/producto\/lauburu-croix-basque\/\",\"url\":\"https:\/\/mayula.eu\/fr\/producto\/lauburu-croix-basque\/\",\"name\":\"Lauburu croix basque Mayula\",\"isPartOf\":{\"@id\":\"https:\/\/mayula.eu\/#website\"},\"primaryImageOfPage\":{\"@id\":\"https:\/\/mayula.eu\/fr\/producto\/lauburu-croix-basque\/#primaryimage\"},\"image\":{\"@id\":\"https:\/\/mayula.eu\/fr\/producto\/lauburu-croix-basque\/#primaryimage\"},\"thumbnailUrl\":\"https:\/\/mayula.eu\/wp-content\/uploads\/2021\/06\/Lauburu-Mayula.jpg\",\"datePublished\":\"2021-10-06T17:44:16+00:00\",\"dateModified\":\"2023-03-30T16:12:15+00:00\",\"description\":\"Lauburu croix basque fleurs s\u00e9chees . Fait main \u00e1 Hendaye (Pays Basque) . La petite Mayula\",\"breadcrumb\":{\"@id\":\"https:\/\/mayula.eu\/fr\/producto\/lauburu-croix-basque\/#breadcrumb\"},\"inLanguage\":\"fr-FR\",\"potentialAction\":[{\"@type\":\"ReadAction\",\"target\":[\"https:\/\/mayula.eu\/fr\/producto\/lauburu-croix-basque\/\"]}]},{\"@type\":\"ImageObject\",\"inLanguage\":\"fr-FR\",\"@id\":\"https:\/\/mayula.eu\/fr\/producto\/lauburu-croix-basque\/#primaryimage\",\"url\":\"https:\/\/mayula.eu\/wp-content\/uploads\/2021\/06\/Lauburu-Mayula.jpg\",\"contentUrl\":\"https:\/\/mayula.eu\/wp-content\/uploads\/2021\/06\/Lauburu-Mayula.jpg\",\"width\":640,\"height\":640,\"caption\":\"Lauburu croix basque Mayula\"},{\"@type\":\"BreadcrumbList\",\"@id\":\"https:\/\/mayula.eu\/fr\/producto\/lauburu-croix-basque\/#breadcrumb\",\"itemListElement\":[{\"@type\":\"ListItem\",\"position\":1,\"name\":\"Portada\",\"item\":\"https:\/\/mayula.eu\/fr\/\"},{\"@type\":\"ListItem\",\"position\":2,\"name\":\"Boutique\",\"item\":\"https:\/\/mayula.eu\/fr\/boutique\/\"},{\"@type\":\"ListItem\",\"position\":3,\"name\":\"LAUBURU croix basque\"}]},{\"@type\":\"WebSite\",\"@id\":\"https:\/\/mayula.eu\/#website\",\"url\":\"https:\/\/mayula.eu\/\",\"name\":\"Mayula Flores\",\"description\":\"Florista . Env\u00edo domicilio\",\"potentialAction\":[{\"@type\":\"SearchAction\",\"target\":{\"@type\":\"EntryPoint\",\"urlTemplate\":\"https:\/\/mayula.eu\/?s={search_term_string}\"},\"query-input\":{\"@type\":\"PropertyValueSpecification\",\"valueRequired\":true,\"valueName\":\"search_term_string\"}}],\"inLanguage\":\"fr-FR\"}]}<\/script>\n<!-- \/ Yoast SEO plugin. -->","yoast_head_json":{"title":"Lauburu croix basque Mayula","description":"Lauburu croix basque fleurs s\u00e9chees . Fait main \u00e1 Hendaye (Pays Basque) . La petite Mayula","robots":{"index":"index","follow":"follow","max-snippet":"max-snippet:-1","max-image-preview":"max-image-preview:large","max-video-preview":"max-video-preview:-1"},"canonical":"https:\/\/mayula.eu\/fr\/producto\/lauburu-croix-basque\/","og_locale":"fr_FR","og_type":"article","og_title":"Lauburu croix basque Mayula","og_description":"Lauburu croix basque fleurs s\u00e9chees . Fait main \u00e1 Hendaye (Pays Basque) . La petite Mayula","og_url":"https:\/\/mayula.eu\/fr\/producto\/lauburu-croix-basque\/","og_site_name":"Mayula Flores","article_modified_time":"2023-03-30T16:12:15+00:00","og_image":[{"width":640,"height":640,"url":"https:\/\/mayula.eu\/wp-content\/uploads\/2021\/06\/Lauburu-Mayula.jpg","type":"image\/jpeg"}],"twitter_card":"summary_large_image","twitter_misc":{"Est. reading time":"1 minute"},"schema":{"@context":"https:\/\/schema.org","@graph":[{"@type":"WebPage","@id":"https:\/\/mayula.eu\/fr\/producto\/lauburu-croix-basque\/","url":"https:\/\/mayula.eu\/fr\/producto\/lauburu-croix-basque\/","name":"Lauburu croix basque Mayula","isPartOf":{"@id":"https:\/\/mayula.eu\/#website"},"primaryImageOfPage":{"@id":"https:\/\/mayula.eu\/fr\/producto\/lauburu-croix-basque\/#primaryimage"},"image":{"@id":"https:\/\/mayula.eu\/fr\/producto\/lauburu-croix-basque\/#primaryimage"},"thumbnailUrl":"https:\/\/mayula.eu\/wp-content\/uploads\/2021\/06\/Lauburu-Mayula.jpg","datePublished":"2021-10-06T17:44:16+00:00","dateModified":"2023-03-30T16:12:15+00:00","description":"Lauburu croix basque fleurs s\u00e9chees . Fait main \u00e1 Hendaye (Pays Basque) . La petite Mayula","breadcrumb":{"@id":"https:\/\/mayula.eu\/fr\/producto\/lauburu-croix-basque\/#breadcrumb"},"inLanguage":"fr-FR","potentialAction":[{"@type":"ReadAction","target":["https:\/\/mayula.eu\/fr\/producto\/lauburu-croix-basque\/"]}]},{"@type":"ImageObject","inLanguage":"fr-FR","@id":"https:\/\/mayula.eu\/fr\/producto\/lauburu-croix-basque\/#primaryimage","url":"https:\/\/mayula.eu\/wp-content\/uploads\/2021\/06\/Lauburu-Mayula.jpg","contentUrl":"https:\/\/mayula.eu\/wp-content\/uploads\/2021\/06\/Lauburu-Mayula.jpg","width":640,"height":640,"caption":"Lauburu croix basque Mayula"},{"@type":"BreadcrumbList","@id":"https:\/\/mayula.eu\/fr\/producto\/lauburu-croix-basque\/#breadcrumb","itemListElement":[{"@type":"ListItem","position":1,"name":"Portada","item":"https:\/\/mayula.eu\/fr\/"},{"@type":"ListItem","position":2,"name":"Boutique","item":"https:\/\/mayula.eu\/fr\/boutique\/"},{"@type":"ListItem","position":3,"name":"LAUBURU croix basque"}]},{"@type":"WebSite","@id":"https:\/\/mayula.eu\/#website","url":"https:\/\/mayula.eu\/","name":"Mayula Flores","description":"Florista . Env\u00edo domicilio","potentialAction":[{"@type":"SearchAction","target":{"@type":"EntryPoint","urlTemplate":"https:\/\/mayula.eu\/?s={search_term_string}"},"query-input":{"@type":"PropertyValueSpecification","valueRequired":true,"valueName":"search_term_string"}}],"inLanguage":"fr-FR"}]}},"_links":{"self":[{"href":"https:\/\/mayula.eu\/fr\/wp-json\/wp\/v2\/product\/1364","targetHints":{"allow":["GET"]}}],"collection":[{"href":"https:\/\/mayula.eu\/fr\/wp-json\/wp\/v2\/product"}],"about":[{"href":"https:\/\/mayula.eu\/fr\/wp-json\/wp\/v2\/types\/product"}],"wp:featuredmedia":[{"embeddable":true,"href":"https:\/\/mayula.eu\/fr\/wp-json\/wp\/v2\/media\/373"}],"wp:attachment":[{"href":"https:\/\/mayula.eu\/fr\/wp-json\/wp\/v2\/media?parent=1364"}],"wp:term":[{"taxonomy":"product_brand","embeddable":true,"href":"https:\/\/mayula.eu\/fr\/wp-json\/wp\/v2\/product_brand?post=1364"},{"taxonomy":"product_cat","embeddable":true,"href":"https:\/\/mayula.eu\/fr\/wp-json\/wp\/v2\/product_cat?post=1364"},{"taxonomy":"product_tag","embeddable":true,"href":"https:\/\/mayula.eu\/fr\/wp-json\/wp\/v2\/product_tag?post=1364"}],"curies":[{"name":"wp","href":"https:\/\/api.w.org\/{rel}","templated":true}]}}