{"id":1355,"date":"2021-06-28T09:31:59","date_gmt":"2021-06-28T09:31:59","guid":{"rendered":"https:\/\/mayula.eu\/producto\/123-cailloux-15cm-x20cm\/"},"modified":"2025-09-09T16:12:40","modified_gmt":"2025-09-09T16:12:40","slug":"123-cailloux-15cm-x20cm","status":"publish","type":"product","link":"https:\/\/mayula.eu\/fr\/producto\/123-cailloux-15cm-x20cm\/","title":{"rendered":"1,2,3&#8230;Cailloux  15cm x20cm"},"content":{"rendered":"<p>Tous nos tableaux sont des pi\u00e8ces uniques fait main.<\/p>\n<p>Vous pouvez choisir soit un cadre blanc soit un cadre marron couleur bois, libre choix selon les int\u00e9rieures.<\/p>\n<p>Les petits tableaux de 1,2,3\u2026Cailloux peuvent \u00eatre soit \u00e0 poser soit \u00e0 accrocher.<\/p>\n","protected":false},"excerpt":{"rendered":"<p>1,2,3&#8230;Cailloux 15cmx20cm .<\/p>\n<p>Chacun se raconte sa petite histoire.<\/p>\n<p>Libre court \u00e0 ton imagination, 1,2,3\u2026Cailloux, te permet d\u2019offrir des cadeaux originaux et d\u2019offrir un sourire, une \u00e9motion unique, et oui chacune de nos cr\u00e9ations sont diff\u00e9rentes et uniques. Nos petits tableaux \u00a0sont \u00a0fait main sur Hendaye.<\/p>\n<p>Donc petit conseil d\u2019ami pour les ind\u00e9cis, ne tarde pas trop \u00e0 r\u00e9fl\u00e9chir, il se peut que lors de ta prochaine visite par ici, ton coup de c\u0153ur se soit envol\u00e9.<\/p>\n","protected":false},"featured_media":5517,"template":"","meta":{"_joinchat":[]},"product_brand":[],"product_cat":[71],"product_tag":[72,97],"class_list":{"0":"post-1355","1":"product","2":"type-product","3":"status-publish","4":"has-post-thumbnail","6":"product_cat-123-cailloux-fr","7":"product_tag-cailloux-fr","8":"product_tag-poissons","10":"first","11":"outofstock","12":"sold-individually","13":"shipping-taxable","14":"purchasable","15":"product-type-variable"},"yoast_head":"<!-- This site is optimized with the Yoast SEO plugin v26.1.1 - https:\/\/yoast.com\/wordpress\/plugins\/seo\/ -->\n<title>1,2,3...Cailloux. Hendaye (Pays Basque)<\/title>\n<meta name=\"description\" content=\"1,2,3...Cailloux,petit cadres pour grands cadeaux. Pi\u00e8ces uniques fait main \u00e0 Hendaye (Pays Basque). Envoi France M\u00e9tropolitaine\" \/>\n<meta name=\"robots\" content=\"index, follow, max-snippet:-1, max-image-preview:large, max-video-preview:-1\" \/>\n<link rel=\"canonical\" href=\"https:\/\/mayula.eu\/fr\/producto\/123-cailloux-15cm-x20cm\/\" \/>\n<meta property=\"og:locale\" content=\"fr_FR\" \/>\n<meta property=\"og:type\" content=\"article\" \/>\n<meta property=\"og:title\" content=\"1,2,3...Cailloux. Hendaye (Pays Basque)\" \/>\n<meta property=\"og:description\" content=\"1,2,3...Cailloux,petit cadres pour grands cadeaux. Pi\u00e8ces uniques fait main \u00e0 Hendaye (Pays Basque). Envoi France M\u00e9tropolitaine\" \/>\n<meta property=\"og:url\" content=\"https:\/\/mayula.eu\/fr\/producto\/123-cailloux-15cm-x20cm\/\" \/>\n<meta property=\"og:site_name\" content=\"Mayula Flores\" \/>\n<meta property=\"article:modified_time\" content=\"2025-09-09T16:12:40+00:00\" \/>\n<meta property=\"og:image\" content=\"https:\/\/mayula.eu\/wp-content\/uploads\/2021\/06\/99CE2D31-E65E-4E0A-AADA-7B992AFC1A55-scaled.jpeg\" \/>\n\t<meta property=\"og:image:width\" content=\"2560\" \/>\n\t<meta property=\"og:image:height\" content=\"2560\" \/>\n\t<meta property=\"og:image:type\" content=\"image\/jpeg\" \/>\n<meta name=\"twitter:card\" content=\"summary_large_image\" \/>\n<meta name=\"twitter:label1\" content=\"Est. reading time\" \/>\n\t<meta name=\"twitter:data1\" content=\"1 minute\" \/>\n<script type=\"application\/ld+json\" class=\"yoast-schema-graph\">{\"@context\":\"https:\/\/schema.org\",\"@graph\":[{\"@type\":\"WebPage\",\"@id\":\"https:\/\/mayula.eu\/fr\/producto\/123-cailloux-15cm-x20cm\/\",\"url\":\"https:\/\/mayula.eu\/fr\/producto\/123-cailloux-15cm-x20cm\/\",\"name\":\"1,2,3...Cailloux. Hendaye (Pays Basque)\",\"isPartOf\":{\"@id\":\"https:\/\/mayula.eu\/#website\"},\"primaryImageOfPage\":{\"@id\":\"https:\/\/mayula.eu\/fr\/producto\/123-cailloux-15cm-x20cm\/#primaryimage\"},\"image\":{\"@id\":\"https:\/\/mayula.eu\/fr\/producto\/123-cailloux-15cm-x20cm\/#primaryimage\"},\"thumbnailUrl\":\"https:\/\/mayula.eu\/wp-content\/uploads\/2021\/06\/99CE2D31-E65E-4E0A-AADA-7B992AFC1A55-scaled.jpeg\",\"datePublished\":\"2021-06-28T09:31:59+00:00\",\"dateModified\":\"2025-09-09T16:12:40+00:00\",\"description\":\"1,2,3...Cailloux,petit cadres pour grands cadeaux. Pi\u00e8ces uniques fait main \u00e0 Hendaye (Pays Basque). Envoi France M\u00e9tropolitaine\",\"breadcrumb\":{\"@id\":\"https:\/\/mayula.eu\/fr\/producto\/123-cailloux-15cm-x20cm\/#breadcrumb\"},\"inLanguage\":\"fr-FR\",\"potentialAction\":[{\"@type\":\"ReadAction\",\"target\":[\"https:\/\/mayula.eu\/fr\/producto\/123-cailloux-15cm-x20cm\/\"]}]},{\"@type\":\"ImageObject\",\"inLanguage\":\"fr-FR\",\"@id\":\"https:\/\/mayula.eu\/fr\/producto\/123-cailloux-15cm-x20cm\/#primaryimage\",\"url\":\"https:\/\/mayula.eu\/wp-content\/uploads\/2021\/06\/99CE2D31-E65E-4E0A-AADA-7B992AFC1A55-scaled.jpeg\",\"contentUrl\":\"https:\/\/mayula.eu\/wp-content\/uploads\/2021\/06\/99CE2D31-E65E-4E0A-AADA-7B992AFC1A55-scaled.jpeg\",\"width\":2560,\"height\":2560,\"caption\":\"123.Cailloux. Hendaye\"},{\"@type\":\"BreadcrumbList\",\"@id\":\"https:\/\/mayula.eu\/fr\/producto\/123-cailloux-15cm-x20cm\/#breadcrumb\",\"itemListElement\":[{\"@type\":\"ListItem\",\"position\":1,\"name\":\"Portada\",\"item\":\"https:\/\/mayula.eu\/fr\/\"},{\"@type\":\"ListItem\",\"position\":2,\"name\":\"Boutique\",\"item\":\"https:\/\/mayula.eu\/fr\/boutique\/\"},{\"@type\":\"ListItem\",\"position\":3,\"name\":\"1,2,3&#8230;Cailloux 15cm x20cm\"}]},{\"@type\":\"WebSite\",\"@id\":\"https:\/\/mayula.eu\/#website\",\"url\":\"https:\/\/mayula.eu\/\",\"name\":\"Mayula Flores\",\"description\":\"Florista . Env\u00edo domicilio\",\"potentialAction\":[{\"@type\":\"SearchAction\",\"target\":{\"@type\":\"EntryPoint\",\"urlTemplate\":\"https:\/\/mayula.eu\/?s={search_term_string}\"},\"query-input\":{\"@type\":\"PropertyValueSpecification\",\"valueRequired\":true,\"valueName\":\"search_term_string\"}}],\"inLanguage\":\"fr-FR\"}]}<\/script>\n<!-- \/ Yoast SEO plugin. -->","yoast_head_json":{"title":"1,2,3...Cailloux. Hendaye (Pays Basque)","description":"1,2,3...Cailloux,petit cadres pour grands cadeaux. Pi\u00e8ces uniques fait main \u00e0 Hendaye (Pays Basque). Envoi France M\u00e9tropolitaine","robots":{"index":"index","follow":"follow","max-snippet":"max-snippet:-1","max-image-preview":"max-image-preview:large","max-video-preview":"max-video-preview:-1"},"canonical":"https:\/\/mayula.eu\/fr\/producto\/123-cailloux-15cm-x20cm\/","og_locale":"fr_FR","og_type":"article","og_title":"1,2,3...Cailloux. Hendaye (Pays Basque)","og_description":"1,2,3...Cailloux,petit cadres pour grands cadeaux. Pi\u00e8ces uniques fait main \u00e0 Hendaye (Pays Basque). Envoi France M\u00e9tropolitaine","og_url":"https:\/\/mayula.eu\/fr\/producto\/123-cailloux-15cm-x20cm\/","og_site_name":"Mayula Flores","article_modified_time":"2025-09-09T16:12:40+00:00","og_image":[{"width":2560,"height":2560,"url":"https:\/\/mayula.eu\/wp-content\/uploads\/2021\/06\/99CE2D31-E65E-4E0A-AADA-7B992AFC1A55-scaled.jpeg","type":"image\/jpeg"}],"twitter_card":"summary_large_image","twitter_misc":{"Est. reading time":"1 minute"},"schema":{"@context":"https:\/\/schema.org","@graph":[{"@type":"WebPage","@id":"https:\/\/mayula.eu\/fr\/producto\/123-cailloux-15cm-x20cm\/","url":"https:\/\/mayula.eu\/fr\/producto\/123-cailloux-15cm-x20cm\/","name":"1,2,3...Cailloux. Hendaye (Pays Basque)","isPartOf":{"@id":"https:\/\/mayula.eu\/#website"},"primaryImageOfPage":{"@id":"https:\/\/mayula.eu\/fr\/producto\/123-cailloux-15cm-x20cm\/#primaryimage"},"image":{"@id":"https:\/\/mayula.eu\/fr\/producto\/123-cailloux-15cm-x20cm\/#primaryimage"},"thumbnailUrl":"https:\/\/mayula.eu\/wp-content\/uploads\/2021\/06\/99CE2D31-E65E-4E0A-AADA-7B992AFC1A55-scaled.jpeg","datePublished":"2021-06-28T09:31:59+00:00","dateModified":"2025-09-09T16:12:40+00:00","description":"1,2,3...Cailloux,petit cadres pour grands cadeaux. Pi\u00e8ces uniques fait main \u00e0 Hendaye (Pays Basque). Envoi France M\u00e9tropolitaine","breadcrumb":{"@id":"https:\/\/mayula.eu\/fr\/producto\/123-cailloux-15cm-x20cm\/#breadcrumb"},"inLanguage":"fr-FR","potentialAction":[{"@type":"ReadAction","target":["https:\/\/mayula.eu\/fr\/producto\/123-cailloux-15cm-x20cm\/"]}]},{"@type":"ImageObject","inLanguage":"fr-FR","@id":"https:\/\/mayula.eu\/fr\/producto\/123-cailloux-15cm-x20cm\/#primaryimage","url":"https:\/\/mayula.eu\/wp-content\/uploads\/2021\/06\/99CE2D31-E65E-4E0A-AADA-7B992AFC1A55-scaled.jpeg","contentUrl":"https:\/\/mayula.eu\/wp-content\/uploads\/2021\/06\/99CE2D31-E65E-4E0A-AADA-7B992AFC1A55-scaled.jpeg","width":2560,"height":2560,"caption":"123.Cailloux. Hendaye"},{"@type":"BreadcrumbList","@id":"https:\/\/mayula.eu\/fr\/producto\/123-cailloux-15cm-x20cm\/#breadcrumb","itemListElement":[{"@type":"ListItem","position":1,"name":"Portada","item":"https:\/\/mayula.eu\/fr\/"},{"@type":"ListItem","position":2,"name":"Boutique","item":"https:\/\/mayula.eu\/fr\/boutique\/"},{"@type":"ListItem","position":3,"name":"1,2,3&#8230;Cailloux 15cm x20cm"}]},{"@type":"WebSite","@id":"https:\/\/mayula.eu\/#website","url":"https:\/\/mayula.eu\/","name":"Mayula Flores","description":"Florista . Env\u00edo domicilio","potentialAction":[{"@type":"SearchAction","target":{"@type":"EntryPoint","urlTemplate":"https:\/\/mayula.eu\/?s={search_term_string}"},"query-input":{"@type":"PropertyValueSpecification","valueRequired":true,"valueName":"search_term_string"}}],"inLanguage":"fr-FR"}]}},"_links":{"self":[{"href":"https:\/\/mayula.eu\/fr\/wp-json\/wp\/v2\/product\/1355","targetHints":{"allow":["GET"]}}],"collection":[{"href":"https:\/\/mayula.eu\/fr\/wp-json\/wp\/v2\/product"}],"about":[{"href":"https:\/\/mayula.eu\/fr\/wp-json\/wp\/v2\/types\/product"}],"wp:featuredmedia":[{"embeddable":true,"href":"https:\/\/mayula.eu\/fr\/wp-json\/wp\/v2\/media\/5517"}],"wp:attachment":[{"href":"https:\/\/mayula.eu\/fr\/wp-json\/wp\/v2\/media?parent=1355"}],"wp:term":[{"taxonomy":"product_brand","embeddable":true,"href":"https:\/\/mayula.eu\/fr\/wp-json\/wp\/v2\/product_brand?post=1355"},{"taxonomy":"product_cat","embeddable":true,"href":"https:\/\/mayula.eu\/fr\/wp-json\/wp\/v2\/product_cat?post=1355"},{"taxonomy":"product_tag","embeddable":true,"href":"https:\/\/mayula.eu\/fr\/wp-json\/wp\/v2\/product_tag?post=1355"}],"curies":[{"name":"wp","href":"https:\/\/api.w.org\/{rel}","templated":true}]}}