{"id":1194,"date":"2021-06-28T17:15:10","date_gmt":"2021-06-28T17:15:10","guid":{"rendered":"https:\/\/mayula.eu\/producto\/tableau-marin\/"},"modified":"2021-11-22T01:08:11","modified_gmt":"2021-11-22T01:08:11","slug":"tableau-marin","status":"publish","type":"product","link":"https:\/\/mayula.eu\/fr\/producto\/tableau-marin\/","title":{"rendered":"TABLEAU MARIN"},"content":{"rendered":"<p>Nos cadres pour les tableaux marins, sont blancs et peuvent \u00eatre soit \u00e0 poser ou \u00e0 accrocher.<\/p>\n<p>Toutes nos cr\u00e9ations sont uniques et fait main<\/p>\n<p>dimension du cadre 25cmx25cmx6cm<\/p>\n","protected":false},"excerpt":{"rendered":"<p>Une envie d&#8217;air marin ,ce tableau vous plongera directement au profondeur marine , il est unique fait main .<\/p>\n<p>Tu as en plus l&#8217;option de choisir celui ci ou de choisir les teintes que tu preferes , nuances plus claires ou plus fonc\u00e9s aux choix .<\/p>\n<p>Avant de faire l&#8217;envoie on envoie une photo afin de valider .<\/p>\n","protected":false},"featured_media":817,"template":"","meta":{"_joinchat":[]},"product_brand":[],"product_cat":[32],"product_tag":[93,92,94],"class_list":{"0":"post-1194","1":"product","2":"type-product","3":"status-publish","4":"has-post-thumbnail","6":"product_cat-fleur-stabilisee-sechee","7":"product_tag-fleurs-sechees-et-stabiliseesd","8":"product_tag-tableau","9":"product_tag-tableau-marin","10":"pa_color-colores-alegres-fr","11":"pa_color-la-fleuriste-choisit-pour-toi-fr","12":"pa_color-naturel-fr","14":"first","15":"instock","16":"shipping-taxable","17":"purchasable","18":"product-type-variable"},"yoast_head":"<!-- This site is optimized with the Yoast SEO plugin v26.1.1 - https:\/\/yoast.com\/wordpress\/plugins\/seo\/ -->\n<title>Tableau marin. Mayula Flores . Envoie dans toute la France m\u00e9tropolitaine<\/title>\n<meta name=\"description\" content=\"Ce tableau marin te plongera dans les profondeurs marine .Envoie dans toute la France metropolitaine et Espagne\" \/>\n<meta name=\"robots\" content=\"index, follow, max-snippet:-1, max-image-preview:large, max-video-preview:-1\" \/>\n<link rel=\"canonical\" href=\"https:\/\/mayula.eu\/fr\/producto\/tableau-marin\/\" \/>\n<meta property=\"og:locale\" content=\"fr_FR\" \/>\n<meta property=\"og:type\" content=\"article\" \/>\n<meta property=\"og:title\" content=\"Tableau marin. Mayula Flores . Envoie dans toute la France m\u00e9tropolitaine\" \/>\n<meta property=\"og:description\" content=\"Ce tableau marin te plongera dans les profondeurs marine .Envoie dans toute la France metropolitaine et Espagne\" \/>\n<meta property=\"og:url\" content=\"https:\/\/mayula.eu\/fr\/producto\/tableau-marin\/\" \/>\n<meta property=\"og:site_name\" content=\"Mayula Flores\" \/>\n<meta property=\"article:modified_time\" content=\"2021-11-22T01:08:11+00:00\" \/>\n<meta property=\"og:image\" content=\"https:\/\/mayula.eu\/wp-content\/uploads\/2021\/06\/IMG_1729.jpg\" \/>\n\t<meta property=\"og:image:width\" content=\"800\" \/>\n\t<meta property=\"og:image:height\" content=\"800\" \/>\n\t<meta property=\"og:image:type\" content=\"image\/jpeg\" \/>\n<meta name=\"twitter:card\" content=\"summary_large_image\" \/>\n<meta name=\"twitter:label1\" content=\"Est. reading time\" \/>\n\t<meta name=\"twitter:data1\" content=\"1 minute\" \/>\n<script type=\"application\/ld+json\" class=\"yoast-schema-graph\">{\"@context\":\"https:\/\/schema.org\",\"@graph\":[{\"@type\":\"WebPage\",\"@id\":\"https:\/\/mayula.eu\/fr\/producto\/tableau-marin\/\",\"url\":\"https:\/\/mayula.eu\/fr\/producto\/tableau-marin\/\",\"name\":\"Tableau marin. Mayula Flores . Envoie dans toute la France m\u00e9tropolitaine\",\"isPartOf\":{\"@id\":\"https:\/\/mayula.eu\/#website\"},\"primaryImageOfPage\":{\"@id\":\"https:\/\/mayula.eu\/fr\/producto\/tableau-marin\/#primaryimage\"},\"image\":{\"@id\":\"https:\/\/mayula.eu\/fr\/producto\/tableau-marin\/#primaryimage\"},\"thumbnailUrl\":\"https:\/\/mayula.eu\/wp-content\/uploads\/2021\/06\/IMG_1729.jpg\",\"datePublished\":\"2021-06-28T17:15:10+00:00\",\"dateModified\":\"2021-11-22T01:08:11+00:00\",\"description\":\"Ce tableau marin te plongera dans les profondeurs marine .Envoie dans toute la France metropolitaine et Espagne\",\"breadcrumb\":{\"@id\":\"https:\/\/mayula.eu\/fr\/producto\/tableau-marin\/#breadcrumb\"},\"inLanguage\":\"fr-FR\",\"potentialAction\":[{\"@type\":\"ReadAction\",\"target\":[\"https:\/\/mayula.eu\/fr\/producto\/tableau-marin\/\"]}]},{\"@type\":\"ImageObject\",\"inLanguage\":\"fr-FR\",\"@id\":\"https:\/\/mayula.eu\/fr\/producto\/tableau-marin\/#primaryimage\",\"url\":\"https:\/\/mayula.eu\/wp-content\/uploads\/2021\/06\/IMG_1729.jpg\",\"contentUrl\":\"https:\/\/mayula.eu\/wp-content\/uploads\/2021\/06\/IMG_1729.jpg\",\"width\":800,\"height\":800,\"caption\":\"Tableau marin Mayula Flores\"},{\"@type\":\"BreadcrumbList\",\"@id\":\"https:\/\/mayula.eu\/fr\/producto\/tableau-marin\/#breadcrumb\",\"itemListElement\":[{\"@type\":\"ListItem\",\"position\":1,\"name\":\"Portada\",\"item\":\"https:\/\/mayula.eu\/fr\/\"},{\"@type\":\"ListItem\",\"position\":2,\"name\":\"Boutique\",\"item\":\"https:\/\/mayula.eu\/fr\/boutique\/\"},{\"@type\":\"ListItem\",\"position\":3,\"name\":\"TABLEAU MARIN\"}]},{\"@type\":\"WebSite\",\"@id\":\"https:\/\/mayula.eu\/#website\",\"url\":\"https:\/\/mayula.eu\/\",\"name\":\"Mayula Flores\",\"description\":\"Florista . Env\u00edo domicilio\",\"potentialAction\":[{\"@type\":\"SearchAction\",\"target\":{\"@type\":\"EntryPoint\",\"urlTemplate\":\"https:\/\/mayula.eu\/?s={search_term_string}\"},\"query-input\":{\"@type\":\"PropertyValueSpecification\",\"valueRequired\":true,\"valueName\":\"search_term_string\"}}],\"inLanguage\":\"fr-FR\"}]}<\/script>\n<!-- \/ Yoast SEO plugin. -->","yoast_head_json":{"title":"Tableau marin. Mayula Flores . Envoie dans toute la France m\u00e9tropolitaine","description":"Ce tableau marin te plongera dans les profondeurs marine .Envoie dans toute la France metropolitaine et Espagne","robots":{"index":"index","follow":"follow","max-snippet":"max-snippet:-1","max-image-preview":"max-image-preview:large","max-video-preview":"max-video-preview:-1"},"canonical":"https:\/\/mayula.eu\/fr\/producto\/tableau-marin\/","og_locale":"fr_FR","og_type":"article","og_title":"Tableau marin. Mayula Flores . Envoie dans toute la France m\u00e9tropolitaine","og_description":"Ce tableau marin te plongera dans les profondeurs marine .Envoie dans toute la France metropolitaine et Espagne","og_url":"https:\/\/mayula.eu\/fr\/producto\/tableau-marin\/","og_site_name":"Mayula Flores","article_modified_time":"2021-11-22T01:08:11+00:00","og_image":[{"width":800,"height":800,"url":"https:\/\/mayula.eu\/wp-content\/uploads\/2021\/06\/IMG_1729.jpg","type":"image\/jpeg"}],"twitter_card":"summary_large_image","twitter_misc":{"Est. reading time":"1 minute"},"schema":{"@context":"https:\/\/schema.org","@graph":[{"@type":"WebPage","@id":"https:\/\/mayula.eu\/fr\/producto\/tableau-marin\/","url":"https:\/\/mayula.eu\/fr\/producto\/tableau-marin\/","name":"Tableau marin. Mayula Flores . Envoie dans toute la France m\u00e9tropolitaine","isPartOf":{"@id":"https:\/\/mayula.eu\/#website"},"primaryImageOfPage":{"@id":"https:\/\/mayula.eu\/fr\/producto\/tableau-marin\/#primaryimage"},"image":{"@id":"https:\/\/mayula.eu\/fr\/producto\/tableau-marin\/#primaryimage"},"thumbnailUrl":"https:\/\/mayula.eu\/wp-content\/uploads\/2021\/06\/IMG_1729.jpg","datePublished":"2021-06-28T17:15:10+00:00","dateModified":"2021-11-22T01:08:11+00:00","description":"Ce tableau marin te plongera dans les profondeurs marine .Envoie dans toute la France metropolitaine et Espagne","breadcrumb":{"@id":"https:\/\/mayula.eu\/fr\/producto\/tableau-marin\/#breadcrumb"},"inLanguage":"fr-FR","potentialAction":[{"@type":"ReadAction","target":["https:\/\/mayula.eu\/fr\/producto\/tableau-marin\/"]}]},{"@type":"ImageObject","inLanguage":"fr-FR","@id":"https:\/\/mayula.eu\/fr\/producto\/tableau-marin\/#primaryimage","url":"https:\/\/mayula.eu\/wp-content\/uploads\/2021\/06\/IMG_1729.jpg","contentUrl":"https:\/\/mayula.eu\/wp-content\/uploads\/2021\/06\/IMG_1729.jpg","width":800,"height":800,"caption":"Tableau marin Mayula Flores"},{"@type":"BreadcrumbList","@id":"https:\/\/mayula.eu\/fr\/producto\/tableau-marin\/#breadcrumb","itemListElement":[{"@type":"ListItem","position":1,"name":"Portada","item":"https:\/\/mayula.eu\/fr\/"},{"@type":"ListItem","position":2,"name":"Boutique","item":"https:\/\/mayula.eu\/fr\/boutique\/"},{"@type":"ListItem","position":3,"name":"TABLEAU MARIN"}]},{"@type":"WebSite","@id":"https:\/\/mayula.eu\/#website","url":"https:\/\/mayula.eu\/","name":"Mayula Flores","description":"Florista . Env\u00edo domicilio","potentialAction":[{"@type":"SearchAction","target":{"@type":"EntryPoint","urlTemplate":"https:\/\/mayula.eu\/?s={search_term_string}"},"query-input":{"@type":"PropertyValueSpecification","valueRequired":true,"valueName":"search_term_string"}}],"inLanguage":"fr-FR"}]}},"_links":{"self":[{"href":"https:\/\/mayula.eu\/fr\/wp-json\/wp\/v2\/product\/1194","targetHints":{"allow":["GET"]}}],"collection":[{"href":"https:\/\/mayula.eu\/fr\/wp-json\/wp\/v2\/product"}],"about":[{"href":"https:\/\/mayula.eu\/fr\/wp-json\/wp\/v2\/types\/product"}],"wp:featuredmedia":[{"embeddable":true,"href":"https:\/\/mayula.eu\/fr\/wp-json\/wp\/v2\/media\/817"}],"wp:attachment":[{"href":"https:\/\/mayula.eu\/fr\/wp-json\/wp\/v2\/media?parent=1194"}],"wp:term":[{"taxonomy":"product_brand","embeddable":true,"href":"https:\/\/mayula.eu\/fr\/wp-json\/wp\/v2\/product_brand?post=1194"},{"taxonomy":"product_cat","embeddable":true,"href":"https:\/\/mayula.eu\/fr\/wp-json\/wp\/v2\/product_cat?post=1194"},{"taxonomy":"product_tag","embeddable":true,"href":"https:\/\/mayula.eu\/fr\/wp-json\/wp\/v2\/product_tag?post=1194"}],"curies":[{"name":"wp","href":"https:\/\/api.w.org\/{rel}","templated":true}]}}