{"id":702,"date":"2017-11-30T09:30:48","date_gmt":"2017-11-30T09:30:48","guid":{"rendered":"https:\/\/mayula.eu\/contact\/"},"modified":"2021-11-13T21:34:16","modified_gmt":"2021-11-13T21:34:16","slug":"contact-mayula-flores","status":"publish","type":"page","link":"https:\/\/mayula.eu\/fr\/contact-mayula-flores\/","title":{"rendered":"Contact"},"content":{"rendered":"<div class=\"wpb-content-wrapper\"><p>[vc_row css_animation=&#8221;&#8221; row_type=&#8221;row&#8221; use_row_as_full_screen_section=&#8221;no&#8221; type=&#8221;grid&#8221; angled_section=&#8221;no&#8221; text_align=&#8221;center&#8221; background_image_as_pattern=&#8221;without_pattern&#8221; z_index=&#8221;&#8221;][vc_column][qode_elements_holder number_of_columns=&#8221;one_column&#8221;][qode_elements_holder_item advanced_animations=&#8221;no&#8221; item_padding=&#8221;162px 0px 0px&#8221; item_padding_600_768=&#8221;60px 0px 0px&#8221; item_padding_480_600=&#8221;60px 0px 0px&#8221; item_padding_480=&#8221;60px 0px 0px&#8221;][vc_single_image image=&#8221;8&#8243; img_size=&#8221;full&#8221; alignment=&#8221;center&#8221; qode_css_animation=&#8221;&#8221;][vc_empty_space height=&#8221;7px&#8221;][vc_column_text]<\/p>\n<h1>Contact<\/h1>\n<p>[\/vc_column_text][\/qode_elements_holder_item][\/qode_elements_holder][qode_elements_holder number_of_columns=&#8221;one_column&#8221;][qode_elements_holder_item advanced_animations=&#8221;no&#8221; item_padding=&#8221;17px 25% 96px&#8221; item_padding_1280_1440=&#8221;17px 25% 96px&#8221; item_padding_1024_1280=&#8221;17px 21% 96px&#8221; item_padding_768_1024=&#8221;17px 17% 96px&#8221; item_padding_600_768=&#8221;17px 0% 60px&#8221; item_padding_480_600=&#8221;17px 0% 60px&#8221; item_padding_480=&#8221;17px 0% 60px&#8221;][vc_column_text]<\/p>\n<h4>Pour ce dont vous avez besoin, vous m&#8217;avez ici.<\/h4>\n<p>[\/vc_column_text][\/qode_elements_holder_item][\/qode_elements_holder][\/vc_column][\/vc_row][vc_row css_animation=&#8221;&#8221; row_type=&#8221;row&#8221; use_row_as_full_screen_section=&#8221;no&#8221; type=&#8221;full_width&#8221; angled_section=&#8221;no&#8221; text_align=&#8221;left&#8221; background_image_as_pattern=&#8221;without_pattern&#8221; css=&#8221;.vc_custom_1512036544595{padding-bottom: 32px !important;}&#8221; z_index=&#8221;&#8221;][vc_column offset=&#8221;vc_col-md-6&#8243;][vc_single_image image=&#8221;566&#8243; img_size=&#8221;full&#8221; qode_css_animation=&#8221;&#8221;][vc_empty_space height=&#8221;52px&#8221;][\/vc_column][vc_column css=&#8221;.vc_custom_1509984789236{margin-top: -14px !important;}&#8221; offset=&#8221;vc_col-md-6&#8243;][vc_column_text]<\/p>\n<h1>Dis-moi quelque chose<\/h1>\n<p>[\/vc_column_text][vc_empty_space height=&#8221;14px&#8221;][vc_empty_space height=&#8221;14px&#8221;][vc_column_text]Remplissez le formulaire de contact suivant et je vous recontacterai dans les plus brefs d\u00e9lais. Vous pouvez \u00e9galement me contacter par t\u00e9l\u00e9phone ou whatsapp 06.56.09.49.56.[\/vc_column_text][vc_empty_space height=&#8221;26px&#8221;][vc_empty_space height=&#8221;26px&#8221;][vc_empty_space height=&#8221;26px&#8221;][vc_empty_space height=&#8221;26px&#8221;]\n<div class=\"wpcf7 no-js\" id=\"wpcf7-f1611-o1\" lang=\"fr-FR\" dir=\"ltr\" data-wpcf7-id=\"1611\">\n<div class=\"screen-reader-response\"><p role=\"status\" aria-live=\"polite\" aria-atomic=\"true\"><\/p> <ul><\/ul><\/div>\n<form action=\"\/fr\/wp-json\/wp\/v2\/pages\/702#wpcf7-f1611-o1\" method=\"post\" class=\"wpcf7-form init cf7_custom_style_1\" aria-label=\"Contact form\" novalidate=\"novalidate\" data-status=\"init\">\n<fieldset class=\"hidden-fields-container\"><input type=\"hidden\" name=\"_wpcf7\" value=\"1611\" \/><input type=\"hidden\" name=\"_wpcf7_version\" value=\"6.1.2\" \/><input type=\"hidden\" name=\"_wpcf7_locale\" value=\"fr_FR\" \/><input type=\"hidden\" name=\"_wpcf7_unit_tag\" value=\"wpcf7-f1611-o1\" \/><input type=\"hidden\" name=\"_wpcf7_container_post\" value=\"0\" \/><input type=\"hidden\" name=\"_wpcf7_posted_data_hash\" value=\"\" \/><input type=\"hidden\" name=\"_wpcf7_recaptcha_response\" value=\"\" \/>\n<\/fieldset>\n<div>\n\t<p><span class=\"wpcf7-form-control-wrap\" data-name=\"your-name\"><input size=\"40\" maxlength=\"400\" class=\"wpcf7-form-control wpcf7-text wpcf7-validates-as-required\" aria-required=\"true\" aria-invalid=\"false\" placeholder=\"Votre nom...\" value=\"\" type=\"text\" name=\"your-name\" \/><\/span>\n\t<\/p>\n<\/div>\n<div>\n\t<p><span class=\"wpcf7-form-control-wrap\" data-name=\"your-email\"><input size=\"40\" maxlength=\"400\" class=\"wpcf7-form-control wpcf7-email wpcf7-validates-as-required wpcf7-text wpcf7-validates-as-email\" aria-required=\"true\" aria-invalid=\"false\" placeholder=\"Email...\" value=\"\" type=\"email\" name=\"your-email\" \/><\/span>\n\t<\/p>\n<\/div>\n<div>\n\t<p><span class=\"wpcf7-form-control-wrap\" data-name=\"your-message\"><textarea cols=\"40\" rows=\"10\" maxlength=\"2000\" class=\"wpcf7-form-control wpcf7-textarea\" aria-invalid=\"false\" placeholder=\"Votre commentaire...\" name=\"your-message\"><\/textarea><\/span>\n\t<\/p>\n<\/div>\n<p><input class=\"wpcf7-form-control wpcf7-submit has-spinner\" type=\"submit\" value=\"Envoyer\" \/>\n<\/p><p style=\"display: none !important;\" class=\"akismet-fields-container\" data-prefix=\"_wpcf7_ak_\"><label>&#916;<textarea name=\"_wpcf7_ak_hp_textarea\" cols=\"45\" rows=\"8\" maxlength=\"100\"><\/textarea><\/label><input type=\"hidden\" id=\"ak_js_1\" name=\"_wpcf7_ak_js\" value=\"182\"\/><script>document.getElementById( \"ak_js_1\" ).setAttribute( \"value\", ( new Date() ).getTime() );<\/script><\/p><div class=\"wpcf7-response-output\" aria-hidden=\"true\"><\/div>\n<\/form>\n<\/div>\n[vc_empty_space height=&#8221;57px&#8221;][\/vc_column][\/vc_row]<\/p>\n<\/div>","protected":false},"excerpt":{"rendered":"<p>[vc_row css_animation=&#8221;&#8221; row_type=&#8221;row&#8221; use_row_as_full_screen_section=&#8221;no&#8221; type=&#8221;grid&#8221; angled_section=&#8221;no&#8221; text_align=&#8221;center&#8221; background_image_as_pattern=&#8221;without_pattern&#8221; z_index=&#8221;&#8221;][vc_column][qode_elements_holder number_of_columns=&#8221;one_column&#8221;][qode_elements_holder_item advanced_animations=&#8221;no&#8221; item_padding=&#8221;162px 0px 0px&#8221; item_padding_600_768=&#8221;60px 0px 0px&#8221; item_padding_480_600=&#8221;60px 0px 0px&#8221; item_padding_480=&#8221;60px 0px 0px&#8221;][vc_single_image image=&#8221;8&#8243; img_size=&#8221;full&#8221; alignment=&#8221;center&#8221; qode_css_animation=&#8221;&#8221;][vc_empty_space height=&#8221;7px&#8221;][vc_column_text] Contact [\/vc_column_text][\/qode_elements_holder_item][\/qode_elements_holder][qode_elements_holder number_of_columns=&#8221;one_column&#8221;][qode_elements_holder_item advanced_animations=&#8221;no&#8221; item_padding=&#8221;17px 25% 96px&#8221; item_padding_1280_1440=&#8221;17px 25% 96px&#8221; item_padding_1024_1280=&#8221;17px 21% 96px&#8221; item_padding_768_1024=&#8221;17px 17% 96px&#8221; item_padding_600_768=&#8221;17px&#8230;<\/p>\n","protected":false},"author":1,"featured_media":0,"parent":0,"menu_order":0,"comment_status":"closed","ping_status":"closed","template":"","meta":{"_joinchat":[],"footnotes":""},"class_list":["post-702","page","type-page","status-publish","hentry"],"yoast_head":"<!-- This site is optimized with the Yoast SEO plugin v26.1.1 - https:\/\/yoast.com\/wordpress\/plugins\/seo\/ -->\n<title>Contact-La petite Mayula<\/title>\n<meta name=\"description\" content=\"Contact La petite Mayula. Ll\u00e1manos al 06.58.09.49.56, env\u00edanos un mail a info@mayula.eu o por whatsapp y te asesoraremos encantadas.\" \/>\n<meta name=\"robots\" content=\"index, follow, max-snippet:-1, max-image-preview:large, max-video-preview:-1\" \/>\n<link rel=\"canonical\" href=\"https:\/\/mayula.eu\/fr\/contact-mayula-flores\/\" \/>\n<meta property=\"og:locale\" content=\"fr_FR\" \/>\n<meta property=\"og:type\" content=\"article\" \/>\n<meta property=\"og:title\" content=\"Contact-La petite Mayula\" \/>\n<meta property=\"og:description\" content=\"Contact La petite Mayula. Ll\u00e1manos al 06.58.09.49.56, env\u00edanos un mail a info@mayula.eu o por whatsapp y te asesoraremos encantadas.\" \/>\n<meta property=\"og:url\" content=\"https:\/\/mayula.eu\/fr\/contact-mayula-flores\/\" \/>\n<meta property=\"og:site_name\" content=\"Mayula Flores\" \/>\n<meta property=\"article:modified_time\" content=\"2021-11-13T21:34:16+00:00\" \/>\n<meta name=\"twitter:card\" content=\"summary_large_image\" \/>\n<meta name=\"twitter:label1\" content=\"Est. reading time\" \/>\n\t<meta name=\"twitter:data1\" content=\"1 minute\" \/>\n<script type=\"application\/ld+json\" class=\"yoast-schema-graph\">{\"@context\":\"https:\/\/schema.org\",\"@graph\":[{\"@type\":\"WebPage\",\"@id\":\"https:\/\/mayula.eu\/fr\/contact-mayula-flores\/\",\"url\":\"https:\/\/mayula.eu\/fr\/contact-mayula-flores\/\",\"name\":\"Contact-La petite Mayula\",\"isPartOf\":{\"@id\":\"https:\/\/mayula.eu\/#website\"},\"datePublished\":\"2017-11-30T09:30:48+00:00\",\"dateModified\":\"2021-11-13T21:34:16+00:00\",\"description\":\"Contact La petite Mayula. Ll\u00e1manos al 06.58.09.49.56, env\u00edanos un mail a info@mayula.eu o por whatsapp y te asesoraremos encantadas.\",\"breadcrumb\":{\"@id\":\"https:\/\/mayula.eu\/fr\/contact-mayula-flores\/#breadcrumb\"},\"inLanguage\":\"fr-FR\",\"potentialAction\":[{\"@type\":\"ReadAction\",\"target\":[\"https:\/\/mayula.eu\/fr\/contact-mayula-flores\/\"]}]},{\"@type\":\"BreadcrumbList\",\"@id\":\"https:\/\/mayula.eu\/fr\/contact-mayula-flores\/#breadcrumb\",\"itemListElement\":[{\"@type\":\"ListItem\",\"position\":1,\"name\":\"Portada\",\"item\":\"https:\/\/mayula.eu\/fr\/\"},{\"@type\":\"ListItem\",\"position\":2,\"name\":\"Contact\"}]},{\"@type\":\"WebSite\",\"@id\":\"https:\/\/mayula.eu\/#website\",\"url\":\"https:\/\/mayula.eu\/\",\"name\":\"Mayula Flores\",\"description\":\"Florista . Env\u00edo domicilio\",\"potentialAction\":[{\"@type\":\"SearchAction\",\"target\":{\"@type\":\"EntryPoint\",\"urlTemplate\":\"https:\/\/mayula.eu\/?s={search_term_string}\"},\"query-input\":{\"@type\":\"PropertyValueSpecification\",\"valueRequired\":true,\"valueName\":\"search_term_string\"}}],\"inLanguage\":\"fr-FR\"}]}<\/script>\n<!-- \/ Yoast SEO plugin. -->","yoast_head_json":{"title":"Contact-La petite Mayula","description":"Contact La petite Mayula. Ll\u00e1manos al 06.58.09.49.56, env\u00edanos un mail a info@mayula.eu o por whatsapp y te asesoraremos encantadas.","robots":{"index":"index","follow":"follow","max-snippet":"max-snippet:-1","max-image-preview":"max-image-preview:large","max-video-preview":"max-video-preview:-1"},"canonical":"https:\/\/mayula.eu\/fr\/contact-mayula-flores\/","og_locale":"fr_FR","og_type":"article","og_title":"Contact-La petite Mayula","og_description":"Contact La petite Mayula. Ll\u00e1manos al 06.58.09.49.56, env\u00edanos un mail a info@mayula.eu o por whatsapp y te asesoraremos encantadas.","og_url":"https:\/\/mayula.eu\/fr\/contact-mayula-flores\/","og_site_name":"Mayula Flores","article_modified_time":"2021-11-13T21:34:16+00:00","twitter_card":"summary_large_image","twitter_misc":{"Est. reading time":"1 minute"},"schema":{"@context":"https:\/\/schema.org","@graph":[{"@type":"WebPage","@id":"https:\/\/mayula.eu\/fr\/contact-mayula-flores\/","url":"https:\/\/mayula.eu\/fr\/contact-mayula-flores\/","name":"Contact-La petite Mayula","isPartOf":{"@id":"https:\/\/mayula.eu\/#website"},"datePublished":"2017-11-30T09:30:48+00:00","dateModified":"2021-11-13T21:34:16+00:00","description":"Contact La petite Mayula. Ll\u00e1manos al 06.58.09.49.56, env\u00edanos un mail a info@mayula.eu o por whatsapp y te asesoraremos encantadas.","breadcrumb":{"@id":"https:\/\/mayula.eu\/fr\/contact-mayula-flores\/#breadcrumb"},"inLanguage":"fr-FR","potentialAction":[{"@type":"ReadAction","target":["https:\/\/mayula.eu\/fr\/contact-mayula-flores\/"]}]},{"@type":"BreadcrumbList","@id":"https:\/\/mayula.eu\/fr\/contact-mayula-flores\/#breadcrumb","itemListElement":[{"@type":"ListItem","position":1,"name":"Portada","item":"https:\/\/mayula.eu\/fr\/"},{"@type":"ListItem","position":2,"name":"Contact"}]},{"@type":"WebSite","@id":"https:\/\/mayula.eu\/#website","url":"https:\/\/mayula.eu\/","name":"Mayula Flores","description":"Florista . Env\u00edo domicilio","potentialAction":[{"@type":"SearchAction","target":{"@type":"EntryPoint","urlTemplate":"https:\/\/mayula.eu\/?s={search_term_string}"},"query-input":{"@type":"PropertyValueSpecification","valueRequired":true,"valueName":"search_term_string"}}],"inLanguage":"fr-FR"}]}},"_links":{"self":[{"href":"https:\/\/mayula.eu\/fr\/wp-json\/wp\/v2\/pages\/702","targetHints":{"allow":["GET"]}}],"collection":[{"href":"https:\/\/mayula.eu\/fr\/wp-json\/wp\/v2\/pages"}],"about":[{"href":"https:\/\/mayula.eu\/fr\/wp-json\/wp\/v2\/types\/page"}],"author":[{"embeddable":true,"href":"https:\/\/mayula.eu\/fr\/wp-json\/wp\/v2\/users\/1"}],"replies":[{"embeddable":true,"href":"https:\/\/mayula.eu\/fr\/wp-json\/wp\/v2\/comments?post=702"}],"version-history":[{"count":29,"href":"https:\/\/mayula.eu\/fr\/wp-json\/wp\/v2\/pages\/702\/revisions"}],"predecessor-version":[{"id":1719,"href":"https:\/\/mayula.eu\/fr\/wp-json\/wp\/v2\/pages\/702\/revisions\/1719"}],"wp:attachment":[{"href":"https:\/\/mayula.eu\/fr\/wp-json\/wp\/v2\/media?parent=702"}],"curies":[{"name":"wp","href":"https:\/\/api.w.org\/{rel}","templated":true}]}}