{"id":109,"date":"2017-11-29T16:24:28","date_gmt":"2017-11-29T16:24:28","guid":{"rendered":"http:\/\/bridge117.qodeinteractive.com\/?page_id=109"},"modified":"2021-12-15T10:46:44","modified_gmt":"2021-12-15T10:46:44","slug":"a-propos-de-moi","status":"publish","type":"page","link":"https:\/\/mayula.eu\/fr\/a-propos-de-moi\/","title":{"rendered":"Equipe"},"content":{"rendered":"<div class=\"wpb-content-wrapper\"><p>[vc_row css_animation=&#8221;&#8221; row_type=&#8221;row&#8221; use_row_as_full_screen_section=&#8221;no&#8221; type=&#8221;grid&#8221; angled_section=&#8221;no&#8221; text_align=&#8221;center&#8221; background_image_as_pattern=&#8221;without_pattern&#8221; z_index=&#8221;&#8221;][vc_column][qode_elements_holder number_of_columns=&#8221;one_column&#8221;][qode_elements_holder_item advanced_animations=&#8221;no&#8221; item_padding=&#8221;88px 0px 0px&#8221; item_padding_600_768=&#8221;60px 0px 0px&#8221; item_padding_480_600=&#8221;60px 0px 0px&#8221; item_padding_480=&#8221;60px 0px 0px&#8221;][vc_single_image image=&#8221;309&#8243; img_size=&#8221;medium&#8221; alignment=&#8221;center&#8221; qode_css_animation=&#8221;&#8221;][\/qode_elements_holder_item][\/qode_elements_holder][\/vc_column][\/vc_row][vc_row css_animation=&#8221;&#8221; row_type=&#8221;row&#8221; use_row_as_full_screen_section=&#8221;no&#8221; type=&#8221;grid&#8221; angled_section=&#8221;no&#8221; text_align=&#8221;left&#8221; background_image_as_pattern=&#8221;without_pattern&#8221; css=&#8221;.vc_custom_1623054087866{margin-bottom: 60px !important;padding-top: 100px !important;padding-bottom: 100px !important;background-position: center !important;background-repeat: no-repeat !important;background-size: cover !important;}&#8221; z_index=&#8221;&#8221;][vc_column width=&#8221;1\/2&#8243;][vc_column_text]<\/p>\n<h4><strong>Je m&#8217;appelle <em>Marta&#8230;mais<\/em> tout le monde me connait sous le nom de <em>M<\/em><em>ayula<\/em><\/strong><\/h4>\n<p>[\/vc_column_text][vc_empty_space height=&#8221;22px&#8221;][vc_column_text]<span style=\"font-weight: 400;\"><strong>Mayula<\/strong><\/span> est un nom d\u2019origine africain , que j\u2019ai d\u00e9couvert lors d\u2019un voyage en Afrique , depuis 2002 l\u2019ouverture de mon magasin : Mayula flores, \u00e0 Zaragoza Espagne ,\u00a0 Mayula ne m\u2019a plus quitt\u00e9 .<\/p>\n<p>Place \u00e0 la petite histoire.<\/p>\n<p>La l\u00e9gende raconte qu\u2019une petite fille appel\u00e9e Mayula parlait aux baobab ,et que ces arbres mill\u00e9naires \u00e9tait la pour la guider et lui transmettre \u00a0tous leurs savoirs, les hommes sages du villages \u00e9coutaient et suivaient les conseils de la petite fille .<\/p>\n<p>Cette l\u00e9gende repr\u00e9sente pour moi les principaux piliers de mon m\u00e9tier de fleuriste et d&#8217;artisans.<\/p>\n<p>Observer et \u00e9couter la nature<\/p>\n<p>\u00catre curieux comme une petite fille<\/p>\n<p>Et se nourrir de l\u2019exp\u00e9rience et de la sagesse acquise tout long de ma profession, j\u2019exerce ce merveilleux m\u00e9tier depuis plus de 30 ans .<\/p>\n<p>Depuis 2020, j\u2019ai r\u00e9alis\u00e9 un changement radical dans ma vie, et je suis partie m\u2019installer en France, \u00e0 Hendaye plus pr\u00e9cis\u00e9ment.<\/p>\n<p>L\u2019unique et coupable de ce d\u00e9m\u00e9nagement n&#8217;est autre que l\u2019amour avec un grand A \u2026<\/p>\n<p>Oui, car en plus d\u2019\u00eatre observatrice et curieuse comme je vous le disais tout \u00e0\u00a0 l\u2019heure, je suis une grande et \u00e9ternelle romantique.<\/p>\n<p>La passion des fleurs fais partie de moi, c\u2019est pourquoi dans mon atelier \u00e0 Hendaye, je continue entour\u00e9e de fleurs et j\u2019ai recr\u00e9e mon espace vital et continu\u00e9 de cr\u00e9er dans ce bel endroit ..<\/p>\n<p>Je suis \u00e1 c\u00f4t\u00e9 de l\u2019Espagne, ce qui facilite mes envoies dans toutes la p\u00e9ninsule comme je le faisais auparavant ..[\/vc_column_text]<span class='q_social_icon_holder normal_social' data-color=#000000 data-hover-color=#dd3333><a itemprop='url' href='https:\/\/www.facebook.com\/Lapetitemayula' target='_self'><i class=\"qode_icon_font_awesome fa fa-facebook  simple_social\" style=\"color: #000000;font-size: 20px;\" ><\/i><\/a><\/span><span class='q_social_icon_holder normal_social' data-color=#000000 data-hover-color=#dd3333><a itemprop='url' href='https:\/\/www.instagram.com\/mayula.eu\/' target='_self'><i class=\"qode_icon_font_awesome fa fa-instagram  simple_social\" style=\"color: #000000;font-size: 20px;\" ><\/i><\/a><\/span><span class='q_social_icon_holder normal_social' data-color=#000000 data-hover-color=#dd3333><a itemprop='url' href='https:\/\/www.pinterest.es\/lapetitemayula\/' target='_self'><i class=\"qode_icon_font_awesome fa fa-pinterest  simple_social\" style=\"color: #000000;font-size: 20px;\" ><\/i><\/a><\/span>[\/vc_column][vc_column width=&#8221;1\/2&#8243; offset=&#8221;vc_col-md-5&#8243;][vc_single_image image=&#8221;213&#8243; img_size=&#8221;900&#215;600&#8243; qode_css_animation=&#8221;&#8221;][vc_empty_space height=&#8221;12px&#8221;][vc_single_image image=&#8221;1526&#8243; img_size=&#8221;900&#215;600&#8243; qode_css_animation=&#8221;&#8221;][\/vc_column][\/vc_row][vc_row css_animation=&#8221;&#8221; row_type=&#8221;row&#8221; use_row_as_full_screen_section=&#8221;no&#8221; type=&#8221;grid&#8221; angled_section=&#8221;no&#8221; text_align=&#8221;center&#8221; background_image_as_pattern=&#8221;without_pattern&#8221; z_index=&#8221;&#8221;][vc_column][qode_elements_holder number_of_columns=&#8221;one_column&#8221;][qode_elements_holder_item advanced_animations=&#8221;no&#8221; item_padding=&#8221;88px 0px 0px&#8221; item_padding_600_768=&#8221;60px 0px 0px&#8221; item_padding_480_600=&#8221;60px 0px 0px&#8221; item_padding_480=&#8221;60px 0px 0px&#8221;][vc_single_image image=&#8221;1606&#8243; img_size=&#8221;medium&#8221; alignment=&#8221;center&#8221; qode_css_animation=&#8221;&#8221;][\/qode_elements_holder_item][\/qode_elements_holder][\/vc_column][\/vc_row][vc_row css_animation=&#8221;&#8221; row_type=&#8221;row&#8221; use_row_as_full_screen_section=&#8221;no&#8221; type=&#8221;grid&#8221; angled_section=&#8221;no&#8221; text_align=&#8221;left&#8221; background_image_as_pattern=&#8221;without_pattern&#8221; css=&#8221;.vc_custom_1623054087866{margin-bottom: 60px !important;padding-top: 100px !important;padding-bottom: 100px !important;background-position: center !important;background-repeat: no-repeat !important;background-size: cover !important;}&#8221; z_index=&#8221;&#8221;][vc_column width=&#8221;1\/2&#8243;][vc_empty_space][vc_empty_space][vc_single_image image=&#8221;1101&#8243; img_size=&#8221;large&#8221; alignment=&#8221;right&#8221; qode_css_animation=&#8221;&#8221;][\/vc_column][vc_column width=&#8221;1\/2&#8243; offset=&#8221;vc_col-md-5&#8243;][vc_column_text]<\/p>\n<h2>1,2,3&#8230;Cailloux<\/h2>\n<p>&nbsp;<\/p>\n<p>Qui se cache derri\u00e8re 123 cailloux ? Marta et Incarnation ou Incar pour les fain\u00e9ants.<\/p>\n<p>Deux personnalit\u00e9s compl\u00e8tement diff\u00e9rentes mais si compl\u00e9mentaire.<\/p>\n<p>1,2,3&#8230;Cailloux est n\u00e9e d\u2019un projet commun, anim\u00e9 par la passion de cr\u00e9e mais sans perdre le c\u00f4t\u00e9 ludique dans la cr\u00e9ation.<\/p>\n<p>Nous avons des fa\u00e7ons diff\u00e9rentes d\u2019\u00e9laborer nos petits cadres, mais nous nous rejoignions toujours dans le souci de faire des choses simples mais efficace,<\/p>\n<p>Si l\u2019on observe de pr\u00e8s les petits cadres vous verrez qu\u2019ils sont diff\u00e9rents, chaque cr\u00e9ation refl\u00e8te vraiment une partie de nous.<\/p>\n<p>Des fois ils nous arrivent d\u2019en cr\u00e9er ensemble et au final c\u2019est que l\u2019on pr\u00e9f\u00e8re.<\/p>\n<p>Toutes les cr\u00e9ations sont des pi\u00e8ces uniques fait avec beaucoup de tendresse.<\/p>\n<p>Notre souhait c\u2019est qu\u2019ils provoquent des \u00e9motions des sourires, une sensation \u2026<\/p>\n<p>Si tu d\u00e9cides d\u2019adopter un de nos petit cadres, pour toi ou pour offrir, sache qu\u2019on lui fait une petite f\u00eate d\u2019adieux, sniff (on les trouve tous touchant)<\/p>\n<p>On l\u2019habille sur son 31 (nous emballons avec beaucoup de tendresse tous nos paquet) et l\u00e0 on est pr\u00eate et heureuse a le laisse partir, \u00e0 le laisser prendre son envol pour qu\u2019il trouve sa place dans une nouvelle maison et une nouvelle vie \u2026[\/vc_column_text]<span class='q_social_icon_holder normal_social' data-color=#000000 data-hover-color=#dd3333><a itemprop='url' href='https:\/\/www.facebook.com\/123.cailloux' target='_self'><i class=\"qode_icon_font_awesome fa fa-facebook  simple_social\" style=\"color: #000000;font-size: 20px;\" ><\/i><\/a><\/span><span class='q_social_icon_holder normal_social' data-color=#000000 data-hover-color=#dd3333><a itemprop='url' href='https:\/\/www.instagram.com\/123.cailloux\/' target='_self'><i class=\"qode_icon_font_awesome fa fa-instagram  simple_social\" style=\"color: #000000;font-size: 20px;\" ><\/i><\/a><\/span>[\/vc_column][\/vc_row][vc_row css_animation=&#8221;&#8221; row_type=&#8221;row&#8221; use_row_as_full_screen_section=&#8221;no&#8221; type=&#8221;full_width&#8221; angled_section=&#8221;no&#8221; text_align=&#8221;left&#8221; background_image_as_pattern=&#8221;without_pattern&#8221;][vc_column][vc_single_image image=&#8221;308&#8243; alignment=&#8221;center&#8221; qode_css_animation=&#8221;&#8221;][\/vc_column][\/vc_row][vc_row css_animation=&#8221;&#8221; row_type=&#8221;row&#8221; use_row_as_full_screen_section=&#8221;no&#8221; type=&#8221;grid&#8221; angled_section=&#8221;no&#8221; text_align=&#8221;center&#8221; background_image_as_pattern=&#8221;without_pattern&#8221; z_index=&#8221;&#8221; css=&#8221;.vc_custom_1512643023855{padding-top: 12px !important;padding-bottom: 115px !important;}&#8221;][vc_column][vc_column_text]<\/p>\n<h1>Inscrivez vous \u00e1 notre newsletter<\/h1>\n<p>[\/vc_column_text][qode_elements_holder number_of_columns=&#8221;one_column&#8221;][qode_elements_holder_item advanced_animations=&#8221;no&#8221; item_padding=&#8221;17px 25% 0px&#8221; item_padding_1280_1440=&#8221;17px 25% 0px&#8221; item_padding_1024_1280=&#8221;17px 21% 0px&#8221; item_padding_768_1024=&#8221;17px 17% 0px&#8221; item_padding_600_768=&#8221;17px 0% 0px&#8221; item_padding_480_600=&#8221;17px 0% 0px&#8221; item_padding_480=&#8221;17px 0% 0px&#8221;][vc_column_text]<\/p>\n<h4>Parce que les fleurs sont source de notre inspiration pour cre\u00e9r des jolies souvenirs<\/h4>\n<p>[\/vc_column_text][vc_empty_space height=&#8221;30px&#8221;]\n<div class=\"wpcf7 no-js\" id=\"wpcf7-f1613-o1\" lang=\"fr-FR\" dir=\"ltr\" data-wpcf7-id=\"1613\">\n<div class=\"screen-reader-response\"><p role=\"status\" aria-live=\"polite\" aria-atomic=\"true\"><\/p> <ul><\/ul><\/div>\n<form action=\"\/fr\/wp-json\/wp\/v2\/pages\/109#wpcf7-f1613-o1\" method=\"post\" class=\"wpcf7-form init cf7_custom_style_2\" aria-label=\"Contact form\" novalidate=\"novalidate\" data-status=\"init\">\n<fieldset class=\"hidden-fields-container\"><input type=\"hidden\" name=\"_wpcf7\" value=\"1613\" \/><input type=\"hidden\" name=\"_wpcf7_version\" value=\"6.1.2\" \/><input type=\"hidden\" name=\"_wpcf7_locale\" value=\"fr_FR\" \/><input type=\"hidden\" name=\"_wpcf7_unit_tag\" value=\"wpcf7-f1613-o1\" \/><input type=\"hidden\" name=\"_wpcf7_container_post\" value=\"0\" \/><input type=\"hidden\" name=\"_wpcf7_posted_data_hash\" value=\"\" \/><input type=\"hidden\" name=\"_wpcf7_recaptcha_response\" value=\"\" \/>\n<\/fieldset>\n<div class=\"two_columns_form_without_space\">\n\t<div class=\"column_left\">\n\t\t<p><span class=\"wpcf7-form-control-wrap\" data-name=\"your-email\"><input size=\"40\" maxlength=\"400\" class=\"wpcf7-form-control wpcf7-email wpcf7-validates-as-required wpcf7-text wpcf7-validates-as-email\" aria-required=\"true\" aria-invalid=\"false\" placeholder=\"Votre Email...\" value=\"\" type=\"email\" name=\"your-email\" \/><\/span>\n\t\t<\/p>\n\t<\/div>\n\t<div class=\"column_right\">\n\t\t<p><input class=\"wpcf7-form-control wpcf7-submit has-spinner\" type=\"submit\" value=\"S&#039;abonner\" \/>\n\t\t<\/p>\n\t<\/div>\n<\/div><p style=\"display: none !important;\" class=\"akismet-fields-container\" data-prefix=\"_wpcf7_ak_\"><label>&#916;<textarea name=\"_wpcf7_ak_hp_textarea\" cols=\"45\" rows=\"8\" maxlength=\"100\"><\/textarea><\/label><input type=\"hidden\" id=\"ak_js_1\" name=\"_wpcf7_ak_js\" value=\"234\"\/><script>document.getElementById( \"ak_js_1\" ).setAttribute( \"value\", ( new Date() ).getTime() );<\/script><\/p><div class=\"wpcf7-response-output\" aria-hidden=\"true\"><\/div>\n<\/form>\n<\/div>\n[\/qode_elements_holder_item][\/qode_elements_holder][\/vc_column][\/vc_row]<\/p>\n<\/div>","protected":false},"excerpt":{"rendered":"<p>[vc_row css_animation=&#8221;&#8221; row_type=&#8221;row&#8221; use_row_as_full_screen_section=&#8221;no&#8221; type=&#8221;grid&#8221; angled_section=&#8221;no&#8221; text_align=&#8221;center&#8221; background_image_as_pattern=&#8221;without_pattern&#8221; z_index=&#8221;&#8221;][vc_column][qode_elements_holder number_of_columns=&#8221;one_column&#8221;][qode_elements_holder_item advanced_animations=&#8221;no&#8221; item_padding=&#8221;88px 0px 0px&#8221; item_padding_600_768=&#8221;60px 0px 0px&#8221; item_padding_480_600=&#8221;60px 0px 0px&#8221; item_padding_480=&#8221;60px 0px 0px&#8221;][vc_single_image image=&#8221;309&#8243; img_size=&#8221;medium&#8221; alignment=&#8221;center&#8221; qode_css_animation=&#8221;&#8221;][\/qode_elements_holder_item][\/qode_elements_holder][\/vc_column][\/vc_row][vc_row css_animation=&#8221;&#8221; row_type=&#8221;row&#8221; use_row_as_full_screen_section=&#8221;no&#8221; type=&#8221;grid&#8221; angled_section=&#8221;no&#8221; text_align=&#8221;left&#8221; background_image_as_pattern=&#8221;without_pattern&#8221; css=&#8221;.vc_custom_1623054087866{margin-bottom: 60px !important;padding-top: 100px !important;padding-bottom: 100px !important;background-position: center !important;background-repeat: no-repeat !important;background-size:&#8230;<\/p>\n","protected":false},"author":1,"featured_media":0,"parent":0,"menu_order":0,"comment_status":"closed","ping_status":"closed","template":"full_width.php","meta":{"_joinchat":{"telephone":"+34653774413"},"footnotes":""},"class_list":["post-109","page","type-page","status-publish","hentry"],"yoast_head":"<!-- This site is optimized with the Yoast SEO plugin v26.1.1 - https:\/\/yoast.com\/wordpress\/plugins\/seo\/ -->\n<title>Equipe-La petite Mayula<\/title>\n<meta name=\"description\" content=\"Mayula artisan fleuriste. Tout fait maison, pieces uniques. Hendaye ( Pays Basque) Envoi France metropolitaine et Espagne.\" \/>\n<meta name=\"robots\" content=\"index, follow, max-snippet:-1, max-image-preview:large, max-video-preview:-1\" \/>\n<link rel=\"canonical\" href=\"https:\/\/mayula.eu\/fr\/a-propos-de-moi\/\" \/>\n<meta property=\"og:locale\" content=\"fr_FR\" \/>\n<meta property=\"og:type\" content=\"article\" \/>\n<meta property=\"og:title\" content=\"Equipe-La petite Mayula\" \/>\n<meta property=\"og:description\" content=\"Mayula artisan fleuriste. Tout fait maison, pieces uniques. Hendaye ( Pays Basque) Envoi France metropolitaine et Espagne.\" \/>\n<meta property=\"og:url\" content=\"https:\/\/mayula.eu\/fr\/a-propos-de-moi\/\" \/>\n<meta property=\"og:site_name\" content=\"Mayula Flores\" \/>\n<meta property=\"article:modified_time\" content=\"2021-12-15T10:46:44+00:00\" \/>\n<meta name=\"twitter:card\" content=\"summary_large_image\" \/>\n<meta name=\"twitter:label1\" content=\"Est. reading time\" \/>\n\t<meta name=\"twitter:data1\" content=\"3 minutes\" \/>\n<script type=\"application\/ld+json\" class=\"yoast-schema-graph\">{\"@context\":\"https:\/\/schema.org\",\"@graph\":[{\"@type\":\"WebPage\",\"@id\":\"https:\/\/mayula.eu\/fr\/a-propos-de-moi\/\",\"url\":\"https:\/\/mayula.eu\/fr\/a-propos-de-moi\/\",\"name\":\"Equipe-La petite Mayula\",\"isPartOf\":{\"@id\":\"https:\/\/mayula.eu\/#website\"},\"datePublished\":\"2017-11-29T16:24:28+00:00\",\"dateModified\":\"2021-12-15T10:46:44+00:00\",\"description\":\"Mayula artisan fleuriste. Tout fait maison, pieces uniques. Hendaye ( Pays Basque) Envoi France metropolitaine et Espagne.\",\"breadcrumb\":{\"@id\":\"https:\/\/mayula.eu\/fr\/a-propos-de-moi\/#breadcrumb\"},\"inLanguage\":\"fr-FR\",\"potentialAction\":[{\"@type\":\"ReadAction\",\"target\":[\"https:\/\/mayula.eu\/fr\/a-propos-de-moi\/\"]}]},{\"@type\":\"BreadcrumbList\",\"@id\":\"https:\/\/mayula.eu\/fr\/a-propos-de-moi\/#breadcrumb\",\"itemListElement\":[{\"@type\":\"ListItem\",\"position\":1,\"name\":\"Portada\",\"item\":\"https:\/\/mayula.eu\/fr\/\"},{\"@type\":\"ListItem\",\"position\":2,\"name\":\"Equipe\"}]},{\"@type\":\"WebSite\",\"@id\":\"https:\/\/mayula.eu\/#website\",\"url\":\"https:\/\/mayula.eu\/\",\"name\":\"Mayula Flores\",\"description\":\"Florista . Env\u00edo domicilio\",\"potentialAction\":[{\"@type\":\"SearchAction\",\"target\":{\"@type\":\"EntryPoint\",\"urlTemplate\":\"https:\/\/mayula.eu\/?s={search_term_string}\"},\"query-input\":{\"@type\":\"PropertyValueSpecification\",\"valueRequired\":true,\"valueName\":\"search_term_string\"}}],\"inLanguage\":\"fr-FR\"}]}<\/script>\n<!-- \/ Yoast SEO plugin. -->","yoast_head_json":{"title":"Equipe-La petite Mayula","description":"Mayula artisan fleuriste. Tout fait maison, pieces uniques. Hendaye ( Pays Basque) Envoi France metropolitaine et Espagne.","robots":{"index":"index","follow":"follow","max-snippet":"max-snippet:-1","max-image-preview":"max-image-preview:large","max-video-preview":"max-video-preview:-1"},"canonical":"https:\/\/mayula.eu\/fr\/a-propos-de-moi\/","og_locale":"fr_FR","og_type":"article","og_title":"Equipe-La petite Mayula","og_description":"Mayula artisan fleuriste. Tout fait maison, pieces uniques. Hendaye ( Pays Basque) Envoi France metropolitaine et Espagne.","og_url":"https:\/\/mayula.eu\/fr\/a-propos-de-moi\/","og_site_name":"Mayula Flores","article_modified_time":"2021-12-15T10:46:44+00:00","twitter_card":"summary_large_image","twitter_misc":{"Est. reading time":"3 minutes"},"schema":{"@context":"https:\/\/schema.org","@graph":[{"@type":"WebPage","@id":"https:\/\/mayula.eu\/fr\/a-propos-de-moi\/","url":"https:\/\/mayula.eu\/fr\/a-propos-de-moi\/","name":"Equipe-La petite Mayula","isPartOf":{"@id":"https:\/\/mayula.eu\/#website"},"datePublished":"2017-11-29T16:24:28+00:00","dateModified":"2021-12-15T10:46:44+00:00","description":"Mayula artisan fleuriste. Tout fait maison, pieces uniques. Hendaye ( Pays Basque) Envoi France metropolitaine et Espagne.","breadcrumb":{"@id":"https:\/\/mayula.eu\/fr\/a-propos-de-moi\/#breadcrumb"},"inLanguage":"fr-FR","potentialAction":[{"@type":"ReadAction","target":["https:\/\/mayula.eu\/fr\/a-propos-de-moi\/"]}]},{"@type":"BreadcrumbList","@id":"https:\/\/mayula.eu\/fr\/a-propos-de-moi\/#breadcrumb","itemListElement":[{"@type":"ListItem","position":1,"name":"Portada","item":"https:\/\/mayula.eu\/fr\/"},{"@type":"ListItem","position":2,"name":"Equipe"}]},{"@type":"WebSite","@id":"https:\/\/mayula.eu\/#website","url":"https:\/\/mayula.eu\/","name":"Mayula Flores","description":"Florista . Env\u00edo domicilio","potentialAction":[{"@type":"SearchAction","target":{"@type":"EntryPoint","urlTemplate":"https:\/\/mayula.eu\/?s={search_term_string}"},"query-input":{"@type":"PropertyValueSpecification","valueRequired":true,"valueName":"search_term_string"}}],"inLanguage":"fr-FR"}]}},"_links":{"self":[{"href":"https:\/\/mayula.eu\/fr\/wp-json\/wp\/v2\/pages\/109","targetHints":{"allow":["GET"]}}],"collection":[{"href":"https:\/\/mayula.eu\/fr\/wp-json\/wp\/v2\/pages"}],"about":[{"href":"https:\/\/mayula.eu\/fr\/wp-json\/wp\/v2\/types\/page"}],"author":[{"embeddable":true,"href":"https:\/\/mayula.eu\/fr\/wp-json\/wp\/v2\/users\/1"}],"replies":[{"embeddable":true,"href":"https:\/\/mayula.eu\/fr\/wp-json\/wp\/v2\/comments?post=109"}],"version-history":[{"count":62,"href":"https:\/\/mayula.eu\/fr\/wp-json\/wp\/v2\/pages\/109\/revisions"}],"predecessor-version":[{"id":1979,"href":"https:\/\/mayula.eu\/fr\/wp-json\/wp\/v2\/pages\/109\/revisions\/1979"}],"wp:attachment":[{"href":"https:\/\/mayula.eu\/fr\/wp-json\/wp\/v2\/media?parent=109"}],"curies":[{"name":"wp","href":"https:\/\/api.w.org\/{rel}","templated":true}]}}